{"id":308,"date":"2020-01-13T11:17:52","date_gmt":"2020-01-13T11:17:52","guid":{"rendered":"https:\/\/demosites.io\/web-agency-gb\/?page_id=5"},"modified":"2022-05-18T08:35:42","modified_gmt":"2022-05-18T08:35:42","slug":"15c42-web-agency-gb-home","status":"publish","type":"page","link":"https:\/\/janik-autosiskola.hu\/","title":{"rendered":"Kezd\u0151oldal"},"content":{"rendered":"\n<div class=\"wp-block-image\"><figure class=\"aligncenter size-large is-resized\"><img loading=\"lazy\" decoding=\"async\" src=\"https:\/\/janik-autosiskola.hu\/wp-content\/uploads\/2022\/04\/Janik-Autosiskola-fali-ponyva-2021-01-003-1024x478.jpg\" alt=\"\" class=\"wp-image-359\" width=\"1170\" height=\"544\" srcset=\"https:\/\/janik-autosiskola.hu\/wp-content\/uploads\/2022\/04\/Janik-Autosiskola-fali-ponyva-2021-01-003-300x140.jpg 300w, https:\/\/janik-autosiskola.hu\/wp-content\/uploads\/2022\/04\/Janik-Autosiskola-fali-ponyva-2021-01-003-768x358.jpg 768w\" sizes=\"auto, (max-width: 1170px) 100vw, 1170px\" \/><\/figure><\/div>\n\n\n\n<div style=\"height:80px\" aria-hidden=\"true\" class=\"wp-block-spacer\"><\/div>\n\n\n\n<div class=\"wp-block-columns is-layout-flex wp-container-core-columns-is-layout-9d6595d7 wp-block-columns-is-layout-flex\">\n<div class=\"wp-block-column is-vertically-aligned-top is-layout-flow wp-block-column-is-layout-flow\">\n<div class=\"wp-block-image icon-style is-style-default\"><figure class=\"aligncenter size-full is-resized\"><img decoding=\"async\" src=\"https:\/\/janik-autosiskola.hu\/wp-content\/uploads\/2022\/04\/accessOnline-512.webp\" alt=\"\" class=\"wp-image-576\" width=\"100\" title=\"\" srcset=\"https:\/\/janik-autosiskola.hu\/wp-content\/uploads\/2022\/04\/accessOnline-512.webp 512w, https:\/\/janik-autosiskola.hu\/wp-content\/uploads\/2022\/04\/accessOnline-512-300x300.webp 300w, https:\/\/janik-autosiskola.hu\/wp-content\/uploads\/2022\/04\/accessOnline-512-150x150.webp 150w\" sizes=\"(max-width: 512px) 100vw, 512px\" \/><\/figure><\/div>\n\n\n\n<h3 class=\"has-text-align-center has-neve-text-color-color has-text-color wp-block-heading\">Online jelentkez\u00e9s<\/h3>\n\n\n\n<div class=\"wp-block-buttons is-vertical is-content-justification-center is-layout-flex wp-container-core-buttons-is-layout-4b2eccd6 wp-block-buttons-is-layout-flex\">\n<div class=\"wp-block-button aligncenter has-custom-font-size\" style=\"font-size:17px\"><a class=\"wp-block-button__link\" href=\"https:\/\/janik-autosiskola.hu\/?page_id=75\" target=\"_blank\" rel=\"noreferrer noopener\">R\u00e9szletek\u00e9rt kattints ide<\/a><\/div>\n<\/div>\n\n\n\n<div style=\"height:20px\" aria-hidden=\"true\" class=\"wp-block-spacer\"><\/div>\n<\/div>\n\n\n\n<div class=\"wp-block-column is-layout-flow wp-block-column-is-layout-flow\">\n<div class=\"wp-block-image is-style-default\"><figure class=\"aligncenter size-full is-resized\"><img decoding=\"async\" src=\"https:\/\/janik-autosiskola.hu\/wp-content\/uploads\/2022\/04\/course.jpg\" alt=\"\" class=\"wp-image-579\" width=\"100\" srcset=\"https:\/\/janik-autosiskola.hu\/wp-content\/uploads\/2022\/04\/course.jpg 820w, https:\/\/janik-autosiskola.hu\/wp-content\/uploads\/2022\/04\/course-300x300.jpg 300w, https:\/\/janik-autosiskola.hu\/wp-content\/uploads\/2022\/04\/course-150x150.jpg 150w, https:\/\/janik-autosiskola.hu\/wp-content\/uploads\/2022\/04\/course-768x766.jpg 768w\" sizes=\"(max-width: 820px) 100vw, 820px\" \/><\/figure><\/div>\n\n\n\n<h3 class=\"has-text-align-center wp-block-heading\"><strong>Indul\u00f3 Tanfolyamok<\/strong><\/h3>\n\n\n\n<div class=\"wp-block-buttons is-layout-flex wp-block-buttons-is-layout-flex\">\n<div class=\"wp-block-button aligncenter\"><a class=\"wp-block-button__link\" href=\"https:\/\/janik-autosiskola.hu\/?page_id=307\" target=\"_blank\" rel=\"noreferrer noopener\">Tov\u00e1bbi r\u00e9szletek<\/a><\/div>\n<\/div>\n<\/div>\n\n\n\n<div class=\"wp-block-column is-layout-flow wp-block-column-is-layout-flow\">\n<div class=\"wp-block-image icon-style is-style-default\"><figure class=\"aligncenter size-full is-resized\"><img decoding=\"async\" src=\"https:\/\/janik-autosiskola.hu\/wp-content\/uploads\/2022\/04\/license.jpg\" alt=\"\" class=\"wp-image-578\" width=\"100\" srcset=\"https:\/\/janik-autosiskola.hu\/wp-content\/uploads\/2022\/04\/license.jpg 800w, https:\/\/janik-autosiskola.hu\/wp-content\/uploads\/2022\/04\/license-300x210.jpg 300w, https:\/\/janik-autosiskola.hu\/wp-content\/uploads\/2022\/04\/license-768x538.jpg 768w\" sizes=\"(max-width: 800px) 100vw, 800px\" \/><\/figure><\/div>\n\n\n\n<h3 class=\"has-text-align-center has-neve-text-color-color has-text-color wp-block-heading\">Kateg\u00f3ri\u00e1k<\/h3>\n\n\n\n<div class=\"wp-block-buttons is-content-justification-center is-layout-flex wp-container-core-buttons-is-layout-16018d1d wp-block-buttons-is-layout-flex\">\n<div class=\"wp-block-button\"><a class=\"wp-block-button__link\" href=\"https:\/\/janik-autosiskola.hu\/?page_id=416\" target=\"_blank\" rel=\"noreferrer noopener\">B<\/a><\/div>\n\n\n\n<div class=\"wp-block-button is-style-default\"><a class=\"wp-block-button__link\" href=\"https:\/\/janik-autosiskola.hu\/?page_id=414\" target=\"_blank\" rel=\"noreferrer noopener\">AM<\/a><\/div>\n\n\n\n<div class=\"wp-block-button\"><a class=\"wp-block-button__link\" href=\"https:\/\/janik-autosiskola.hu\/?page_id=408\" target=\"_blank\" rel=\"noreferrer noopener\">A1<\/a><\/div>\n\n\n\n<div class=\"wp-block-button\"><a class=\"wp-block-button__link\" href=\"https:\/\/janik-autosiskola.hu\/?page_id=410\" target=\"_blank\" rel=\"noreferrer noopener\">A2<\/a><\/div>\n\n\n\n<div class=\"wp-block-button\"><a class=\"wp-block-button__link\" href=\"https:\/\/janik-autosiskola.hu\/?page_id=406\" target=\"_blank\" rel=\"noreferrer noopener\">A<\/a><\/div>\n\n\n\n<div class=\"wp-block-button\"><a class=\"wp-block-button__link\" href=\"https:\/\/janik-autosiskola.hu\/?page_id=420\" target=\"_blank\" rel=\"noreferrer noopener\">C<\/a><\/div>\n\n\n\n<div class=\"wp-block-button\"><a class=\"wp-block-button__link\" href=\"https:\/\/janik-autosiskola.hu\/?page_id=422\" target=\"_blank\" rel=\"noreferrer noopener\">CE<\/a><\/div>\n\n\n\n<div class=\"wp-block-button\"><a class=\"wp-block-button__link\" href=\"https:\/\/janik-autosiskola.hu\/?page_id=424\" target=\"_blank\" rel=\"noreferrer noopener\">D<\/a><\/div>\n\n\n\n<div class=\"wp-block-button\"><a class=\"wp-block-button__link\" href=\"https:\/\/janik-autosiskola.hu\/?page_id=418\" target=\"_blank\" rel=\"noreferrer noopener\">BE<\/a><\/div>\n<\/div>\n<\/div>\n<\/div>\n\n\n\n<div class=\"wp-block-cover alignfull\" style=\"min-height:600px;aspect-ratio:unset;\"><span aria-hidden=\"true\" class=\"has-nv-light-bg-background-color has-background-dim-100 wp-block-cover__gradient-background has-background-dim\"><\/span><div class=\"wp-block-cover__inner-container is-layout-flow wp-block-cover-is-layout-flow\">\n<div class=\"wp-block-group\"><div class=\"wp-block-group__inner-container is-layout-flow wp-block-group-is-layout-flow\">\n<div class=\"wp-block-columns are-vertically-aligned-center is-layout-flex wp-container-core-columns-is-layout-9d6595d7 wp-block-columns-is-layout-flex\">\n<div class=\"wp-block-column is-vertically-aligned-center is-layout-flow wp-block-column-is-layout-flow\" style=\"flex-basis:50%\">\n<figure class=\"wp-block-image size-full\"><img loading=\"lazy\" decoding=\"async\" width=\"691\" height=\"461\" src=\"https:\/\/janik-autosiskola.hu\/wp-content\/uploads\/2022\/04\/t11.jpg\" alt=\"\" class=\"wp-image-499\" srcset=\"https:\/\/janik-autosiskola.hu\/wp-content\/uploads\/2022\/04\/t11.jpg 691w, https:\/\/janik-autosiskola.hu\/wp-content\/uploads\/2022\/04\/t11-300x200.jpg 300w\" sizes=\"auto, (max-width: 691px) 100vw, 691px\" \/><\/figure>\n<\/div>\n\n\n\n<div class=\"wp-block-column is-vertically-aligned-center is-layout-flow wp-block-column-is-layout-flow\" style=\"flex-basis:50%\">\n<div style=\"height:20px\" aria-hidden=\"true\" class=\"wp-block-spacer\"><\/div>\n\n\n\n<h2 class=\"has-text-align-left has-neve-text-color-color has-text-color wp-block-heading\">E-learning lehet\u0151s\u00e9g<\/h2>\n\n\n\n<p class=\"has-text-align-left has-neve-text-color-color has-text-color\" style=\"font-size:17px\">Csin\u00e1lj k\u00e9nyelmesen KRESZ vizsg\u00e1t!<\/p>\n\n\n\n<div class=\"wp-block-buttons is-horizontal is-content-justification-left is-layout-flex wp-container-core-buttons-is-layout-7e5fce0a wp-block-buttons-is-layout-flex\">\n<div class=\"wp-block-button is-style-primary\"><a class=\"wp-block-button__link\" href=\"https:\/\/janik-autosiskola.hu\/?page_id=451\" target=\"_blank\" rel=\"noreferrer noopener\">R\u00e9szletek<\/a><\/div>\n<\/div>\n<\/div>\n<\/div>\n<\/div><\/div>\n<\/div><\/div>\n\n\n\n<div class=\"wp-block-cover alignfull\" style=\"min-height:300px;aspect-ratio:unset;\"><span aria-hidden=\"true\" class=\"has-nv-dark-bg-background-color has-background-dim-100 wp-block-cover__gradient-background has-background-dim\"><\/span><div class=\"wp-block-cover__inner-container is-layout-flow wp-block-cover-is-layout-flow\">\n<div style=\"height:140px\" aria-hidden=\"true\" class=\"wp-block-spacer\"><\/div>\n\n\n\n<h2 class=\"has-text-align-center has-nv-text-dark-bg-color has-text-color wp-block-heading\">Az indul\u00f3 tanfolyamokr\u00f3l b\u0151vebben itt t\u00e1j\u00e9koz\u00f3dhat<\/h2>\n\n\n\n<p class=\"has-text-align-center\"><\/p>\n\n\n\n<div class=\"wp-block-buttons is-horizontal is-content-justification-center is-layout-flex wp-container-core-buttons-is-layout-499968f5 wp-block-buttons-is-layout-flex\">\n<div class=\"wp-block-button is-style-primary\"><a class=\"wp-block-button__link\" href=\"https:\/\/janik-autosiskola.hu\/?page_id=307\" target=\"_blank\" rel=\"noreferrer noopener\">R\u00e9szletek<\/a><\/div>\n<\/div>\n\n\n\n<div style=\"height:140px\" aria-hidden=\"true\" class=\"wp-block-spacer\"><\/div>\n<\/div><\/div>\n","protected":false},"excerpt":{"rendered":"<p>Online jelentkez\u00e9s Indul\u00f3 Tanfolyamok Kateg\u00f3ri\u00e1k<\/p>\n","protected":false},"author":1,"featured_media":0,"parent":0,"menu_order":0,"comment_status":"closed","ping_status":"closed","template":"","meta":{"neve_meta_sidebar":"default","neve_meta_container":"default","neve_meta_enable_content_width":"on","neve_meta_content_width":100,"neve_meta_title_alignment":"","neve_meta_author_avatar":"","neve_post_elements_order":"","neve_meta_disable_header":"","neve_meta_disable_footer":"","neve_meta_disable_title":"on","footnotes":""},"class_list":["post-308","page","type-page","status-publish","hentry"],"_links":{"self":[{"href":"https:\/\/janik-autosiskola.hu\/index.php?rest_route=\/wp\/v2\/pages\/308","targetHints":{"allow":["GET"]}}],"collection":[{"href":"https:\/\/janik-autosiskola.hu\/index.php?rest_route=\/wp\/v2\/pages"}],"about":[{"href":"https:\/\/janik-autosiskola.hu\/index.php?rest_route=\/wp\/v2\/types\/page"}],"author":[{"embeddable":true,"href":"https:\/\/janik-autosiskola.hu\/index.php?rest_route=\/wp\/v2\/users\/1"}],"replies":[{"embeddable":true,"href":"https:\/\/janik-autosiskola.hu\/index.php?rest_route=%2Fwp%2Fv2%2Fcomments&post=308"}],"version-history":[{"count":35,"href":"https:\/\/janik-autosiskola.hu\/index.php?rest_route=\/wp\/v2\/pages\/308\/revisions"}],"predecessor-version":[{"id":589,"href":"https:\/\/janik-autosiskola.hu\/index.php?rest_route=\/wp\/v2\/pages\/308\/revisions\/589"}],"wp:attachment":[{"href":"https:\/\/janik-autosiskola.hu\/index.php?rest_route=%2Fwp%2Fv2%2Fmedia&parent=308"}],"curies":[{"name":"wp","href":"https:\/\/api.w.org\/{rel}","templated":true}]}}