{"id":408,"date":"2022-04-14T10:02:44","date_gmt":"2022-04-14T10:02:44","guid":{"rendered":"https:\/\/janik-autosiskola.hu\/?page_id=408"},"modified":"2025-01-26T16:32:20","modified_gmt":"2025-01-26T16:32:20","slug":"a1-kategoria","status":"publish","type":"page","link":"https:\/\/janik-autosiskola.hu\/?page_id=408","title":{"rendered":"A1 kateg\u00f3ria"},"content":{"rendered":"\n<p class=\"has-large-font-size\"><strong>Tanfolyam t\u00e1j\u00e9koztat\u00f3 \u201eA1\u201d ALKATEG\u00d3RIA<\/strong><\/p>\n\n\n\n<p>I. C\u00e9gadatok:<\/p>\n\n\n\n<ol class=\"wp-block-list\">\n<li>K\u00e9pz\u0151szerv neve: Janik Andr\u00e1s E.V. Aut\u00f3siskol\u00e1ja<\/li>\n\n\n\n<li>C\u00edm: 2740 Abony Nagyk\u0151r\u00f6si \u00fat 10\/a<\/li>\n\n\n\n<li><strong>Telefon: 06-30\/492-7514<\/strong><\/li>\n\n\n\n<li>Ad\u00f3sz\u00e1m:63008474-1-33<\/li>\n\n\n\n<li>e-mail: abonyi.autosiskola@t-online.hu vagy abonyi.autosiskola@gmail.com<\/li>\n\n\n\n<li>Iskolavezet\u0151: Janik Andr\u00e1s<\/li>\n\n\n\n<li>Feln\u0151ttk\u00e9pz\u00e9s Nyilv\u00e1ntart\u00e1si Sz\u00e1m: 00412-2008<\/li>\n\n\n\n<li>Tanterem \u00e9s \u00fcgyf\u00e9lfogad\u00f3 c\u00edme: 2740 Nagyk\u0151r\u00f6si \u00fat 10\/a<\/li>\n\n\n\n<li><strong>Tanterem:&nbsp;<\/strong>30-492-7514<\/li>\n\n\n\n<li><strong>Iroda: Kossuth Ferenc u 2.<\/strong><\/li>\n\n\n\n<li>&nbsp;<strong>Nyitvatart\u00e1si id\u0151:<\/strong><\/li>\n\n\n\n<li><strong> H\u00e9tf\u0151 &#8211; Szerda &#8211; P\u00e9ntek<\/strong>&nbsp;<strong>de 08,00 \u00f3r\u00e1t\u00f3l 12,00 \u00f3r\u00e1ig. <\/strong><\/li>\n\n\n\n<li><strong>kedd &#8211; cs\u00fct\u00f6rt\u00f6k &#8211; p\u00e9ntek du 14,00 \u00f3r\u00e1t\u00f3l 18,00 \u00f3r\u00e1ig. <\/strong><\/li>\n<\/ol>\n\n\n\n<p>II. Oktat\u00e1si helysz\u00ednek:<\/p>\n\n\n\n<ol class=\"wp-block-list\">\n<li>Elm\u00e9leti oktat\u00e1s: 2740 Abony Nagyk\u0151r\u00f6si \u00fat 10\/a<\/li>\n\n\n\n<li>Tanp\u00e1lya: 2700 Cegl\u00e9d Trombit\u00e1s u 9 sz.<\/li>\n\n\n\n<li>Gyakorlati oktat\u00e1s v\u00e1lt\u00e1si helye: Alapoktat\u00e1s eset\u00e9n, a tanp\u00e1ly\u00e1n, f\u0151oktat\u00e1sban pedig a tanul\u00f3val egyeztetett helyen.<\/li>\n<\/ol>\n\n\n\n<p>III. T\u00e1j\u00e9koztat\u00f3 a k\u00e9pz\u00e9si szolg\u00e1ltat\u00e1sokr\u00f3l \u00e9s a vizsg\u00e1ra bocs\u00e1t\u00e1s felt\u00e9teleir\u0151l:<\/p>\n\n\n\n<ol class=\"wp-block-list\">\n<li>Az \u00fcgyf\u00e9lfogad\u00e1s rendje<br>a. J\u00e1rm\u0171vezet\u0151i tanfolyamra iskol\u00e1nk \u00fcgyf\u00e9l szolg\u00e1lati irod\u00e1j\u00e1ban, telefonon, az iskola honlapj\u00e1n illetve tanfolyamind\u00edt\u00e1s napj\u00e1n lehet jelentkezni. Ezeken a helyeken veheti \u00e1t a sz\u00fcks\u00e9ges nyomtatv\u00e1nyokat, \u00e9s itt kap r\u00e9szletes t\u00e1j\u00e9koztat\u00e1st a k\u00e9pz\u00e9sr\u0151l, \u00e9s a vizsg\u00e1ra bocs\u00e1t\u00e1s felt\u00e9teleir\u0151l.<\/li>\n\n\n\n<li>A tanfolyamra val\u00f3 felv\u00e9tel \u00e9s a vizsg\u00e1ra bocs\u00e1t\u00e1s felt\u00e9telei:<br>a. Minden indul\u00f3 tanfolyam eset\u00e9ben teljes k\u00e9pz\u00e9si szolg\u00e1ltat\u00e1st biztos\u00edtunk, amely elm\u00e9leti \u00e9s gyakorlati r\u00e9szb\u0151l \u00e1ll. A jelentkez\u00e9s alkalm\u00e1val ellen\u0151rizz\u00fck, hogy a jelentkez\u0151 (tov\u00e1bbiakban \u00fcgyf\u00e9l) megfelel-e a rendeletben foglalt felt\u00e9teleknek.<br>b. Nyomtatv\u00e1nyok kit\u00f6lt\u00e9se: Minden tanfolyam ind\u00edt\u00e1sakor, illetve az \u00fcgyf\u00e9lszolg\u00e1lati irod\u00e1ban az \u00fcgyf\u00e9llel elektronikus Jelentkez\u00e9si lap, Feln\u0151ttk\u00e9pz\u00e9si szerz\u0151d\u00e9s \u00e9s egy Meghatalmaz\u00e1s ker\u00fcl kit\u00f6lt\u00e9sre, aminek a kinyomtatott v\u00e1ltozat\u00e1t al\u00e1\u00edrja.<br>c. G\u00e9pj\u00e1rm\u0171vezet\u0151i enged\u00e9ly megszerz\u00e9s\u00e9hez a 8 \u00e1lt iskolai v\u00e9gzetts\u00e9get bizony\u00edtv\u00e1nnyal igazolni sz\u00fcks\u00e9ges.<br>d. Tand\u00edjbefizet\u00e9s k\u00e9szp\u00e9nzzel, bizonylat ellen\u00e9ben az iskolavezet\u0151n\u00e9l lehets\u00e9ges.<br>e. \u00c9letkor szerint, tanfolyamra csak az vehet\u0151 fel, aki k\u00fcl\u00f6n jogszab\u00e1lyban meghat\u00e1rozott \u00e9letkort bet\u00f6lt\u00f6tte, vagy ann\u00e1l legfeljebb f\u00e9l \u00e9vvel fiatalabb. Elm\u00e9leti vizsg\u00e1ra csak az bocs\u00e1that\u00f3, aki legfeljebb az el\u0151\u00edrt \u00e9letkorn\u00e1l h\u00e1rom h\u00f3nappal fiatalabb. Gyakorlati vizsg\u00e1t az tehet, aki a k\u00fcl\u00f6n jogszab\u00e1lyban meghat\u00e1rozott \u00e9letkort bet\u00f6lt\u00f6tte.<\/li>\n<\/ol>\n\n\n\n<p>Beiskol\u00e1z\u00e1s: 15,5 \u00e9v bet\u00f6lt\u00e9se Elm\u00e9leti vizsga: 15 \u00be \u00e9v bet\u00f6lt\u00e9se<br>J\u00e1rm\u0171kezel\u00e9si vizsga: 16. \u00e9v bet\u00f6lt\u00e9se Forgalmi vizsga: 16. \u00e9v bet\u00f6lt\u00e9se<\/p>\n\n\n\n<p>f. Elm\u00e9leti vizsg\u00e1ra csak az bocs\u00e1that\u00f3, aki a tanfolyam elm\u00e9leti r\u00e9sz\u00e9t igazoltan elv\u00e9gezte, vagy az al\u00f3l felmentett\u00e9k. Tov\u00e1bb\u00e1 szab\u00e1lyosan kit\u00f6lt\u00f6tt jelentkez\u00e9si lapot \u00e9s mell\u00e9kleteit (bizony\u00edtv\u00e1ny, orvosi alkalmass\u00e1gi igazol\u00e1s) az iskolavezet\u0151nek leadta, illetve a tand\u00edjat \u00e9s vizsgad\u00edjat befizette. A sikeres k\u00f6zleked\u00e9si alapismeretek vizsga k\u00e9t \u00e9vig \u00e9rv\u00e9nyes.<br>A sz\u00e1m\u00edt\u00f3g\u00e9pes elm\u00e9leti vizsga helye: KAV K\u00f6zleked\u00e9si \u00e9s Alkalmass\u00e1gi Vizsgak\u00f6zpont (Cegl\u00e9d, Doh\u00e1ny u. 31.)<br>g. Sikertelen elm\u00e9leti vizsga 5 munkanap eltelte ut\u00e1n, a sz\u00fcks\u00e9ges d\u00edj befizet\u00e9s\u00e9vel ism\u00e9telhet\u0151.<br>h. Gyakorlati vizsga j\u00e1rm\u0171 kezel\u00e9si \u00e9s forgalmi vizsgat\u00e1rgyakb\u00f3l \u00e1ll, s vizsg\u00e1ra csak az bocs\u00e1that\u00f3, aki az elm\u00e9leti t\u00e1rgyb\u00f3l sikeresen vizsg\u00e1zott, \u00e9s a tanfolyam gyakorlati r\u00e9sz\u00e9t igazoltan elv\u00e9gezte. Forgalmi vizsga csak sikeres j\u00e1rm\u0171 kezel\u00e9si vizsga ut\u00e1n tehet\u0151 le. Sikertelen gyakorlati vizsga 3 munkanap eltelte ut\u00e1n ism\u00e9telhet\u0151, a sz\u00fcks\u00e9ges d\u00edj befizet\u00e9s\u00e9vel. \u00d6t\u00f6dik sikertelen forgalmi vizsg\u00e1t k\u00f6vet\u0151en, &#8211; a k\u00f6vetkez\u0151 vizsg\u00e1hoz \u2013 rendk\u00edv\u00fcli p\u00e1lyaalkalmass\u00e1gi vizsg\u00e1lat sz\u00fcks\u00e9ges.<\/p>\n\n\n\n<ol start=\"3\" class=\"wp-block-list\">\n<li>Az el\u0151\u00edrt alkalmass\u00e1gi vizsg\u00e1latok<br>Eg\u00e9szs\u00e9gi alkalmass\u00e1g: 1-es csoport\u00fa alkalmass\u00e1gi vizsg\u00e1lat. (h\u00e1zi orvos)<\/li>\n\n\n\n<li>Az els\u0151seg\u00e9ly-ny\u00fajt\u00e1si ismeretek megszerz\u00e9s\u00e9nek m\u00f3dja:<br>a. A vezet\u0151i enged\u00e9ly \u00e1tv\u00e9tel\u00e9nek felt\u00e9tele az els\u0151seg\u00e9ly-ny\u00fajt\u00e1si ismeretek megszerz\u00e9s\u00e9t tan\u00fas\u00edt\u00f3 Igazol\u00e1s bemutat\u00e1sa. Az alapvet\u0151 ismeretek elsaj\u00e1t\u00edt\u00e1s\u00e1t a Magyar V\u00f6r\u00f6skereszt igazolja. Az Igazol\u00e1st tanfolyammentes vizsg\u00e1val, egy\u00e9nileg is meg lehet szerezni. A tanfolyamot ig\u00e9ny szerint, iskol\u00e1nk szervezetten is lebonyol\u00edtja.<br>b. Els\u0151seg\u00e9ly tanfolyam \u00e9s vizsga d\u00edja: 35.000 Ft<br>c. Az els\u0151seg\u00e9ly-ny\u00fajt\u00e1sb\u00f3l el\u0151\u00edrt ismeretek megszerz\u00e9s\u00e9t \u2013 v\u00e9gzetts\u00e9g\u00fckre tekintettel \u2013 az orvostudom\u00e1nyi egyetemeken v\u00e9gzett orvosok, fogorvosok, gy\u00f3gyszer\u00e9szek, \u00e1llatorvos tudom\u00e1nyi egyetemeken v\u00e9gzett \u00e1llatorvosok, tov\u00e1bb\u00e1 a v\u00e9d\u0151n\u0151i, dietetikusi, ment\u0151tiszti, gy\u00f3gytorn\u00e1sz, eg\u00e9szs\u00e9g\u00fcgyi szakoktat\u00f3i, diplom\u00e1s \u00e1pol\u00f3i \u00e9s k\u00f6zeg\u00e9szs\u00e9g\u00fcgyi fel\u00fcgyel\u0151i f\u0151iskolai szakon v\u00e9gzettek, valamint az eg\u00e9szs\u00e9g\u00fcgyi szak-k\u00f6z\u00e9piskol\u00e1t \u00e9s szakiskol\u00e1t v\u00e9gzettek az iskolai v\u00e9gzetts\u00e9get tan\u00fas\u00edt\u00f3 okirattal igazolhatj\u00e1k. Tov\u00e1bb\u00e1 minden olyan jelentkez\u0151, aki 1969. j\u00falius 1-je \u00e9s1983. december 31-e k\u00f6z\u00f6tt \u201eD\u201d kateg\u00f3ri\u00e1ra vezet\u0151i enged\u00e9lyt, vagy \u201eTrolibusz\u201d kateg\u00f3ri\u00e1ra j\u00e1rm\u0171 vezet\u0151i enged\u00e9lyt szerzett, tov\u00e1bb\u00e1 aki 1984 ut\u00e1n b\u00e1rmilyen vezet\u0151i enged\u00e9lyt szerzett mentes\u00fcl al\u00f3la.<\/li>\n\n\n\n<li>A j\u00e1rm\u0171 vezet\u0151i tanfolyam tant\u00e1rgyai, k\u00f6telez\u0151 minim\u00e1lis \u00f3rasz\u00e1mok, \u00f3rad\u00edjak.<\/li>\n<\/ol>\n\n\n\n<p>Elm\u00e9let: 22 \u00f3ra 50.000 Ft + Vizsgad\u00edj 10.500 Ft<br>K\u00f6zleked\u00e9si ismeretek: 14 \u00f3ra<br>J\u00e1rm\u0171vezet\u00e9s elm\u00e9lete: 4 \u00f3ra<br>Szerkezeti \u00e9s \u00dczemeltet\u00e9si ismeretek: 4 \u00f3ra<\/p>\n\n\n\n<p><\/p>\n\n\n\n<p>Vezet\u00e9si gyakorlat:16 + 1 \u00f3ra 9.000 Ft\/\u00f3ra \u00f6sszesen: 153.000 Ft<br>J\u00e1rm\u0171kezel\u00e9s: 6 \u00f3ra<br>V\u00e1rosi vezet\u00e9s: 8 \u00f3ra<br>Orsz\u00e1g\u00fati vezet\u00e9s: 2 \u00f3ra<br>Vizsga \u00f6sszesen: 1 \u00f3ra<br>J\u00e1rm\u0171 kezel\u00e9si vizsga: 15 perc 9.000 Ft<br>Forgalmi vizsga: 40 perc 24.000 Ft<\/p>\n\n\n\n<p>a. Az elm\u00e9leti \u00f3ra 45 perces foglalkoz\u00e1sokb\u00f3l + 10 perces sz\u00fcnetb\u0151l,<br>a gyakorlati \u00f3ra 50 perces foglalkoz\u00e1sokb\u00f3l + 10 perces sz\u00fcnetb\u0151l \u00e1ll.<\/p>\n\n\n\n<p>b. A fent megjel\u00f6lt \u00f3rasz\u00e1mok mindenki sz\u00e1m\u00e1ra k\u00f6telez\u0151ek, a sikeres vizsga \u00e9rdek\u00e9ben, az oktat\u00e1s tov\u00e1bbi \u00f3r\u00e1kkal kieg\u00e9sz\u00edthet\u0151.<\/p>\n\n\n\n<p>6.Mentes\u00edt\u00e9sek:<br>A mozg\u00e1skorl\u00e1tozott, a siket, valamint az olyan \u00fcgyfelet, aki a magyar nyelvet nem besz\u00e9li. A tanfolyam elm\u00e9leti tant\u00e1rgyainak foglalkoz\u00e1sain val\u00f3 r\u00e9szv\u00e9tel al\u00f3l \u2013 k\u00e9r\u00e9s\u00e9re \u2013 az iskolavezet\u0151 mentes\u00edti. A mentes\u00edtett \u00fcgyf\u00e9l felk\u00e9sz\u00edt\u00e9s\u00e9ben iskol\u00e1nk az \u00fcgyf\u00e9llel k\u00f6t\u00f6tt k\u00fcl\u00f6n meg\u00e1llapod\u00e1s alapj\u00e1n k\u00f6zrem\u0171k\u00f6dik.<\/p>\n\n\n\n<ol start=\"7\" class=\"wp-block-list\">\n<li>A k\u00e9pz\u00e9shez biztos\u00edtott j\u00e1rm\u0171vek: <strong>Suzuki GN 125<\/strong> \u00e9s <strong>KTM 125<\/strong> \u00f6s<br>a. A gyakorlati oktat\u00e1shoz j\u00e1rm\u0171vet biztos\u00edtunk, de kik\u00e9pezz\u00fck a hallgat\u00f3t a saj\u00e1t j\u00e1rm\u0171v\u00e9n is. Ebben az esetben a j\u00e1rm\u0171 tulajdonos\u00e1val szerz\u0151d\u00e9st k\u00f6t\u00fcnk a j\u00e1rm\u0171 oktat\u00e1si \u00e9s vizsg\u00e1z\u00e1si c\u00e9l\u00fa ig\u00e9nybev\u00e9tel\u00e9re.<br>b. A gyakorlati oktat\u00e1shoz \u00e9s vizsg\u00e1ztat\u00e1shoz olyan motorker\u00e9kp\u00e1r sz\u00fcks\u00e9ges amely, 125 cm\u00b3 henger\u0171rtartalmat nem haladja meg \u00e9s 11 KW teljes\u00edtm\u00e9nyn\u00e9l nem nagyobb<br>c. A gyakorlati oktat\u00e1sban vezethet\u0151 napi \u00f3rasz\u00e1m 2 \u00f3ra\/nap, a f\u0151oktat\u00e1sban napi 4 \u00f3ra (k\u00e9t r\u00e9szletben, minimum 1 \u00f3ra sz\u00fcnet k\u00f6zbeiktat\u00e1s\u00e1val.) A f\u0151oktat\u00e1s \u00e9s vizsga helysz\u00edne Cegl\u00e9d v\u00e1ros. A rutinp\u00e1ly\u00e1n maximum h\u00e1rom f\u0151, a forgalomban egyidej\u0171leg k\u00e9t f\u0151 oktat\u00e1sa t\u00f6rt\u00e9nik.<\/li>\n\n\n\n<li>A hi\u00e1nyz\u00e1s p\u00f3tl\u00e1sa \u00e9s annak k\u00f6lts\u00e9ge<br>A k\u00f6telez\u0151en el\u0151\u00edrt minim\u00e1lis \u00f3rasz\u00e1mot az elm\u00e9leti \u00e9s a gyakorlati foglalkoz\u00e1sokon mindenkinek teljes\u00edtenie kell. Hi\u00e1nyz\u00e1s eset\u00e9n a mulaszt\u00e1st p\u00f3tolni kell, vizsg\u00e1ra csak ezt k\u00f6vet\u0151en \u00edrhat\u00f3 ki. Az elm\u00e9leti tanfolyamon a hi\u00e1nyz\u00e1s p\u00f3tl\u00e1s\u00e1\u00e9rt fizetni nem kell. Elegend\u0151, ha az \u00fcgyf\u00e9l egy m\u00e1sik tanfolyam megfelel\u0151 \u00f3r\u00e1j\u00e1n r\u00e9szt vesz<\/li>\n<\/ol>\n\n\n\n<p>A gyakorlati oktat\u00e1s p\u00f3t \u00f3ra d\u00edja megegyezik az alap\u00f3rad\u00edjjal.<\/p>\n\n\n\n<ol start=\"9\" class=\"wp-block-list\">\n<li>Az \u00fcgyf\u00e9l jogai \u00e9s k\u00f6telezetts\u00e9gei:<br>Az \u00fcgyf\u00e9l jogai:<br>a. A k\u00e9pz\u00e9s megkezd\u00e9se el\u0151tt t\u00e1j\u00e9koz\u00f3dni \u00e9s megismerni a k\u00e9pz\u0151szerv v\u00e1llalkoz\u00e1si felt\u00e9teleit.<br>b. A v\u00e1llal\u00e1si felt\u00e9telekben \u00edg\u00e9rt szolg\u00e1ltat\u00e1st a k\u00e9pz\u0151szervt\u0151l sz\u00e1mon k\u00e9rni, ig\u00e9nybe venni.<br>c. A k\u00e9pz\u00e9st megszak\u00edtani, az oktat\u00e1s nem teljes\u00edtett r\u00e9sz\u00e9nek tand\u00edj\u00e1t visszak\u00e9rni \u00e9s az elv\u00e9gzettekr\u0151l igazol\u00e1st k\u00e9rni.<br>d. Az elm\u00e9leti k\u00e9pz\u00e9s mulaszt\u00e1s\u00e1t a k\u00f6vetkez\u0151 tanfolyamon ingyenesen p\u00f3tolni.<br>e. Egyeztetni a gyakorlati vezet\u00e9s id\u0151pontj\u00e1t, \u00e9s a v\u00e1lt\u00e1s hely\u00e9t az oktat\u00f3val.<br>f. Egyeztetni az elm\u00e9leti \u00e9s a gyakorlati vizsga id\u0151pontj\u00e1t az illet\u00e9kes oktat\u00f3val, vagy az iskolavezet\u0151vel.<br>g. Oktat\u00f3t v\u00e1lasztani, \u00e9s oktat\u00f3cser\u00e9t k\u00e9rni.<br>h. Az oktat\u00e1s megkezd\u00e9se el\u0151tt 24 \u00f3r\u00e1val lemondani a megbesz\u00e9lt gyakorlati vezet\u00e9st.<br>i. Panaszt tenni, \u00e9s jogos esetben k\u00e1rt\u00e9r\u00edt\u00e9st k\u00e9rni.<br>j. Titoktart\u00e1st k\u00f6vetelni a k\u00e9pz\u0151szervt\u0151l \u00e9s oktat\u00f3j\u00e1t\u00f3l egyar\u00e1nt, a szem\u00e9lyis\u00e9get \u00e9rint\u0151 k\u00e9rd\u00e9sekben.<\/li>\n<\/ol>\n\n\n\n<p>Az \u00fcgyf\u00e9l k\u00f6teless\u00e9ge:<br>a. A foglalkoz\u00e1sokon, kipihent \u00e1llapotban, az oktat\u00e1si k\u00f6r\u00fclm\u00e9nyekhez igazod\u00f3 \u00f6lt\u00f6z\u00e9kben megjelenni.<\/p>\n\n\n\n<p>Gyakorlati oktat\u00e1s \u00e9s vizsga sor\u00e1n k\u00f6telez\u0151 ruh\u00e1zat:<\/p>\n\n\n\n<ul class=\"wp-block-list\">\n<li>buk\u00f3sisak, szem\u00fcveg (a sisak kialak\u00edt\u00e1s\u00e1t\u00f3l f\u00fcgg\u0151en)<\/li>\n\n\n\n<li>Protektoros nadr\u00e1g \u00e9s protektoros kab\u00e1t<\/li>\n\n\n\n<li>Protektoros keszty\u0171<\/li>\n\n\n\n<li>magas sz\u00e1r\u00fa, z\u00e1rt cip\u0151 vagy csizma<\/li>\n<\/ul>\n\n\n\n<p>b. Foglalkoz\u00e1sokon az emberi norm\u00e1kat megtartani kultur\u00e1ltan viselkedni \u00e9s akt\u00edvan k\u00f6zrem\u0171k\u00f6dni.<br>c. A k\u00e9pz\u0151szerv iskolai \u00e9s p\u00e9nz\u00fcgyi rendtart\u00e1s\u00e1t betartani, valamint a tand\u00edjat el\u0151re megfizetni.<br>d. A tanfolyami \u00f3r\u00e1kra k\u00e9sz\u00fclni \u00e9s az oktat\u00f3i utas\u00edt\u00e1sokat minden esetben k\u00f6vetni. (K\u00fcl\u00f6n\u00f6sen fontos ez a gyakorlati oktat\u00e1sn\u00e1l, ahol az oktat\u00f3 \u00e9s a tanul\u00f3 r\u00e1di\u00f3 ad\u00f3-vev\u0151vel tartja a kapcsolatot)<br>e. A munkav\u00e9delmi el\u0151\u00edr\u00e1sokat betartani.<br>f. A megbesz\u00e9lt \u00e9s id\u0151ben le nem mondott gyakorlati vezet\u00e9si \u00f3r\u00e1kon megjelenni.<br>g. Az oktat\u00f3 a vezet\u00e9si gyakorlat helysz\u00edn\u00e9n 20 percet v\u00e1rakozik, ha a tanul\u00f3 ezut\u00e1n sem jelenik meg, k\u00f6teles az \u00f3rad\u00edjat megfizetni.<br>h. K\u00e9s\u00e9s eset\u00e9n az oktat\u00f3ra legfeljebb 20 percet v\u00e1rni.<br>i. Vizsga eset\u00e9n a \u201emeg nem jelen\u00e9s\u201d d\u00edj\u00e1t megfizetni, vagy a hat\u00f3s\u00e1g \u00e1ltal elfogadott hitelt \u00e9rdeml\u0151 m\u00f3don igazolni t\u00e1volmarad\u00e1s\u00e1t.<\/p>\n\n\n\n<ol start=\"10\" class=\"wp-block-list\">\n<li>A tanul\u00f3 \u00e1thelyez\u00e9se \u00e9s a teljes\u00edtett oktat\u00e1sr\u00f3l sz\u00f3l\u00f3 igazol\u00e1s kiad\u00e1s\u00e1nak m\u00f3dja<br>M\u00e1sik iskol\u00e1hoz val\u00f3 t\u00e1voz\u00e1sra lehet\u0151s\u00e9g van. Az \u00e1thelyez\u00e9si k\u00e9relmet formanyomtatv\u00e1nyon, h\u00e1rom p\u00e9ld\u00e1nyban kell beadni. A nyomtatv\u00e1nyt iskol\u00e1nk biztos\u00edtja \u00e9s a n\u00e1lunk teljes\u00edtett oktat\u00e1sokr\u00f3l hivatalos igazol\u00e1st adunk ki. Az igazol\u00e1s ki\u00e1ll\u00edt\u00e1s\u00e1nak hat\u00e1rideje 10 nap.<\/li>\n\n\n\n<li>A k\u00e9pz\u0151szerv jogai \u00e9s k\u00f6telezetts\u00e9gei:<\/li>\n<\/ol>\n\n\n\n<p>A k\u00e9pz\u0151 szervnek joga van:<br>a. A tand\u00edjhoz, melyet az \u00fcgyf\u00e9lnek el\u0151re meg kell fizetnie.<br>b. H\u00e1rom, havonta tand\u00edjat emelni.<br>c. A tanfolyami beoszt\u00e1s meghat\u00e1roz\u00e1s\u00e1hoz \u00e9s annak id\u0151ben t\u00f6rt\u00e9n\u0151 lemond\u00e1s\u00e1hoz, megv\u00e1ltoztat\u00e1s\u00e1hoz.<br>d. A m\u00e1r kijel\u00f6lt oktat\u00f3 helyett \u2013 alapos indok eset\u00e9n \u2013 m\u00e1sik oktat\u00f3t biztos\u00edtani.<br>e. A jel\u00f6lt felk\u00e9sz\u00fclts\u00e9gi szintj\u00e9t ellen\u0151rizni, tud\u00e1s\u00e1t sz\u00e1mon k\u00e9rni.<br>f. A munkav\u00e9delmi el\u0151\u00edr\u00e1sok megtart\u00e1s\u00e1t a tanul\u00f3kt\u00f3l megk\u00f6vetelni.<\/p>\n\n\n\n<p>A k\u00e9pz\u0151szerv k\u00f6teles:<br>a. A k\u00e9pz\u00e9s megkezd\u00e9se el\u0151tt t\u00e1j\u00e9koztatni az \u00fcgyfeleket a v\u00e1llal\u00e1si felt\u00e9telekr\u0151l.<br>b. A v\u00e1llal\u00e1si felt\u00e9telekben meghat\u00e1rozottakat betartani.<br>c. A tudom\u00e1s\u00e1ra jutott szem\u00e9lyes \u00e9s k\u00fcl\u00f6nleges adatokat bizalmasan kezelni.<br>d. Egyeztetni az \u00fcgyfelekkel az elm\u00e9leti \u00e9s a gyakorlati foglalkoz\u00e1sok id\u0151pontj\u00e1t \u00e9s a vizsgaid\u0151pontokat.<br>e. Oktat\u00f3 v\u00e1laszt\u00e1si lehet\u0151s\u00e9get biztos\u00edtani \u00e9s annak eleget tenni.<br>f. Az oktat\u00e1shoz kultur\u00e1lt k\u00f6rnyezetet \u00e9s k\u00f6r\u00fclm\u00e9nyeket biztos\u00edtani.<br>g. Az \u00fcgyf\u00e9l \u00e1ltal sz\u00f3ban, vagy \u00edr\u00e1sban k\u00f6z\u00f6lt panaszt minden esetben kivizsg\u00e1lni.<br>h. Az \u00fcgyf\u00e9l k\u00e9relm\u00e9re a k\u00e9pz\u00e9st megszak\u00edtani \u00e9s m\u00e1sik k\u00e9pz\u0151szerv fel\u00e9 a sz\u00fcks\u00e9ges igazol\u00e1sokat kiadni.<br>i. A k\u00e9pz\u00e9si rendeletekben \u00e9s szab\u00e1lyzatokban, \u00fatmutat\u00f3kban \u00e9s a bizonylati albumban el\u0151\u00edrtakat betartani.<\/p>\n\n\n\n<ol start=\"12\" class=\"wp-block-list\">\n<li>Vizsgad\u00edjak, vezet\u0151 enged\u00e9ly \u00e1tv\u00e9tele:                                                                                                                 <strong>Els\u0151 vezet\u0151i enged\u00e9ly AUTOMATIKUS hivatalb\u00f3li ki\u00e1ll\u00edt\u00e1sa:<\/strong> <a href=\"https:\/\/nyilvantarto.hu\/hu\/vezetoiengedely_automata_elso\">https:\/\/nyilvantarto.hu\/hu\/vezetoiengedely_automata_elso<\/a><\/li>\n<\/ol>\n\n\n\n<p>b. A vizsgad\u00edjakat az \u00fcgyf\u00e9l a k\u00e9pz\u0151szervn\u00e9l fizeti be, melyet a k\u00e9pz\u0151 szerv a K\u00f6zleked\u00e9s Fel\u00fcgyel\u0151s\u00e9g r\u00e9sz\u00e9re tov\u00e1bb\u00edt.<br>c. A j\u00e1rm\u0171vezet\u0151i enged\u00e9lyt a sikeres vizsga napj\u00e1t\u00f3l sz\u00e1m\u00edtva, h\u00e1rom munkanap eltelt\u00e9vel a lak\u00f3hely szerint illet\u00e9kes okm\u00e1nyiroda \u00e1ll\u00edtja ki. Sz\u00fcks\u00e9ges bemutatni az orvosi alkalmass\u00e1gi egy p\u00e9ld\u00e1ny\u00e1t, m\u00e1r megl\u00e9v\u0151 vezet\u0151i enged\u00e9lyt, els\u0151seg\u00e9ly k\u00e1rty\u00e1t \u00e9s szem\u00e9lyi igazolv\u00e1nyt. A vezet\u0151i enged\u00e9lyt az Okm\u00e1nyiroda a k\u00e9relmez\u0151 r\u00e9sz\u00e9re, els\u0151 jogos\u00edtv\u00e1ny eset\u00e9ben d\u00edjtalan, ezt k\u00f6vet\u0151en minden \u00fajabb enged\u00e9ly 4000Ft. Vezet\u0151i enged\u00e9lyt csak olyan k\u00e9relmez\u0151nek lehet kiadni, akinek lak\u00f3helye, ennek hi\u00e1ny\u00e1ban tart\u00f3zkod\u00e1si helye Magyarorsz\u00e1gon van, illetve nem magyar \u00e1llampolg\u00e1r k\u00e9relmez\u0151 eset\u00e9n az enged\u00e9ly kiad\u00e1s\u00e1t megel\u0151z\u0151 hat h\u00f3napban Magyarorsz\u00e1gon tart\u00f3zkodott. A hat h\u00f3nap id\u0151tartam\u00fa magyarorsz\u00e1gi tart\u00f3zkod\u00e1s igazol\u00e1s\u00e1ra, be kell mutatni az idegenrend\u00e9szeti hat\u00f3s\u00e1g erre vonatkoz\u00f3 enged\u00e9ly\u00e9t (tart\u00f3zkod\u00e1si enged\u00e9ly\u00e9t). Nem k\u00f6vetelik meg a hat h\u00f3napos magyarorsz\u00e1gi tart\u00f3zkod\u00e1st, ha a k\u00e9relem a belf\u00f6ld\u00f6n kor\u00e1bban megszerzett vezet\u0151i enged\u00e9ly p\u00f3tl\u00e1s\u00e1ra vagy a k\u00fclf\u00f6ld\u00f6n megszerzett vezet\u0151i enged\u00e9ly honos\u00edt\u00e1s\u00e1ra ir\u00e1nyul.<br>d. A g\u00e9pj\u00e1rm\u0171 vezet\u00e9si jogosults\u00e1g els\u0151 alkalommal t\u00f6rt\u00e9n\u0151 megszerz\u00e9s\u00e9nek napj\u00e1t\u00f3l sz\u00e1m\u00edtott k\u00e9t \u00e9vig kezd\u0151 vezet\u0151i enged\u00e9lynek min\u0151s\u00fcl. Az ilyen vezet\u0151 2 \u00e9vig, utast nem sz\u00e1ll\u00edthat.<\/p>\n\n\n\n<p><a><strong><em>A fel\u00fcgyeletet ell\u00e1t\u00f3 szervek:<\/em><\/strong><\/a><\/p>\n\n\n\n<p><strong>&nbsp;&nbsp;&nbsp;&nbsp;&nbsp;&nbsp;&nbsp;&nbsp;&nbsp;&nbsp;&nbsp;&nbsp;&nbsp;&nbsp;&nbsp;&nbsp;&nbsp;&nbsp;&nbsp;&nbsp;&nbsp;&nbsp;&nbsp;&nbsp;&nbsp; \u00c9p\u00edt\u00e9si \u00e9s K\u00f6zleked\u00e9si Miniszt\u00e9rium<\/strong><\/p>\n\n\n\n<p>&nbsp;&nbsp;&nbsp;&nbsp;&nbsp;&nbsp;&nbsp;&nbsp;&nbsp;&nbsp;&nbsp;&nbsp;&nbsp;&nbsp;&nbsp;&nbsp;&nbsp;&nbsp;&nbsp;&nbsp;&nbsp;&nbsp;&nbsp; Sz\u00e9khely: 1054 Budapest Alkotm\u00e1ny u 5<\/p>\n\n\n\n<p>&nbsp;&nbsp;&nbsp;&nbsp;&nbsp;&nbsp;&nbsp;&nbsp;&nbsp;&nbsp;&nbsp;&nbsp;&nbsp;&nbsp;&nbsp;&nbsp; Tel: +36 (1) 795-3300&nbsp;&nbsp; e-mail: info@ekm.gov.hu<\/p>\n\n\n\n<p>&nbsp;&nbsp;&nbsp;&nbsp;&nbsp;&nbsp; K\u00f6zpont:&nbsp;<strong>KAV K\u00f6zleked\u00e9si Alkalmass\u00e1gi \u00e9s Vizsgak\u00f6zpont Nonprofit Kft.<\/strong><\/p>\n\n\n\n<p><strong>K\u00f6z\u00fati Vizsg\u00e1ztat\u00e1si Igazgat\u00f3s\u00e1g J\u00e1rm\u0171vezet\u0151i Vizsg\u00e1ztat\u00e1si \u00e9s Ut\u00e1n k\u00e9pz\u00e9si Oszt\u00e1ly<\/strong><\/p>\n\n\n\n<p>&nbsp;&nbsp;&nbsp;&nbsp;&nbsp;&nbsp;&nbsp;&nbsp;&nbsp;&nbsp;&nbsp;&nbsp;&nbsp;&nbsp;&nbsp;&nbsp;&nbsp;&nbsp;&nbsp;&nbsp;&nbsp;&nbsp;&nbsp;&nbsp;&nbsp;&nbsp;&nbsp;&nbsp;&nbsp;&nbsp;&nbsp;&nbsp;&nbsp;&nbsp;&nbsp;&nbsp;&nbsp;&nbsp;&nbsp;&nbsp;&nbsp;&nbsp;&nbsp;&nbsp;&nbsp; 1033 Budapest Polg\u00e1r u 8-10&nbsp;&nbsp;&nbsp;&nbsp;&nbsp;&nbsp;&nbsp;&nbsp;&nbsp;&nbsp;&nbsp;&nbsp;&nbsp;&nbsp;&nbsp;&nbsp;&nbsp;&nbsp;&nbsp;&nbsp;&nbsp;&nbsp;&nbsp;&nbsp;<\/p>\n\n\n\n<p><strong>&nbsp;&nbsp;&nbsp;&nbsp;&nbsp;&nbsp;&nbsp;&nbsp;&nbsp;&nbsp; &nbsp;&nbsp;&nbsp;&nbsp;&nbsp;&nbsp;&nbsp;&nbsp;&nbsp;&nbsp;<\/strong>Kirendelts\u00e9g:<strong>&nbsp;KAV K\u00f6zleked\u00e9si Alkalmass\u00e1gi \u00e9s Vizsgak\u00f6zpont.<\/strong><\/p>\n\n\n\n<p>&nbsp;&nbsp;&nbsp;&nbsp;&nbsp;&nbsp;&nbsp;&nbsp;&nbsp;&nbsp;&nbsp;&nbsp;&nbsp;&nbsp;&nbsp;&nbsp;&nbsp;&nbsp;&nbsp;&nbsp;&nbsp;&nbsp;&nbsp;&nbsp;&nbsp;&nbsp;&nbsp;&nbsp;&nbsp;&nbsp;&nbsp;&nbsp;&nbsp;&nbsp;&nbsp; &nbsp;&nbsp;&nbsp;&nbsp;&nbsp;&nbsp;&nbsp;&nbsp;&nbsp;&nbsp;&nbsp;&nbsp;&nbsp;&nbsp;&nbsp;&nbsp;2700 Cegl\u00e9d Doh\u00e1ny u 31<\/p>\n\n\n\n<p>&nbsp;&nbsp;&nbsp;&nbsp;&nbsp;&nbsp;&nbsp;&nbsp;&nbsp;&nbsp;&nbsp;&nbsp;&nbsp;&nbsp;&nbsp;&nbsp;&nbsp;&nbsp;&nbsp;&nbsp;&nbsp;&nbsp;&nbsp;&nbsp;&nbsp;&nbsp;&nbsp;&nbsp;&nbsp;&nbsp;&nbsp;&nbsp; &nbsp;&nbsp;&nbsp;&nbsp;&nbsp;&nbsp;&nbsp;&nbsp;&nbsp;&nbsp;&nbsp;&nbsp;&nbsp;&nbsp;&nbsp;&nbsp;&nbsp;&nbsp;&nbsp;&nbsp;&nbsp;&nbsp;&nbsp;&nbsp;&nbsp;Tel: 06-53-311-741<\/p>\n\n\n\n<p>&nbsp;&nbsp;&nbsp;&nbsp;&nbsp;&nbsp; \u00dcgyf\u00e9l fogad\u00e1si id\u0151:&nbsp;&nbsp; H\u00e9tf\u0151&nbsp;&nbsp;&nbsp;&nbsp;&nbsp;&nbsp;&nbsp;&nbsp;&nbsp;&nbsp;&nbsp;&nbsp; Kedd&nbsp;&nbsp;&nbsp;&nbsp;&nbsp;&nbsp;&nbsp;&nbsp;&nbsp;&nbsp;&nbsp;&nbsp;&nbsp;&nbsp;&nbsp; Szerda&nbsp; &nbsp;&nbsp;&nbsp;&nbsp;&nbsp;&nbsp;&nbsp;&nbsp;Cs\u00fct\u00f6rt\u00f6k&nbsp;&nbsp;&nbsp;&nbsp;&nbsp;&nbsp;&nbsp; P\u00e9ntek<\/p>\n\n\n\n<p>&nbsp;&nbsp;&nbsp;&nbsp;&nbsp;&nbsp;&nbsp;&nbsp;&nbsp;&nbsp;&nbsp;&nbsp;&nbsp;&nbsp;&nbsp;&nbsp;&nbsp;&nbsp;&nbsp;&nbsp;&nbsp;&nbsp;&nbsp;&nbsp;&nbsp;&nbsp;&nbsp;&nbsp;&nbsp;&nbsp;&nbsp;&nbsp;&nbsp;&nbsp;&nbsp;&nbsp;&nbsp;&nbsp; 8,00-12,00&nbsp;&nbsp;&nbsp;&nbsp;&nbsp; 8,00-12,00&nbsp;&nbsp;&nbsp;&nbsp;&nbsp;&nbsp; &nbsp;8,00-12,00&nbsp;&nbsp;&nbsp;&nbsp;&nbsp;&nbsp; &nbsp;&nbsp;\u2014\u2014-&nbsp;&nbsp;&nbsp; &nbsp;&nbsp;&nbsp;&nbsp;8,00-12,30<\/p>\n\n\n\n<p>&nbsp;&nbsp;&nbsp;&nbsp;&nbsp;&nbsp;&nbsp;&nbsp;&nbsp;&nbsp;&nbsp;&nbsp;&nbsp;&nbsp;&nbsp;&nbsp;&nbsp;&nbsp;&nbsp;&nbsp;&nbsp;&nbsp;&nbsp;&nbsp;&nbsp;&nbsp;&nbsp;&nbsp;&nbsp;&nbsp; &nbsp;&nbsp;&nbsp;&nbsp;&nbsp;&nbsp;&nbsp;13,00-15,30&nbsp;&nbsp;&nbsp; 13,00-15,30&nbsp;&nbsp;&nbsp;&nbsp;&nbsp; 13,00-15,30&nbsp;&nbsp;&nbsp;&nbsp;&nbsp; &nbsp;&nbsp;\u2014\u2014-&nbsp;&nbsp;&nbsp;&nbsp;&nbsp;&nbsp;&nbsp; &nbsp;&nbsp;\u2014\u2014\u2014<\/p>\n\n\n\n<p><strong><em>G\u00e9pj\u00e1rm\u0171 vezet\u0151i enged\u00e9ly megszerz\u00e9s\u00e9hez, a KRESZ vizsg\u00e1n az alapfok\u00fa iskolai v\u00e9gzetts\u00e9get igazol\u00f3 bizony\u00edtv\u00e1nyt be kell mutatni, egy\u00e9bk\u00e9nt, a tov\u00e1bbi vizsg\u00e1k nem lehets\u00e9gesek.<\/em><\/strong><\/p>\n\n\n\n<p><strong><em>Sikeres felk\u00e9sz\u00fcl\u00e9st \u00e9s eredm\u00e9nyes vizsg\u00e1t k\u00edv\u00e1n Janik Andr\u00e1s E.V. Aut\u00f3siskol\u00e1ja.<\/em><\/strong><\/p>\n","protected":false},"excerpt":{"rendered":"<p>Tanfolyam t\u00e1j\u00e9koztat\u00f3 \u201eA1\u201d ALKATEG\u00d3RIA I. C\u00e9gadatok: II. Oktat\u00e1si helysz\u00ednek: III. T\u00e1j\u00e9koztat\u00f3 a k\u00e9pz\u00e9si szolg\u00e1ltat\u00e1sokr\u00f3l \u00e9s a vizsg\u00e1ra bocs\u00e1t\u00e1s felt\u00e9teleir\u0151l: Beiskol\u00e1z\u00e1s: 15,5 \u00e9v bet\u00f6lt\u00e9se Elm\u00e9leti vizsga: 15 \u00be \u00e9v bet\u00f6lt\u00e9seJ\u00e1rm\u0171kezel\u00e9si vizsga: 16. \u00e9v bet\u00f6lt\u00e9se Forgalmi vizsga: 16. \u00e9v bet\u00f6lt\u00e9se f. Elm\u00e9leti vizsg\u00e1ra csak az bocs\u00e1that\u00f3, aki a tanfolyam elm\u00e9leti r\u00e9sz\u00e9t igazoltan elv\u00e9gezte, vagy az al\u00f3l felmentett\u00e9k.&hellip;&nbsp;<a href=\"https:\/\/janik-autosiskola.hu\/?page_id=408\" rel=\"bookmark\">Read More &raquo;<span class=\"screen-reader-text\">A1 kateg\u00f3ria<\/span><\/a><\/p>\n","protected":false},"author":1,"featured_media":0,"parent":0,"menu_order":0,"comment_status":"closed","ping_status":"closed","template":"","meta":{"neve_meta_sidebar":"","neve_meta_container":"","neve_meta_enable_content_width":"","neve_meta_content_width":0,"neve_meta_title_alignment":"","neve_meta_author_avatar":"","neve_post_elements_order":"","neve_meta_disable_header":"","neve_meta_disable_footer":"","neve_meta_disable_title":"","footnotes":""},"class_list":["post-408","page","type-page","status-publish","hentry"],"_links":{"self":[{"href":"https:\/\/janik-autosiskola.hu\/index.php?rest_route=\/wp\/v2\/pages\/408","targetHints":{"allow":["GET"]}}],"collection":[{"href":"https:\/\/janik-autosiskola.hu\/index.php?rest_route=\/wp\/v2\/pages"}],"about":[{"href":"https:\/\/janik-autosiskola.hu\/index.php?rest_route=\/wp\/v2\/types\/page"}],"author":[{"embeddable":true,"href":"https:\/\/janik-autosiskola.hu\/index.php?rest_route=\/wp\/v2\/users\/1"}],"replies":[{"embeddable":true,"href":"https:\/\/janik-autosiskola.hu\/index.php?rest_route=%2Fwp%2Fv2%2Fcomments&post=408"}],"version-history":[{"count":17,"href":"https:\/\/janik-autosiskola.hu\/index.php?rest_route=\/wp\/v2\/pages\/408\/revisions"}],"predecessor-version":[{"id":903,"href":"https:\/\/janik-autosiskola.hu\/index.php?rest_route=\/wp\/v2\/pages\/408\/revisions\/903"}],"wp:attachment":[{"href":"https:\/\/janik-autosiskola.hu\/index.php?rest_route=%2Fwp%2Fv2%2Fmedia&parent=408"}],"curies":[{"name":"wp","href":"https:\/\/api.w.org\/{rel}","templated":true}]}}