{"id":412,"date":"2022-04-14T10:04:26","date_gmt":"2022-04-14T10:04:26","guid":{"rendered":"https:\/\/janik-autosiskola.hu\/?page_id=412"},"modified":"2026-02-14T22:44:56","modified_gmt":"2026-02-14T22:44:56","slug":"adatvedelmi-nyilatkozat","status":"publish","type":"page","link":"https:\/\/janik-autosiskola.hu\/?page_id=412","title":{"rendered":"Adatkezel\u00e9si t\u00e1j\u00e9koztat\u00f3"},"content":{"rendered":"<link href=\"https:\/\/fonts.googleapis.com\/css2?family=Playfair+Display:wght@600;700&#038;family=Source+Sans+3:wght@300;400;500;600&#038;display=swap\" rel=\"stylesheet\">\n<p><main class=\"imp-body\"><\/p>\n<p>  <!-- 1. Bevezet\u00e9s --><\/p>\n<section>\n<h2 class=\"section-title\">\n      <span class=\"icon\"><svg viewBox=\"0 0 24 24\"><path d=\"M12 2C6.48 2 2 6.48 2 12s4.48 10 10 10 10-4.48 10-10S17.52 2 12 2zm1 15h-2v-6h2v6zm0-8h-2V7h2v2z\"\/><\/svg><\/span><br \/>\n      Bevezet\u00e9s<br \/>\n    <\/h2>\n<div class=\"card prose\">\n<p>T\u00e1rsas\u00e1gunk az adatkezel\u00e9se sor\u00e1n az al\u00e1bbi alapelveket k\u00f6veti:<\/p>\n<div class=\"dk-list\">\n<div class=\"dk-item\"><span class=\"dk-letter\">a<\/span><span>A szem\u00e9lyes adatokat <strong>jogszer\u0171en \u00e9s tisztess\u00e9gesen<\/strong>, valamint az \u00d6n sz\u00e1m\u00e1ra \u00e1tl\u00e1that\u00f3an kezelj\u00fck.<\/span><\/div>\n<div class=\"dk-item\"><span class=\"dk-letter\">b<\/span><span>A szem\u00e9lyes adatokat csak <strong>meghat\u00e1rozott, egy\u00e9rtelm\u0171 \u00e9s jogszer\u0171 c\u00e9lb\u00f3l<\/strong> gy\u0171jtj\u00fck, \u00e9s azokat nem kezelj\u00fck a c\u00e9lokkal \u00f6ssze nem egyeztethet\u0151 m\u00f3don.<\/span><\/div>\n<div class=\"dk-item\"><span class=\"dk-letter\">c<\/span><span>Az \u00e1ltalunk gy\u0171jt\u00f6tt \u00e9s kezelt szem\u00e9lyes adatok az adatkezel\u00e9s c\u00e9ljai szempontj\u00e1b\u00f3l <strong>megfelel\u0151ek \u00e9s relev\u00e1nsak<\/strong>, valamint csak a sz\u00fcks\u00e9gesre korl\u00e1toz\u00f3dnak.<\/span><\/div>\n<div class=\"dk-item\"><span class=\"dk-letter\">d<\/span><span>T\u00e1rsas\u00e1gunk minden \u00e9szszer\u0171 int\u00e9zked\u00e9st megtesz annak \u00e9rdek\u00e9ben, hogy az \u00e1ltalunk kezelt adatok <strong>pontosak \u00e9s naprak\u00e9szek<\/strong> legyenek; a pontatlan szem\u00e9lyes adatokat halad\u00e9ktalanul t\u00f6r\u00f6lj\u00fck vagy helyesb\u00edtj\u00fck.<\/span><\/div>\n<div class=\"dk-item\"><span class=\"dk-letter\">e<\/span><span>A szem\u00e9lyes adatokat olyan form\u00e1ban t\u00e1roljuk, hogy \u00d6n csak a <strong>sz\u00fcks\u00e9ges ideig<\/strong> legyen azonos\u00edthat\u00f3.<\/span><\/div>\n<div class=\"dk-item\"><span class=\"dk-letter\">f<\/span><span>Megfelel\u0151 technikai \u00e9s szervez\u00e9si int\u00e9zked\u00e9sek alkalmaz\u00e1s\u00e1val biztos\u00edtjuk a szem\u00e9lyes adatok <strong>megfelel\u0151 biztons\u00e1g\u00e1t<\/strong> az adatok jogosulatlan vagy jogellenes kezel\u00e9s\u00e9vel, v\u00e9letlen elveszt\u00e9s\u00e9vel, megsemmis\u00edt\u00e9s\u00e9vel vagy k\u00e1rosod\u00e1s\u00e1val szemben.<\/span><\/div>\n<\/p><\/div>\n<\/p><\/div>\n<\/section>\n<p>  <!-- 2. Szolg\u00e1ltat\u00f3 adatai --><\/p>\n<section>\n<h2 class=\"section-title\">\n      <span class=\"icon\"><svg viewBox=\"0 0 24 24\"><path d=\"M12 2C8.13 2 5 5.13 5 9c0 5.25 7 13 7 13s7-7.75 7-13c0-3.87-3.13-7-7-7zm0 9.5c-1.38 0-2.5-1.12-2.5-2.5S10.62 6.5 12 6.5s2.5 1.12 2.5 2.5S13.38 11.5 12 11.5z\"\/><\/svg><\/span><br \/>\n      Szolg\u00e1ltat\u00f3 \/ Adatkezel\u0151 adatai<br \/>\n    <\/h2>\n<div class=\"card\">\n<div class=\"dk-two-col\">\n<div>\n<p class=\"dk-col-title\">Adatkezel\u0151<\/p>\n<div class=\"info-grid\">\n<div class=\"row\"><span class=\"label\">N\u00e9v<\/span><span class=\"value\">Janik Andr\u00e1s<\/span><\/div>\n<div class=\"row\"><span class=\"label\">Sz\u00e9khely<\/span><span class=\"value\">2740 Abony, Nagyk\u0151r\u00f6si \u00fat 10\/a<\/span><\/div>\n<div class=\"row\"><span class=\"label\">Ad\u00f3sz\u00e1m<\/span><span class=\"value\">63008474-1-33<\/span><\/div>\n<div class=\"row\"><span class=\"label\">Weboldal<\/span><span class=\"value\"><a href=\"https:\/\/www.janik-autosiskola.hu\" target=\"_blank\">www.janik-autosiskola.hu<\/a><\/span><\/div>\n<div class=\"row\"><span class=\"label\">E-mail<\/span><span class=\"value\"><a href=\"mailto:abonyiautosiskola@gmail.com\">abonyiautosiskola@gmail.com<\/a><\/span><\/div>\n<div class=\"row\"><span class=\"label\">Telefon<\/span><span class=\"value\"><a href=\"tel:+36304927514\">+36 30 492 7514<\/a><\/span><\/div>\n<\/p><\/div>\n<\/p><\/div>\n<div class=\"dk-col-divider\"><\/div>\n<div>\n<p class=\"dk-col-title\">T\u00e1rhelyszolg\u00e1ltat\u00f3<\/p>\n<div class=\"info-grid\">\n<div class=\"row\"><span class=\"label\">C\u00e9gn\u00e9v<\/span><span class=\"value\">Rackhost Zrt.<\/span><\/div>\n<div class=\"row\"><span class=\"label\">Sz\u00e9khely<\/span><span class=\"value\">6722 Szeged, Tisza Lajos k\u00f6r\u00fat 41<\/span><\/div>\n<div class=\"row\"><span class=\"label\">E-mail<\/span><span class=\"value\"><a href=\"mailto:info@rackhost.hu\">info@rackhost.hu<\/a><\/span><\/div>\n<\/p><\/div>\n<\/p><\/div>\n<\/p><\/div>\n<\/p><\/div>\n<\/section>\n<p>  <!-- 3. Kezelt adatok --><\/p>\n<section>\n<h2 class=\"section-title\">\n      <span class=\"icon\"><svg viewBox=\"0 0 24 24\"><path d=\"M14 2H6c-1.1 0-2 .9-2 2v16c0 1.1.9 2 2 2h12c1.1 0 2-.9 2-2V8l-6-6zm4 18H6V4h7v5h5v11zM8 15h8v2H8zm0-4h8v2H8z\"\/><\/svg><\/span><br \/>\n      Kezelt adatok k\u00f6re \u00e9s c\u00e9lja<br \/>\n    <\/h2>\n<div class=\"card\">\n<p class=\"prose-p\" style=\"margin-bottom:14px;\">Az adatkezel\u00e9s jogalapja az \u00e9rintett szem\u00e9ly <strong>\u00f6nk\u00e9ntes hozz\u00e1j\u00e1rul\u00e1sa<\/strong>, illetve egyes esetekben jogszab\u00e1lyi el\u0151\u00edr\u00e1s.<\/p>\n<div class=\"dk-table-wrap\">\n<table class=\"dk-table\">\n<thead>\n<tr>\n<th>Kezelt adat<\/th>\n<th>Az adatkezel\u00e9s c\u00e9lja<\/th>\n<\/tr>\n<\/thead>\n<tbody>\n<tr>\n<td>N\u00e9v<\/td>\n<td>Azonos\u00edt\u00e1s, kapcsolattart\u00e1s, sz\u00e1ml\u00e1z\u00e1s<\/td>\n<\/tr>\n<tr>\n<td>C\u00e9gn\u00e9v<\/td>\n<td>Azonos\u00edt\u00e1s, kapcsolattart\u00e1s, sz\u00e1ml\u00e1z\u00e1s<\/td>\n<\/tr>\n<tr>\n<td>C\u00edm<\/td>\n<td>Azonos\u00edt\u00e1s, kapcsolattart\u00e1s, sz\u00e1ml\u00e1z\u00e1s<\/td>\n<\/tr>\n<tr>\n<td>E-mail c\u00edm<\/td>\n<td>Azonos\u00edt\u00e1s, kapcsolattart\u00e1s<\/td>\n<\/tr>\n<tr>\n<td>Telefonsz\u00e1m<\/td>\n<td>Azonos\u00edt\u00e1s, kapcsolattart\u00e1s<\/td>\n<\/tr>\n<tr>\n<td>Ad\u00f3sz\u00e1m \/ ad\u00f3azonos\u00edt\u00f3<\/td>\n<td>A vev\u0151 azonos\u00edt\u00e1sa<\/td>\n<\/tr>\n<tr>\n<td>Sz\u00e1mlaadatok<\/td>\n<td>A sz\u00e1mla azonos\u00edt\u00e1sa<\/td>\n<\/tr>\n<tr>\n<td>Jogos\u00edtv\u00e1ny, szem\u00e9lyi igazolv\u00e1ny, lakc\u00edmk\u00e1rtya, \u00fatlev\u00e9l, di\u00e1kigazolv\u00e1ny, orvosi pap\u00edrok<\/td>\n<td>Jogszab\u00e1lyi k\u00f6telezetts\u00e9g teljes\u00edt\u00e9se (aut\u00f3siskola)<\/td>\n<\/tr>\n<\/tbody>\n<\/table><\/div>\n<\/p><\/div>\n<\/section>\n<p>  <!-- 4. Az \u00d6n jogai --><\/p>\n<section>\n<h2 class=\"section-title\">\n      <span class=\"icon\"><svg viewBox=\"0 0 24 24\"><path d=\"M12 1L3 5v6c0 5.55 3.84 10.74 9 12 5.16-1.26 9-6.45 9-12V5l-9-4zm0 10.99h7c-.53 4.12-3.28 7.79-7 8.94V12H5V6.3l7-3.11v8.8z\"\/><\/svg><\/span><br \/>\n      Az \u00d6n jogai \u00e9s jogorvoslati lehet\u0151s\u00e9gei<br \/>\n    <\/h2>\n<div class=\"card\">\n<p class=\"prose-p\" style=\"margin-bottom:14px;\">\u00d6n az adatkezel\u00e9ssel kapcsolatban az al\u00e1bbi jogokat gyakorolhatja:<\/p>\n<div class=\"dk-rights\">\n<div class=\"dk-right-item\"><span class=\"dk-right-icon\">\ud83d\udccb<\/span><span><strong>T\u00e1j\u00e9koztat\u00e1s k\u00e9r\u00e9se<\/strong> az \u00e1ltalunk kezelt szem\u00e9lyes adatair\u00f3l<\/span><\/div>\n<div class=\"dk-right-item\"><span class=\"dk-right-icon\">\u270f\ufe0f<\/span><span><strong>Helyesb\u00edt\u00e9s, m\u00f3dos\u00edt\u00e1s, kieg\u00e9sz\u00edt\u00e9s<\/strong> k\u00e9r\u00e9se a pontatlan adatok eset\u00e9n<\/span><\/div>\n<div class=\"dk-right-item\"><span class=\"dk-right-icon\">\ud83d\uddd1\ufe0f<\/span><span><strong>T\u00f6rl\u00e9s \u00e9s z\u00e1rol\u00e1s<\/strong> k\u00e9r\u00e9se (k\u00f6telez\u0151 adatkezel\u00e9s kiv\u00e9tel\u00e9vel)<\/span><\/div>\n<div class=\"dk-right-item\"><span class=\"dk-right-icon\">\ud83d\udeab<\/span><span><strong>Tiltakoz\u00e1s<\/strong> az adatkezel\u00e9s ellen<\/span><\/div>\n<div class=\"dk-right-item\"><span class=\"dk-right-icon\">\u2696\ufe0f<\/span><span><strong>B\u00edr\u00f3s\u00e1gi jogorvoslat<\/strong> ig\u00e9nybev\u00e9tele<\/span><\/div>\n<div class=\"dk-right-item\"><span class=\"dk-right-icon\">\ud83d\udce3<\/span><span><strong>Panasz beny\u00fajt\u00e1sa<\/strong> a fel\u00fcgyel\u0151 hat\u00f3s\u00e1gn\u00e1l: <a href=\"https:\/\/naih.hu\" target=\"_blank\">naih.hu<\/a><\/span><\/div>\n<\/p><\/div>\n<div class=\"highlight-box\" style=\"margin-top:14px;\">\n        K\u00e9relm\u00e9re <strong>10 napon bel\u00fcl<\/strong> (legfeljebb 1 h\u00f3napon bel\u00fcl) ingyenes t\u00e1j\u00e9koztat\u00e1st adunk. A szem\u00e9lyes adatok m\u00f3dos\u00edt\u00e1sa vagy t\u00f6rl\u00e9se kezdem\u00e9nyezhet\u0151 e-mailben, telefonon vagy lev\u00e9lben.\n      <\/div>\n<\/p><\/div>\n<\/section>\n<p>  <!-- 5. Fel\u00fcgyel\u0151 hat\u00f3s\u00e1gok --><\/p>\n<section>\n<h2 class=\"section-title\">\n      <span class=\"icon\"><svg viewBox=\"0 0 24 24\"><path d=\"M12 2C6.48 2 2 6.48 2 12s4.48 10 10 10 10-4.48 10-10S17.52 2 12 2zm-1 14H9V8h2v8zm4 0h-2V8h2v8z\"\/><\/svg><\/span><br \/>\n      Fel\u00fcgyel\u0151 hat\u00f3s\u00e1gok<br \/>\n    <\/h2>\n<div class=\"card\">\n<div class=\"dk-two-col\">\n<div>\n<p class=\"dk-col-title\">Nemzeti Adatv\u00e9delmi \u00e9s Inform\u00e1ci\u00f3szabads\u00e1g Hat\u00f3s\u00e1g<\/p>\n<div class=\"info-grid\">\n<div class=\"row\"><span class=\"label\">Sz\u00e9khely<\/span><span class=\"value\">1055 Budapest, Falk Miksa utca 9\u201311.<\/span><\/div>\n<div class=\"row\"><span class=\"label\">Lev. c\u00edm<\/span><span class=\"value\">1530 Budapest, Pf.: 9.<\/span><\/div>\n<div class=\"row\"><span class=\"label\">Telefon<\/span><span class=\"value\">+36 (1) 391-1400<\/span><\/div>\n<div class=\"row\"><span class=\"label\">E-mail<\/span><span class=\"value\"><a href=\"mailto:ugyfelszolgalat@naih.hu\">ugyfelszolgalat@naih.hu<\/a><\/span><\/div>\n<div class=\"row\"><span class=\"label\">Honlap<\/span><span class=\"value\"><a href=\"https:\/\/naih.hu\" target=\"_blank\">naih.hu<\/a><\/span><\/div>\n<\/p><\/div>\n<\/p><\/div>\n<div class=\"dk-col-divider\"><\/div>\n<div>\n<p class=\"dk-col-title\">Budapesti B\u00e9k\u00e9ltet\u0151 Test\u00fclet<\/p>\n<div class=\"info-grid\">\n<div class=\"row\"><span class=\"label\">C\u00edm<\/span><span class=\"value\">1016 Budapest, Krisztina krt. 99. I\/111.<\/span><\/div>\n<div class=\"row\"><span class=\"label\">Postac\u00edm<\/span><span class=\"value\">1253 Budapest, Pf.: 10.<\/span><\/div>\n<div class=\"row\"><span class=\"label\">Telefon<\/span><span class=\"value\">+36-1-488-21-31<\/span><\/div>\n<div class=\"row\"><span class=\"label\">E-mail<\/span><span class=\"value\"><a href=\"mailto:bekelteto.testulet@bkik.hu\">bekelteto.testulet@bkik.hu<\/a><\/span><\/div>\n<\/p><\/div>\n<\/p><\/div>\n<\/p><\/div>\n<\/p><\/div>\n<\/section>\n<p>  <!-- 6. S\u00fctik --><\/p>\n<section>\n<h2 class=\"section-title\">\n      <span class=\"icon\"><svg viewBox=\"0 0 24 24\"><path d=\"M21.598 11.064a1.006 1.006 0 0 0-.854-.172A2.938 2.938 0 0 1 20 11c-1.654 0-3-1.346-3.003-2.937.005-.034.016-.136.017-.17a.998.998 0 0 0-1.254-1.006A2.963 2.963 0 0 1 15 7c-1.654 0-3-1.346-3-3 0-.217.031-.431.081-.63A1 1 0 0 0 11.06 2.12C9.29 2.64 7.65 3.647 6.352 5C3.246 8.13 2.25 12.691 3.646 16.903 4.743 20.217 7.576 22.817 11 23.718c1.005.27 2.043.405 3.056.405a12.23 12.23 0 0 0 4.527-.86c3.108-1.226 5.538-3.89 6.418-7.091.197-.712-.112-1.462-.403-1.108zM14 20.03a9.992 9.992 0 0 1-3.677-.72 9.903 9.903 0 0 1-5.951-7.239A9.898 9.898 0 0 1 7.59 6.64C8.42 5.796 9.428 5.09 10.533 4.624c.087 2.809 2.362 5.076 5.177 5.153.369 1.898 1.755 3.45 3.594 4.086A9.983 9.983 0 0 1 14 20.03z\"\/><\/svg><\/span><br \/>\n      S\u00fctik (Cookie-k)<br \/>\n    <\/h2>\n<div class=\"card prose\">\n<p>A s\u00fctik (cookie-k) olyan kism\u00e9ret\u0171 adatf\u00e1jlok, amelyek a weboldal l\u00e1togat\u00e1sakor az \u00d6n b\u00f6ng\u00e9sz\u0151j\u00e9be ker\u00fclnek. A legt\u00f6bb b\u00f6ng\u00e9sz\u0151 alapbe\u00e1ll\u00edt\u00e1sk\u00e9nt elfogadja ezeket, de \u00d6n b\u00e1rmikor letilthatja vagy t\u00f6r\u00f6lheti \u0151ket a b\u00f6ng\u00e9sz\u0151 be\u00e1ll\u00edt\u00e1saiban.<\/p>\n<div class=\"dk-cookie-box\">\n<div class=\"dk-cookie-row\">\n          <span class=\"dk-cookie-label\">Cookie t\u00edpusa<\/span><br \/>\n          <span class=\"dk-cookie-value\">Google Analytics<\/span>\n        <\/div>\n<div class=\"dk-cookie-row\">\n          <span class=\"dk-cookie-label\">Funkci\u00f3<\/span><br \/>\n          <span class=\"dk-cookie-value\">A l\u00e1togat\u00f3k weboldalhaszn\u00e1lati szok\u00e1sainak r\u00f6gz\u00edt\u00e9se (anonim m\u00f3don): l\u00e1togat\u00f3k sz\u00e1ma, \u00e9rkez\u00e9si forr\u00e1s, megtekintett oldalak<\/span>\n        <\/div>\n<div class=\"dk-cookie-row\">\n          <span class=\"dk-cookie-label\">\u00dczemeltet\u0151<\/span><br \/>\n          <span class=\"dk-cookie-value\">Google Inc. (1600 Amphitheatre Parkway, Mountain View, CA 94043, USA)<\/span>\n        <\/div>\n<div class=\"dk-cookie-row\">\n          <span class=\"dk-cookie-label\">\u00c9rv\u00e9nyess\u00e9g<\/span><br \/>\n          <span class=\"dk-cookie-value\">1 \u00e9v<\/span>\n        <\/div>\n<\/p><\/div>\n<div class=\"highlight-box\">\n        Google Analytics letilt\u00f3 b\u0151v\u00edtm\u00e9ny: <a href=\"https:\/\/support.google.com\/analytics\/answer\/6004245?hl=hu\" target=\"_blank\">support.google.com<\/a><br \/>\n        Google adatv\u00e9delmi ir\u00e1nyelvek: <a href=\"https:\/\/policies.google.com\/privacy?hl=hu\" target=\"_blank\">policies.google.com\/privacy<\/a>\n      <\/div>\n<\/p><\/div>\n<\/section>\n<p>  <!-- 7. Sz\u00e1mlaki\u00e1ll\u00edt\u00e1s --><\/p>\n<section>\n<h2 class=\"section-title\">\n      <span class=\"icon\"><svg viewBox=\"0 0 24 24\"><path d=\"M20 4H4c-1.11 0-2 .89-2 2v12c0 1.11.89 2 2 2h16c1.11 0 2-.89 2-2V6c0-1.11-.89-2-2-2zm0 14H4v-6h16v6zm0-10H4V6h16v2z\"\/><\/svg><\/span><br \/>\n      Sz\u00e1mlaki\u00e1ll\u00edt\u00e1s<br \/>\n    <\/h2>\n<div class=\"card prose\">\n<p>Az adatkezel\u00e9s c\u00e9lja: sz\u00e1mla (elektronikus vagy pap\u00edr alap\u00fa) ki\u00e1ll\u00edt\u00e1sa \u00e9s k\u00fcld\u00e9se. Az adatkezel\u00e9s jogalapja <strong>jogszab\u00e1lyon alapul\u00f3 k\u00f6telez\u0151 adatkezel\u00e9s<\/strong>.<\/p>\n<p>A sz\u00e1ml\u00e1z\u00e1si adatok t\u00f6rl\u00e9se kiz\u00e1r\u00f3lag jogszab\u00e1lyi el\u0151\u00edr\u00e1s szerint lehets\u00e9ges. Az adatokhoz az adatkezel\u0151 \u00e9s alkalmazottai f\u00e9rhetnek hozz\u00e1. Az adatok t\u00e1rol\u00e1si m\u00f3dja: elektronikus.<\/p>\n<div class=\"highlight-box\">\n        Sz\u00e1mlaadat m\u00f3dos\u00edt\u00e1s vagy t\u00f6rl\u00e9s kezdem\u00e9nyezhet\u0151 e-mailben, telefonon vagy lev\u00e9lben a fent megadott el\u00e9rhet\u0151s\u00e9geken.\n      <\/div>\n<\/p><\/div>\n<\/section>\n<p>  <!-- 8. K\u00f6z\u00f6ss\u00e9gi oldalak --><\/p>\n<section>\n<h2 class=\"section-title\">\n      <span class=\"icon\"><svg viewBox=\"0 0 24 24\"><path d=\"M18 16.08c-.76 0-1.44.3-1.96.77L8.91 12.7c.05-.23.09-.46.09-.7s-.04-.47-.09-.7l7.05-4.11c.54.5 1.25.81 2.04.81 1.66 0 3-1.34 3-3s-1.34-3-3-3-3 1.34-3 3c0 .24.04.47.09.7L8.04 9.81C7.5 9.31 6.79 9 6 9c-1.66 0-3 1.34-3 3s1.34 3 3 3c.79 0 1.5-.31 2.04-.81l7.12 4.16c-.05.21-.08.43-.08.65 0 1.61 1.31 2.92 2.92 2.92 1.61 0 2.92-1.31 2.92-2.92s-1.31-2.92-2.92-2.92z\"\/><\/svg><\/span><br \/>\n      K\u00f6z\u00f6ss\u00e9gi oldalak<br \/>\n    <\/h2>\n<div class=\"card prose\">\n<p>A weboldal Facebook, Instagram, TikTok, YouTube \u00e9s egy\u00e9b k\u00f6z\u00f6ss\u00e9gi m\u00e9dia fel\u00fcleteken is megjelenik. Az \u00e9rintettek k\u00f6re: a weboldal l\u00e1togat\u00f3i. Az adatgy\u0171jt\u00e9s c\u00e9lja a weboldal n\u00e9pszer\u0171s\u00edt\u00e9se.<\/p>\n<div class=\"warn-box\">\n        <strong>\u26a0 Fontos<\/strong><br \/>\n        Amikor a felhaszn\u00e1l\u00f3 felt\u00f6lt vagy bek\u00fcld szem\u00e9lyes adatot egy k\u00f6z\u00f6ss\u00e9gi oldalra, vil\u00e1gszerte \u00e9rv\u00e9nyes enged\u00e9lyt ad az oldal \u00fczemeltet\u0151j\u00e9nek annak t\u00e1rol\u00e1s\u00e1ra \u00e9s felhaszn\u00e1l\u00e1s\u00e1ra. Az adatkezel\u00e9s felt\u00e9telei az adott k\u00f6z\u00f6ss\u00e9gi oldal szab\u00e1lyzata szerint alakulnak \u2013 ez\u00e9rt az adatkezel\u00e9s id\u0151tartam\u00e1ra, t\u00f6rl\u00e9s\u00e9re \u00e9s az adatokhoz val\u00f3 hozz\u00e1f\u00e9r\u00e9sre az adott platform szab\u00e1lyzata az ir\u00e1nyad\u00f3.\n      <\/div>\n<\/p><\/div>\n<\/section>\n<p>  <!-- 9. Adatkezel\u00e9s ir\u00e1nyelvei --><\/p>\n<section>\n<h2 class=\"section-title\">\n      <span class=\"icon\"><svg viewBox=\"0 0 24 24\"><path d=\"M9 16.17L4.83 12l-1.42 1.41L9 19 21 7l-1.41-1.41z\"\/><\/svg><\/span><br \/>\n      Adatkezel\u00e9s ir\u00e1nyelvei \u00e9s biztons\u00e1ga<br \/>\n    <\/h2>\n<div class=\"card prose\">\n<p>Az adatkezel\u0151 kijelenti, hogy a szem\u00e9lyes adatok kezel\u00e9se sor\u00e1n betartja a vonatkoz\u00f3 jogszab\u00e1lyokat \u2013 k\u00fcl\u00f6n\u00f6sen az EU \u00e1ltal\u00e1nos adatv\u00e9delmi rendelet\u00e9t (GDPR).<\/p>\n<p><strong>Szervezeti int\u00e9zked\u00e9sek:<\/strong> az \u00e9p\u00fcletekben ellen\u0151rz\u00f6tt a fizikai hozz\u00e1f\u00e9r\u00e9s, a munkav\u00e1llal\u00f3k rendszeres oktat\u00e1sban r\u00e9szes\u00fclnek, a pap\u00edr alap\u00fa dokumentumokat elz\u00e1rva tartjuk.<\/p>\n<p><strong>Technikai int\u00e9zked\u00e9sek:<\/strong> titkos\u00edt\u00e1st, jelsz\u00f3v\u00e9delmet \u00e9s v\u00edrusirt\u00f3 szoftvereket alkalmazunk.<\/p>\n<div class=\"warn-box\">\n        <strong>\u26a0 Felh\u00edv\u00e1s<\/strong><br \/>\n        Az interneten kereszt\u00fcli adattov\u00e1bb\u00edt\u00e1s nem tekinthet\u0151 teljes k\u00f6r\u0171en biztons\u00e1gosnak. T\u00e1rsas\u00e1gunk mindent megtesz a folyamatok biztons\u00e1goss\u00e1 t\u00e9tel\u00e9\u00e9rt, azonban a weblapunkon kereszt\u00fcl t\u00f6rt\u00e9n\u0151 adattov\u00e1bb\u00edt\u00e1s\u00e9rt teljes felel\u0151ss\u00e9get nem tudunk v\u00e1llalni. K\u00fclf\u00f6ldre adatot nem tov\u00e1bb\u00edtunk.\n      <\/div>\n<\/p><\/div>\n<\/section>\n<p>  <!-- 10. Fogalommeghat\u00e1roz\u00e1sok --><\/p>\n<section>\n<h2 class=\"section-title\">\n      <span class=\"icon\"><svg viewBox=\"0 0 24 24\"><path d=\"M11 7h2v2h-2zm0 4h2v6h-2zm1-9C6.48 2 2 6.48 2 12s4.48 10 10 10 10-4.48 10-10S17.52 2 12 2zm0 18c-4.41 0-8-3.59-8-8s3.59-8 8-8 8 3.59 8 8-3.59 8-8 8z\"\/><\/svg><\/span><br \/>\n      Fogalommeghat\u00e1roz\u00e1sok<br \/>\n    <\/h2>\n<div class=\"card\">\n<div class=\"dk-definitions\">\n<div class=\"dk-def\"><span class=\"dk-def-term\">GDPR<\/span><span class=\"dk-def-desc\">Az Eur\u00f3pai Uni\u00f3 \u00e1ltal\u00e1nos adatv\u00e9delmi rendelete (General Data Protection Regulation)<\/span><\/div>\n<div class=\"dk-def\"><span class=\"dk-def-term\">Adatkezel\u00e9s<\/span><span class=\"dk-def-desc\">A szem\u00e9lyes adatokon v\u00e9gzett b\u00e1rmely m\u0171velet: gy\u0171jt\u00e9s, r\u00f6gz\u00edt\u00e9s, rendszerez\u00e9s, t\u00e1rol\u00e1s, m\u00f3dos\u00edt\u00e1s, lek\u00e9rdez\u00e9s, k\u00f6zl\u00e9s, t\u00f6rl\u00e9s stb.<\/span><\/div>\n<div class=\"dk-def\"><span class=\"dk-def-term\">Szem\u00e9lyes adat<\/span><span class=\"dk-def-desc\">Azonos\u00edtott vagy azonos\u00edthat\u00f3 term\u00e9szetes szem\u00e9lyre vonatkoz\u00f3 b\u00e1rmely inform\u00e1ci\u00f3 (pl. n\u00e9v, c\u00edm, online azonos\u00edt\u00f3)<\/span><\/div>\n<div class=\"dk-def\"><span class=\"dk-def-term\">Adatkezel\u0151<\/span><span class=\"dk-def-desc\">Az a szem\u00e9ly vagy szervezet, amely a szem\u00e9lyes adatok kezel\u00e9s\u00e9nek c\u00e9ljait \u00e9s eszk\u00f6zeit meghat\u00e1rozza<\/span><\/div>\n<div class=\"dk-def\"><span class=\"dk-def-term\">Adatfeldolgoz\u00f3<\/span><span class=\"dk-def-desc\">Az a szem\u00e9ly vagy szervezet, amely az adatkezel\u0151 nev\u00e9ben szem\u00e9lyes adatokat kezel<\/span><\/div>\n<div class=\"dk-def\"><span class=\"dk-def-term\">\u00c9rintett hozz\u00e1j\u00e1rul\u00e1sa<\/span><span class=\"dk-def-desc\">Az \u00e9rintett \u00f6nk\u00e9ntes, konkr\u00e9t, t\u00e1j\u00e9koztat\u00e1son alapul\u00f3 \u00e9s egy\u00e9rtelm\u0171 beleegyez\u00e9se az adatai kezel\u00e9s\u00e9hez<\/span><\/div>\n<div class=\"dk-def\"><span class=\"dk-def-term\">Adatv\u00e9delmi incidens<\/span><span class=\"dk-def-desc\">A biztons\u00e1g olyan s\u00e9r\u00fcl\u00e9se, amely a szem\u00e9lyes adatok v\u00e9letlen vagy jogellenes megsemmis\u00edt\u00e9s\u00e9hez, elveszt\u00e9s\u00e9hez, megv\u00e1ltoztat\u00e1s\u00e1hoz vagy jogosulatlan hozz\u00e1f\u00e9r\u00e9s\u00e9hez vezet<\/span><\/div>\n<div class=\"dk-def\"><span class=\"dk-def-term\">Harmadik f\u00e9l<\/span><span class=\"dk-def-desc\">Az a szem\u00e9ly vagy szervezet, amely nem azonos az \u00e9rintettel, az adatkezel\u0151vel vagy az adatfeldolgoz\u00f3val<\/span><\/div>\n<\/p><\/div>\n<\/p><\/div>\n<\/section>\n<p>  <!-- 11. Jogszab\u00e1lyi h\u00e1tt\u00e9r --><\/p>\n<section>\n<h2 class=\"section-title\">\n      <span class=\"icon\"><svg viewBox=\"0 0 24 24\"><path d=\"M12 1L3 5v6c0 5.55 3.84 10.74 9 12 5.16-1.26 9-6.45 9-12V5l-9-4z\"\/><\/svg><\/span><br \/>\n      Jogszab\u00e1lyi h\u00e1tt\u00e9r<br \/>\n    <\/h2>\n<div class=\"card\">\n<div class=\"dk-laws\">\n<div class=\"dk-law\"><span class=\"dk-law-tag\">EU<\/span><span>EU 2016\/679 rendelet \u2013 \u00c1ltal\u00e1nos adatv\u00e9delmi rendelet (GDPR)<\/span><\/div>\n<div class=\"dk-law\"><span class=\"dk-law-tag\">HU<\/span><span>2011. \u00e9vi CXII. t\u00f6rv\u00e9ny \u2013 az inform\u00e1ci\u00f3s \u00f6nrendelkez\u00e9si jogr\u00f3l \u00e9s az inform\u00e1ci\u00f3szabads\u00e1gr\u00f3l<\/span><\/div>\n<div class=\"dk-law\"><span class=\"dk-law-tag\">HU<\/span><span>2001. \u00e9vi CVIII. t\u00f6rv\u00e9ny \u2013 az elektronikus kereskedelmi szolg\u00e1ltat\u00e1sokr\u00f3l<\/span><\/div>\n<div class=\"dk-law\"><span class=\"dk-law-tag\">HU<\/span><span>2003. \u00e9vi C. t\u00f6rv\u00e9ny \u2013 az elektronikus h\u00edrk\u00f6zl\u00e9sr\u0151l<\/span><\/div>\n<div class=\"dk-law\"><span class=\"dk-law-tag\">HU<\/span><span>2007. \u00e9vi CXXVII. t\u00f6rv\u00e9ny (\u00c1FA tv.) 169. \u00a7 \u2013 nyugtaad\u00e1si k\u00f6telezetts\u00e9g \u00e9s sz\u00e1mla adattartalma<\/span><\/div>\n<\/p><\/div>\n<\/p><\/div>\n<\/section>\n<p><\/main><\/p>\n<footer class=\"imp-footer\">\n  <strong>Copyright \u00a9 Janik Andr\u00e1s Ev.<\/strong> &nbsp;\u00b7&nbsp; Minden jog fenntartva.<br \/>\n<\/footer>\n","protected":false},"excerpt":{"rendered":"<p>Bevezet\u00e9s T\u00e1rsas\u00e1gunk az adatkezel\u00e9se sor\u00e1n az al\u00e1bbi alapelveket k\u00f6veti: aA szem\u00e9lyes adatokat jogszer\u0171en \u00e9s tisztess\u00e9gesen, valamint az \u00d6n sz\u00e1m\u00e1ra \u00e1tl\u00e1that\u00f3an kezelj\u00fck. bA szem\u00e9lyes adatokat csak meghat\u00e1rozott, egy\u00e9rtelm\u0171 \u00e9s jogszer\u0171 c\u00e9lb\u00f3l gy\u0171jtj\u00fck, \u00e9s azokat nem kezelj\u00fck a c\u00e9lokkal \u00f6ssze nem egyeztethet\u0151 m\u00f3don. cAz \u00e1ltalunk gy\u0171jt\u00f6tt \u00e9s kezelt szem\u00e9lyes adatok az adatkezel\u00e9s c\u00e9ljai szempontj\u00e1b\u00f3l megfelel\u0151ek \u00e9s relev\u00e1nsak,&hellip;&nbsp;<a href=\"https:\/\/janik-autosiskola.hu\/?page_id=412\" rel=\"bookmark\">Read More &raquo;<span class=\"screen-reader-text\">Adatkezel\u00e9si t\u00e1j\u00e9koztat\u00f3<\/span><\/a><\/p>\n","protected":false},"author":1,"featured_media":0,"parent":0,"menu_order":0,"comment_status":"closed","ping_status":"closed","template":"","meta":{"neve_meta_sidebar":"","neve_meta_container":"","neve_meta_enable_content_width":"","neve_meta_content_width":0,"neve_meta_title_alignment":"","neve_meta_author_avatar":"","neve_post_elements_order":"","neve_meta_disable_header":"","neve_meta_disable_footer":"","neve_meta_disable_title":"","footnotes":""},"class_list":["post-412","page","type-page","status-publish","hentry"],"_links":{"self":[{"href":"https:\/\/janik-autosiskola.hu\/index.php?rest_route=\/wp\/v2\/pages\/412","targetHints":{"allow":["GET"]}}],"collection":[{"href":"https:\/\/janik-autosiskola.hu\/index.php?rest_route=\/wp\/v2\/pages"}],"about":[{"href":"https:\/\/janik-autosiskola.hu\/index.php?rest_route=\/wp\/v2\/types\/page"}],"author":[{"embeddable":true,"href":"https:\/\/janik-autosiskola.hu\/index.php?rest_route=\/wp\/v2\/users\/1"}],"replies":[{"embeddable":true,"href":"https:\/\/janik-autosiskola.hu\/index.php?rest_route=%2Fwp%2Fv2%2Fcomments&post=412"}],"version-history":[{"count":10,"href":"https:\/\/janik-autosiskola.hu\/index.php?rest_route=\/wp\/v2\/pages\/412\/revisions"}],"predecessor-version":[{"id":968,"href":"https:\/\/janik-autosiskola.hu\/index.php?rest_route=\/wp\/v2\/pages\/412\/revisions\/968"}],"wp:attachment":[{"href":"https:\/\/janik-autosiskola.hu\/index.php?rest_route=%2Fwp%2Fv2%2Fmedia&parent=412"}],"curies":[{"name":"wp","href":"https:\/\/api.w.org\/{rel}","templated":true}]}}