{"id":455,"date":"2022-04-14T10:38:44","date_gmt":"2022-04-14T10:38:44","guid":{"rendered":"https:\/\/janik-autosiskola.hu\/?page_id=455"},"modified":"2026-02-19T10:26:04","modified_gmt":"2026-02-19T10:26:04","slug":"atlagos-kepzesi-oraszam","status":"publish","type":"page","link":"https:\/\/janik-autosiskola.hu\/?page_id=455","title":{"rendered":"\u00c1tlagos k\u00e9pz\u00e9si \u00f3rasz\u00e1m"},"content":{"rendered":"\n<p><strong>B kateg\u00f3ri\u00e1s tanul\u00f3k eset\u00e9ben, 30 alap \u00f3ra tekinthet\u0151 100 % nak.<\/strong><\/p>\n\n\n\n<p>2018. 02.negyed\u00e9vben \u00e1tlagosan 103,19 % \u00f3r\u00e1t vezettek a tanul\u00f3ink, hogy sikeres vizsg\u00e1t tegyenek.<br>2018. 03.negyed\u00e9vben \u00e1tlagosan 104.50 % \u00f3r\u00e1t vezettek a tanul\u00f3ink, hogy sikeres vizsg\u00e1t tegyenek.<br>2018. 04.negyed\u00e9vben \u00e1tlagosan 105,46 % \u00f3r\u00e1t vezettek a tanul\u00f3ink, hogy sikeres vizsg\u00e1t tegyenek.<\/p>\n\n\n\n<p>2019 .01.negyed\u00e9vben \u00e1tlagosan 109,32 % \u00f3r\u00e1t vezettek a tanul\u00f3ink, hogy sikeres vizsg\u00e1t tegyenek.<br>2019. 02.negyed\u00e9vben \u00e1tlagosan 112,07 % \u00f3r\u00e1t vezettek a tanul\u00f3ink, hogy sikeres vizsg\u00e1t tegyenek.<br>2019. 03.negyed\u00e9vben \u00e1tlagosan 108,74 % \u00f3r\u00e1t vezettek a tanul\u00f3ink, hogy sikeres vizsg\u00e1t tegyenek<br>2019. 04.negyed\u00e9vben \u00e1tlagosan 109,85 % \u00f3r\u00e1t vezettek a tanul\u00f3ink, hogy sikeres vizsg\u00e1t tegyenek<\/p>\n\n\n\n<p>2020. 01.negyed\u00e9vben \u00e1tlagosan 112,82 % \u00f3r\u00e1t vezettek a tanul\u00f3ink, hogy sikeres vizsg\u00e1t tegyenek.<br>2020. 02.negyed\u00e9vben \u00e1tlagosan 111,06 % \u00f3r\u00e1t vezettek a tanul\u00f3ink, hogy sikeres vizsg\u00e1t tegyenek.<br>2020. 03.negyed\u00e9vben \u00e1tlagosan 116,34 % \u00f3r\u00e1t vezettek a tanul\u00f3ink, hogy sikeres vizsg\u00e1t tegyenek.<br>2020. 04.negyed\u00e9vben \u00e1tlagosan 109,94 % \u00f3r\u00e1t vezettek a tanul\u00f3ink, hogy sikeres vizsg\u00e1t tegyenek.<\/p>\n\n\n\n<p>2021. 01.negyed\u00e9vben \u00e1tlagosan 104.90 % \u00f3r\u00e1t vezettek a tanul\u00f3ink, hogy sikeres vizsg\u00e1t tegyenek.<br>2021. 02.negyed\u00e9vben \u00e1tlagosan 104.98 % \u00f3r\u00e1t vezettek a tanul\u00f3ink, hogy sikeres vizsg\u00e1t tegyenek.<br>2021. 03.negyed\u00e9vben \u00e1tlagosan 103.38 % \u00f3r\u00e1t vezettek a tanul\u00f3ink, hogy sikeres vizsg\u00e1t tegyenek.<br>2021. 04.negyed\u00e9vben \u00e1tlagosan 111.41 % \u00f3r\u00e1t vezettek a tanul\u00f3ink, hogy sikeres vizsg\u00e1t tegyenek.<\/p>\n\n\n\n<hr class=\"wp-block-separator has-alpha-channel-opacity\"\/>\n\n\n\n<p>2022. 01.negyed\u00e9vben \u00e1tlagosan 105,54 % \u00f3r\u00e1t vezettek a tanul\u00f3ink, hogy sikeres vizsg\u00e1t tegyenek.<\/p>\n\n\n\n<p>2022. 02.negyed\u00e9vben \u00e1tlagosan 103,73 % \u00f3r\u00e1t vezettek a tanul\u00f3ink, hogy sikeres vizsg\u00e1t tegyenek.<\/p>\n\n\n\n<p>2022. 03.negyed\u00e9vben \u00e1tlagosan 107,05%  \u00f3r\u00e1t vezettek a tanul\u00f3ink, hogy sikeres vizsg\u00e1t tegyenek.<\/p>\n\n\n\n<p>2022. 04.negyed\u00e9vben \u00e1tlagosan 102,10%  \u00f3r\u00e1t vezettek a tanul\u00f3ink, hogy sikeres vizsg\u00e1t tegyenek.<\/p>\n\n\n\n<hr class=\"wp-block-separator has-alpha-channel-opacity\"\/>\n\n\n\n<p>2023. 01.negyed\u00e9vben \u00e1tlagosan 107,15 % \u00f3r\u00e1t vezettek a tanul\u00f3ink, hogy sikeres vizsg\u00e1t tegyenek.<\/p>\n\n\n\n<p>2023. 02.negyed\u00e9vben \u00e1tlagosan 102,07 % \u00f3r\u00e1t vezettek a tanul\u00f3ink, hogy sikeres vizsg\u00e1t tegyenek.<\/p>\n\n\n\n<p>2023. 03.negyed\u00e9vben \u00e1tlagosan 107,84 %  \u00f3r\u00e1t vezettek a tanul\u00f3ink, hogy sikeres vizsg\u00e1t tegyenek.<\/p>\n\n\n\n<p>2023. 04.negyed\u00e9vben \u00e1tlagosan 105,44 % \u00f3r\u00e1t vezettek a tanul\u00f3ink, hogy sikeres vizsg\u00e1t tegyenek.<\/p>\n\n\n\n<hr class=\"wp-block-separator has-alpha-channel-opacity\"\/>\n\n\n\n<p>2024. 01. negyed\u00e9vben \u00e1tlagosan 105,10 % \u00f3r\u00e1t vezettek a tanul\u00f3ink, hogy sikeres vizsg\u00e1t tegyenek. <\/p>\n\n\n\n<p>2024. 02. negyed\u00e9vben \u00e1tlagosan 107,13 % \u00f3r\u00e1t vezettek a tanul\u00f3ink, hogy sikeres vizsg\u00e1t tegyenek.<\/p>\n\n\n\n<p>2024. 03. negyed\u00e9vben \u00e1tlagosan 107,59% \u00f3r\u00e1t vezettek a tanul\u00f3ink, hogy sikeres vizsg\u00e1t tegyenek.<\/p>\n\n\n\n<p>2024.04. negyed\u00e9vben \u00e1tlagosan 103,77 % \u00f3r\u00e1t vezettek a tanul\u00f3ink, hogy sikeres vizsg\u00e1t tegyenek.<\/p>\n\n\n\n<hr class=\"wp-block-separator has-alpha-channel-opacity\"\/>\n\n\n\n<p>2025.01. negyed\u00e9vben \u00e1tlagosan 105,02 % \u00f3r\u00e1t vezettek a tanul\u00f3ink, hogy sikeres vizsg\u00e1t tegyenek.<\/p>\n\n\n\n<p>2025.02. negyed\u00e9vben \u00e1tlagosan 103,25 % \u00f3r\u00e1t vezettek a tanul\u00f3ink, hogy sikeres vizsg\u00e1t tegyenek.<\/p>\n\n\n\n<p>2025.03. negyed\u00e9vben \u00e1tlagosan 107,72 % \u00f3r\u00e1t vezettek a tanul\u00f3ink, hogy sikeres vizsg\u00e1t tegyenek.<\/p>\n\n\n\n<p>2025.04. negyed\u00e9vben \u00e1tlagosan 103,99 % \u00f3r\u00e1t vezettek a tanul\u00f3ink, hogy sikeres vizsg\u00e1t tegyenek.<\/p>\n\n\n\n<hr class=\"wp-block-separator has-alpha-channel-opacity\"\/>\n\n\n\n<figure class=\"wp-block-table is-style-stripes\"><table><tbody><tr><td><\/td><\/tr><tr><td><\/td><\/tr><tr><td><\/td><\/tr><tr><td><\/td><\/tr><tr><td><\/td><\/tr><\/tbody><\/table><\/figure>\n\n\n\n<p><\/p>\n\n\n\n<p><\/p>\n\n\n\n<p><strong>A motorker\u00e9kp\u00e1r eset\u00e9ben, az egyes kateg\u00f3ri\u00e1kra el\u0151\u00edrt \u00f3rasz\u00e1mok: <\/strong><\/p>\n\n\n\n<p><strong>(AM kat 11 \u00f3ra), (A1 kat.17 \u00f3ra), (A2 kat.17 \u00f3ra), (A kat.27 \u00f3ra) tekinthet\u0151 100 % nak.<\/strong><\/p>\n\n\n\n<p><\/p>\n\n\n\n<p>2018. 02.negyed\u00e9vben \u00e1tlagosan 100 % \u00f3r\u00e1t vezettek a tanul\u00f3k, hogy sikeres vizsg\u00e1t tegyenek.<br>2018. 03.negyed\u00e9vben \u00e1tlagosan 100 % \u00f3r\u00e1t vezettek a tanul\u00f3k, hogy sikeres vizsg\u00e1t tegyenek.<br>2018. 04.negyed\u00e9vben \u00e1tlagosan 100 % \u00f3r\u00e1t vezettek a tanul\u00f3k, hogy sikeres vizsg\u00e1t tegyenek.<\/p>\n\n\n\n<p>2019. 01.negyed\u00e9vben \u00e1tlagosan 100 % \u00f3r\u00e1t vezettek a tanul\u00f3k, hogy sikeres vizsg\u00e1t tegyenek.<br>2019. 02.negyed\u00e9vben \u00e1tlagosan 109,86 % \u00f3r\u00e1t vezettek a tanul\u00f3k, hogy sikeres vizsg\u00e1t tegyenek.<br>2019. 03.negyed\u00e9vben \u00e1tlagosan 100 % \u00f3r\u00e1t vezettek a tanul\u00f3k, hogy sikeres vizsg\u00e1t tegyenek.<br>2019. 04.negyed\u00e9vben \u00e1tlagosan 100 % \u00f3r\u00e1t vezettek a tanul\u00f3k, hogy sikeres vizsg\u00e1t tegyenek.<\/p>\n\n\n\n<p>2020. 01.negyed\u00e9vben a korona v\u00edrus miatt nem kezd\u0151dtek meg a motoros gyakorlati vizsg\u00e1k.<br>2020. 02.negyed\u00e9vben \u00e1tlagosan 100 % \u00f3r\u00e1t vezettek a tanul\u00f3k, hogy sikeres vizsg\u00e1t tegyenek.<br>2020. 02.negyed\u00e9vben \u00e1tlagosan 100 % \u00f3r\u00e1t vezettek a tanul\u00f3k, hogy sikeres vizsg\u00e1t tegyenek.<br>2020. 04.negyed\u00e9vben \u00e1tlagosan 100 % \u00f3r\u00e1t vezettek a tanul\u00f3k, hogy sikeres vizsg\u00e1t tegyenek.<\/p>\n\n\n\n<p>2021. 01.negyed\u00e9vben \u00e1tlagosan 100 % \u00f3r\u00e1t vezettek a tanul\u00f3k, hogy sikeres vizsg\u00e1t tegyenek.<br>2021. 02.negyed\u00e9vben \u00e1tlagosan 100 % \u00f3r\u00e1t vezettek a tanul\u00f3k, hogy sikeres vizsg\u00e1t tegyenek.<br>2021. 03.negyed\u00e9vben \u00e1tlagosan 100 % \u00f3r\u00e1t vezettek a tanul\u00f3k, hogy sikeres vizsg\u00e1t tegyenek.<br>2021. 04.negyed\u00e9vben \u00e1tlagosan 100 % \u00f3r\u00e1t vezettek a tanul\u00f3k, hogy sikeres vizsg\u00e1t tegyenek.<\/p>\n\n\n\n<hr class=\"wp-block-separator has-alpha-channel-opacity\"\/>\n\n\n\n<p>2022. 01.negyed\u00e9vben \u00e1tlagosan 100 % \u00f3r\u00e1t vezettek a tanul\u00f3k, hogy sikeres vizsg\u00e1t tegyenek.<\/p>\n\n\n\n<p>2022. 02.negyed\u00e9vben \u00e1tlagosan 100 % \u00f3r\u00e1t vezettek a tanul\u00f3k, hogy sikeres vizsg\u00e1t tegyenek.<\/p>\n\n\n\n<p>2022. 03.negyed\u00e9vben \u00e1tlagosan 100 % \u00f3r\u00e1t vezettek a tanul\u00f3k, hogy sikeres vizsg\u00e1t tegyenek.<\/p>\n\n\n\n<p>2022. 04.negyed\u00e9vben \u00e1tlagosan 100 % \u00f3r\u00e1t vezettek a tanul\u00f3k, hogy sikeres vizsg\u00e1t tegyenek.<\/p>\n\n\n\n<hr class=\"wp-block-separator has-alpha-channel-opacity\"\/>\n\n\n\n<p>2023. 01.negyed\u00e9vben \u00e1tlagosan 100 % \u00f3r\u00e1t vezettek a tanul\u00f3k, hogy sikeres vizsg\u00e1t tegyenek.<\/p>\n\n\n\n<p>2023. 02.negyed\u00e9vben \u00e1tlagosan 106,67% \u00f3r\u00e1t vezettek a tanul\u00f3k, hogy sikeres vizsg\u00e1t tegyenek.<\/p>\n\n\n\n<p>2023. 03.negyed\u00e9vben \u00e1tlagosan 100 % \u00f3r\u00e1t vezettek a tanul\u00f3k, hogy sikeres vizsg\u00e1t tegyenek.<\/p>\n\n\n\n<p>2023. 04.negyed\u00e9vben \u00e1tlagosan 108,33 % \u00f3r\u00e1t vezettek a tanul\u00f3k, hogy sikeres vizsg\u00e1t tegyenek.<\/p>\n\n\n\n<hr class=\"wp-block-separator has-alpha-channel-opacity\"\/>\n\n\n\n<div class=\"wp-block-group\"><div class=\"wp-block-group__inner-container is-layout-constrained wp-block-group-is-layout-constrained\">\n<p>2024. 01. negyed\u00e9vben \u00e1tlagosan 100 % \u00f3r\u00e1t vezettek a tanul\u00f3k, hogy sikeres vizsg\u00e1t tegyenek.<\/p>\n\n\n\n<p>2024. 02. negyed\u00e9vben \u00e1tlagosan 100 % \u00f3r\u00e1t vezettek a tanul\u00f3k, hogy sikeres vizsg\u00e1t tegyenek.<\/p>\n\n\n\n<p>2024.03. negyed\u00e9vben \u00e1tlagosan 101,4 % \u00f3r\u00e1t vezettek a tanul\u00f3k, hogy sikeres vizsg\u00e1t tegyenek.<\/p>\n\n\n\n<p>2024.04. negyed\u00e9vben \u00e1tlagosan 100 % \u00f3r\u00e1t vezettek a tanul\u00f3k, hogy sikeres vizsg\u00e1t tegyenek. <\/p>\n<\/div><\/div>\n\n\n\n<hr class=\"wp-block-separator has-alpha-channel-opacity\"\/>\n\n\n\n<ul class=\"wp-block-list\">\n<li>2025. 01. negyed\u00e9vben \u00e1tlagosan 100 % \u00f3r\u00e1t vezettek a tanul\u00f3k, hogy sikeres vizsg\u00e1t tegyenek<\/li>\n\n\n\n<li>2025. 02. negyed\u00e9vben \u00e1tlagosan 100 % \u00f3r\u00e1t vezettek a tanul\u00f3k, hogy sikeres vizsg\u00e1t tegyenek<\/li>\n\n\n\n<li>2025. 03. negyed\u00e9vben \u00e1tlagosan 100 % \u00f3r\u00e1t vezettek a tanul\u00f3k, hogy sikeres vizsg\u00e1t tegyenek<\/li>\n\n\n\n<li>2025. 04. negyed\u00e9vben \u00e1tlagosan 100 % \u00f3r\u00e1t vezettek a tanul\u00f3k, hogy sikeres vizsg\u00e1t tegyenek<\/li>\n<\/ul>\n\n\n\n<hr class=\"wp-block-separator has-alpha-channel-opacity\"\/>\n\n\n\n<figure class=\"wp-block-table is-style-stripes\"><table><tbody><tr><td><\/td><\/tr><tr><td><\/td><\/tr><tr><td><\/td><\/tr><tr><td><\/td><\/tr><tr><td><\/td><\/tr><\/tbody><\/table><\/figure>\n","protected":false},"excerpt":{"rendered":"<p>B kateg\u00f3ri\u00e1s tanul\u00f3k eset\u00e9ben, 30 alap \u00f3ra tekinthet\u0151 100 % nak. 2018. 02.negyed\u00e9vben \u00e1tlagosan 103,19 % \u00f3r\u00e1t vezettek a tanul\u00f3ink, hogy sikeres vizsg\u00e1t tegyenek.2018. 03.negyed\u00e9vben \u00e1tlagosan 104.50 % \u00f3r\u00e1t vezettek a tanul\u00f3ink, hogy sikeres vizsg\u00e1t tegyenek.2018. 04.negyed\u00e9vben \u00e1tlagosan 105,46 % \u00f3r\u00e1t vezettek a tanul\u00f3ink, hogy sikeres vizsg\u00e1t tegyenek. 2019 .01.negyed\u00e9vben \u00e1tlagosan 109,32 % \u00f3r\u00e1t vezettek&hellip;&nbsp;<a href=\"https:\/\/janik-autosiskola.hu\/?page_id=455\" rel=\"bookmark\">Read More &raquo;<span class=\"screen-reader-text\">\u00c1tlagos k\u00e9pz\u00e9si \u00f3rasz\u00e1m<\/span><\/a><\/p>\n","protected":false},"author":1,"featured_media":0,"parent":0,"menu_order":0,"comment_status":"closed","ping_status":"closed","template":"","meta":{"neve_meta_sidebar":"","neve_meta_container":"","neve_meta_enable_content_width":"","neve_meta_content_width":0,"neve_meta_title_alignment":"","neve_meta_author_avatar":"","neve_post_elements_order":"","neve_meta_disable_header":"","neve_meta_disable_footer":"","neve_meta_disable_title":"","footnotes":""},"class_list":["post-455","page","type-page","status-publish","hentry"],"_links":{"self":[{"href":"https:\/\/janik-autosiskola.hu\/index.php?rest_route=\/wp\/v2\/pages\/455","targetHints":{"allow":["GET"]}}],"collection":[{"href":"https:\/\/janik-autosiskola.hu\/index.php?rest_route=\/wp\/v2\/pages"}],"about":[{"href":"https:\/\/janik-autosiskola.hu\/index.php?rest_route=\/wp\/v2\/types\/page"}],"author":[{"embeddable":true,"href":"https:\/\/janik-autosiskola.hu\/index.php?rest_route=\/wp\/v2\/users\/1"}],"replies":[{"embeddable":true,"href":"https:\/\/janik-autosiskola.hu\/index.php?rest_route=%2Fwp%2Fv2%2Fcomments&post=455"}],"version-history":[{"count":16,"href":"https:\/\/janik-autosiskola.hu\/index.php?rest_route=\/wp\/v2\/pages\/455\/revisions"}],"predecessor-version":[{"id":973,"href":"https:\/\/janik-autosiskola.hu\/index.php?rest_route=\/wp\/v2\/pages\/455\/revisions\/973"}],"wp:attachment":[{"href":"https:\/\/janik-autosiskola.hu\/index.php?rest_route=%2Fwp%2Fv2%2Fmedia&parent=455"}],"curies":[{"name":"wp","href":"https:\/\/api.w.org\/{rel}","templated":true}]}}