{"id":457,"date":"2022-04-14T10:40:04","date_gmt":"2022-04-14T10:40:04","guid":{"rendered":"https:\/\/janik-autosiskola.hu\/?page_id=457"},"modified":"2026-02-19T10:51:43","modified_gmt":"2026-02-19T10:51:43","slug":"kepzesi-koltseg","status":"publish","type":"page","link":"https:\/\/janik-autosiskola.hu\/?page_id=457","title":{"rendered":"K\u00e9pz\u00e9si k\u00f6lts\u00e9g"},"content":{"rendered":"\n<p><strong>Figyelemmel az \u00e1tlagos k\u00e9pz\u00e9si \u00f3rasz\u00e1mra, egy motoros jogos\u00edtv\u00e1ny beker\u00fcl\u00e9si k\u00f6lts\u00e9ge:<\/strong><\/p>\n\n\n\n<p><strong>2018 02. negyed\u00e9vben:<\/strong><br>AM&#8221; kateg\u00f3ri\u00e1ban: elm\u00e9leti tand\u00edj: 25.000 Ft, gyakorlati 33.000 Ft + Vizsgad\u00edjak<br>A1 kateg\u00f3ria (megl\u00e9v\u0151 B jogos\u00edtv\u00e1nnyal): elm\u00e9leti tand\u00edj: 10.000 Ft, gyakorlati 32.000 Ft + Vizsgad\u00edjak<br>A1&#8243;, A2&#8243; kateg\u00f3ri\u00e1ban: elm\u00e9let: 30.000 Ft, gyakorlat: 68.000 Ft + Vizsgad\u00edjak<br>A&#8221; kateg\u00f3ri\u00e1ban: elm\u00e9let: 30.000 Ft, gyakorlat: 108.000 Ft + Vizsgad\u00edjak<\/p>\n\n\n\n<p><strong>2018 03. negyed\u00e9vben:<\/strong><br>AM&#8221; kateg\u00f3ri\u00e1ban: elm\u00e9leti tand\u00edj: 25.000 Ft, gyakorlati 33.000 Ft + Vizsgad\u00edjak<br>A1 kateg\u00f3ria (megl\u00e9v\u0151 B jogos\u00edtv\u00e1nnyal): elm\u00e9leti tand\u00edj: 10.000 Ft, gyakorlati 32.000 Ft + Vizsgad\u00edjak<br>A1&#8243;, A2&#8243; kateg\u00f3ri\u00e1ban: elm\u00e9let: 30.000 Ft, gyakorlat: 68.000 Ft + Vizsgad\u00edjak<br>A&#8221; kateg\u00f3ri\u00e1ban: elm\u00e9let: 30.000 Ft, gyakorlat: 108.000 Ft + Vizsgad\u00edjak<\/p>\n\n\n\n<p><strong>2018 04. negyed\u00e9vben,:<\/strong><br>AM&#8221; kateg\u00f3ri\u00e1ban: elm\u00e9leti tand\u00edj: 25.000 Ft, gyakorlati 33.000 Ft + Vizsgad\u00edjak<br>A1 kateg\u00f3ria (megl\u00e9v\u0151 B jogos\u00edtv\u00e1nnyal): elm\u00e9leti tand\u00edj: 10.000 Ft, gyakorlati 32.000 Ft + Vizsgad\u00edjak<br>A1&#8243;, A2&#8243; kateg\u00f3ri\u00e1ban: elm\u00e9let: 30.000 Ft, gyakorlat: 68.000 Ft + Vizsgad\u00edjak<br>A&#8221; kateg\u00f3ri\u00e1ban: elm\u00e9let: 30.000 Ft, gyakorlat: 108.000 Ft + Vizsgad\u00edjak<\/p>\n\n\n\n<p><strong>2019.01. negyed\u00e9vben:<\/strong><br>AM&#8221; kateg\u00f3ri\u00e1ban: elm\u00e9leti tand\u00edj: 25.000 Ft, gyakorlati 33.000 Ft + Vizsgad\u00edjak<br>A1&#8243;, A2&#8243; kateg\u00f3ri\u00e1ban: elm\u00e9let: 30.000 Ft, gyakorlat: 68.000 Ft + Vizsgad\u00edjak<br>A&#8221; kateg\u00f3ri\u00e1ban: elm\u00e9let: 30.000 Ft, gyakorlat: 108.000 Ft + Vizsgad\u00edjak<\/p>\n\n\n\n<p><strong>2019.02. negyed\u00e9vben:<\/strong><br>AM&#8221; kateg\u00f3ri\u00e1ban: elm\u00e9leti tand\u00edj: 25.000 Ft, gyakorlati 33.000 Ft + Vizsgad\u00edjak<br>A1&#8243;, A2&#8243; kateg\u00f3ri\u00e1ban: elm\u00e9let: 30.000 Ft, gyakorlat: 74.704 Ft + Vizsgad\u00edjak<br>A&#8221; kateg\u00f3ri\u00e1ban: elm\u00e9let: 30.000 Ft, gyakorlat: 108.000 Ft + Vizsgad\u00edjak<\/p>\n\n\n\n<p><strong>2019.03. negyed\u00e9vben:<\/strong><br>AM&#8221; kateg\u00f3ri\u00e1ban: elm\u00e9leti tand\u00edj: 25.000 Ft, gyakorlati 33.000 Ft + Vizsgad\u00edjak<br>A1&#8243;, A2&#8243; kateg\u00f3ri\u00e1ban: elm\u00e9let: 30.000 Ft, gyakorlat: 68.000 Ft + Vizsgad\u00edjak<br>A&#8221; kateg\u00f3ri\u00e1ban: elm\u00e9let: 30.000 Ft, gyakorlat: 108.000 Ft + Vizsgad\u00edjak<\/p>\n\n\n\n<p><strong>2019.04. negyed\u00e9vben:<\/strong><br>AM&#8221; kateg\u00f3ri\u00e1ban: elm\u00e9leti tand\u00edj: 25.000 Ft, gyakorlati 33.000 Ft + Vizsgad\u00edjak<br>A1&#8243; \u00e9s A2&#8243; kateg\u00f3ri\u00e1ban: elm\u00e9let: 30.000 Ft, gyakorlat: 68.000 Ft + Vizsgad\u00edjak<br>A&#8221; kateg\u00f3ri\u00e1ban: elm\u00e9let: 30.000 Ft, gyakorlat: 108.000 Ft + Vizsgad\u00edjak<\/p>\n\n\n\n<p><strong>2020.01. negyed\u00e9vben:<\/strong><br>AM&#8221; kateg\u00f3ri\u00e1ban: elm\u00e9leti tand\u00edj: 25.000 Ft, gyakorlati 38.500 Ft + Vizsgad\u00edjak<br>A1&#8243; \u00e9s A2&#8243; kateg\u00f3ri\u00e1ban: elm\u00e9let: 35.000 Ft, gyakorlat: 76.500 Ft + Vizsgad\u00edjak<br>A&#8221; kateg\u00f3ri\u00e1ban: elm\u00e9let: 35.000 Ft, gyakorlat: 121.500 Ft + Vizsgad\u00edjak<\/p>\n\n\n\n<p><strong>2020.02. negyed\u00e9vben:<\/strong><br>AM&#8221; kateg\u00f3ri\u00e1ban: elm\u00e9leti tand\u00edj: 25.000 Ft, gyakorlati 38.500 Ft + Vizsgad\u00edjak<br>A1&#8243; \u00e9s A2&#8243; kateg\u00f3ri\u00e1ban: elm\u00e9let: 35.000 Ft, gyakorlat: 76.500 Ft + Vizsgad\u00edjak<br>A&#8221; kateg\u00f3ri\u00e1ban: elm\u00e9let: 35.000 Ft, gyakorlat: 121.500 Ft + Vizsgad\u00edjak<\/p>\n\n\n\n<p><strong>2020.03. negyed\u00e9vben:<\/strong><br>AM&#8221; kateg\u00f3ri\u00e1ban: elm\u00e9leti tand\u00edj: 25.000 Ft, gyakorlati 38.500 Ft + Vizsgad\u00edjak<br>A1&#8243; \u00e9s A2&#8243; kateg\u00f3ri\u00e1ban: elm\u00e9let: 35.000 Ft, gyakorlat: 76.500 Ft + Vizsgad\u00edjak<br>A&#8221; kateg\u00f3ri\u00e1ban: elm\u00e9let: 35.000 Ft, gyakorlat: 121.500 Ft + Vizsgad\u00edjak<\/p>\n\n\n\n<p><strong>2020.04. negyed\u00e9vben:<\/strong><br>AM&#8221; kateg\u00f3ri\u00e1ban: elm\u00e9leti tand\u00edj: 25.000 Ft, gyakorlati 38.500 Ft + Vizsgad\u00edjak<br>A1&#8243; \u00e9s A2&#8243; kateg\u00f3ri\u00e1ban: elm\u00e9let: 35.000 Ft, gyakorlat: 76.500 Ft + Vizsgad\u00edjak<br>A&#8221; kateg\u00f3ri\u00e1ban: elm\u00e9let: 35.000 Ft, gyakorlat: 121.500 Ft + Vizsgad\u00edjak<\/p>\n\n\n\n<p><strong>2021.01. negyed\u00e9vben:&#8212;&#8212;&#8212;<\/strong><\/p>\n\n\n\n<p><strong>2021.02. negyed\u00e9vben:<\/strong><br>AM&#8221; kateg\u00f3ri\u00e1ban: elm\u00e9leti tand\u00edj: 25.000 Ft, gyakorlati 44.000 Ft + Vizsgad\u00edjak<br>A1&#8243; \u00e9s A2&#8243; kateg\u00f3ri\u00e1ban: elm\u00e9let: 35.000 Ft, gyakorlat: 85.000 Ft + Vizsgad\u00edjak<br>A&#8221; kateg\u00f3ri\u00e1ban: elm\u00e9let: 35.000 Ft, gyakorlat: 135.000 Ft + Vizsgad\u00edjak<\/p>\n\n\n\n<p><strong>2021.03. negyed\u00e9vben:<\/strong><br>AM&#8221; kateg\u00f3ri\u00e1ban: elm\u00e9leti tand\u00edj: 25.000 Ft, gyakorlati 44.000 Ft + Vizsgad\u00edjak<br>A1&#8243; \u00e9s A2&#8243; kateg\u00f3ri\u00e1ban: elm\u00e9let: 35.000 Ft, gyakorlat: 85.000 Ft + Vizsgad\u00edjak<br>A&#8221; kateg\u00f3ri\u00e1ban: elm\u00e9let: 35.000 Ft, gyakorlat: 135.000 Ft + Vizsgad\u00edjak<\/p>\n\n\n\n<p><strong>2021.04. negyed\u00e9vben:<\/strong><br>AM&#8221; kateg\u00f3ri\u00e1ban: elm\u00e9leti tand\u00edj: 25.000 Ft, gyakorlati 44.000 Ft + Vizsgad\u00edjak<br>A1&#8243; \u00e9s A2&#8243; kateg\u00f3ri\u00e1ban: elm\u00e9let: 35.000 Ft, gyakorlat: 85.000 Ft + Vizsgad\u00edjak<br>A&#8221; kateg\u00f3ri\u00e1ban: elm\u00e9let: 35.000 Ft, gyakorlat: 135.000 Ft + Vizsgad\u00edjak<\/p>\n\n\n\n<figure class=\"wp-block-table\"><table><tbody><tr><td><strong>2022- ben a motoros jogos\u00edtv\u00e1nyok k\u00f6lts\u00e9ge:<\/strong><\/td><\/tr><tr><td><strong>2022. 01. negyed\u00e9vben:<\/strong> AM&#8221; kateg\u00f3ri\u00e1ban: elm\u00e9leti tand\u00edj: 25.000 Ft, gyakorlati 55.000 Ft + Vizsgad\u00edjak<br>A1&#8243; \u00e9s A2&#8243; kateg\u00f3ri\u00e1ban: elm\u00e9let: 35.000 Ft, gyakorlat: 102.000 Ft + Vizsgad\u00edjak<br>A&#8221; kateg\u00f3ri\u00e1ban: elm\u00e9let: 35.000 Ft, gyakorlat: 162.000 Ft + Vizsgad\u00edjak<\/td><\/tr><tr><td><strong>2022. 02. negyed\u00e9vben:<\/strong> AM&#8221; kateg\u00f3ri\u00e1ban: elm\u00e9leti tand\u00edj: 25.000 Ft, gyakorlati 55.000 Ft + Vizsgad\u00edjak<br>A1&#8243; \u00e9s A2&#8243; kateg\u00f3ri\u00e1ban: elm\u00e9let: 35.000 Ft, gyakorlat: 102.000 Ft + Vizsgad\u00edjak<br>A&#8221; kateg\u00f3ri\u00e1ban: elm\u00e9let: 35.000 Ft, gyakorlat: 162.000 Ft + Vizsgad\u00edjak<\/td><\/tr><tr><td><strong>2022. 03. negyed\u00e9vben:<\/strong>  AM&#8221; kateg\u00f3ri\u00e1ban: elm\u00e9leti tand\u00edj: 25.000 Ft, gyakorlati 55.000 Ft + Vizsgad\u00edjak<br>A1&#8243; \u00e9s A2&#8243; kateg\u00f3ri\u00e1ban: elm\u00e9let: 35.000 Ft, gyakorlat: 102.000 Ft + Vizsgad\u00edjak<br>A&#8221; kateg\u00f3ri\u00e1ban: elm\u00e9let: 35.000 Ft, gyakorlat: 162.000 Ft + Vizsgad\u00edjak<\/td><\/tr><tr><td><strong>2022. 04. negyed\u00e9vben:<\/strong> <br>AM&#8221; kateg\u00f3ri\u00e1ban: elm\u00e9leti tand\u00edj: 25.000 Ft, gyakorlati 55.000 Ft + Vizsgad\u00edjak.<br>A1&#8243; \u00e9s A2&#8243; kateg\u00f3ri\u00e1ban: elm\u00e9let: 35.000 Ft, gyakorlat: 102.000 Ft + Vizsgad\u00edjak.<br>A&#8221; kateg\u00f3ri\u00e1ban: elm\u00e9let: 35.000 Ft, gyakorlat: 162.000 Ft + Vizsgad\u00edjak.<br>&#8212;&#8212;&#8212;&#8212;&#8212;&#8212;&#8212;&#8212;&#8212;&#8212;&#8212;&#8212;&#8212;&#8212;&#8212;&#8212;&#8212;&#8212;&#8212;&#8212;&#8212;&#8212;&#8212;&#8212;&#8212;&#8212;&#8212;&#8212;&#8212;&#8212;&#8212;&#8212;&#8212;&#8212;&#8212;&#8212;&#8212;&#8212;&#8212;&#8212;&#8212;&#8212;&#8212;&#8212;&#8212;&#8212;&#8212;&#8212;&#8212;&#8212;&#8211;<br><strong>2023. 01. negyed\u00e9vben:<\/strong><br>AM&#8221; kateg\u00f3ri\u00e1ban: elm\u00e9leti tand\u00edj: 25.000 Ft, gyakorlati 66.000 Ft + Vizsgad\u00edjak.<br>A1&#8243; \u00e9s A2&#8243; kateg\u00f3ri\u00e1ban: elm\u00e9let: 40.000 Ft, gyakorlat: 119.000 Ft + Vizsgad\u00edjak.<br>A&#8221; kateg\u00f3ri\u00e1ban: elm\u00e9let: 40.000 Ft, gyakorlat: 189.000 Ft + Vizsgad\u00edjak.<br>&#8212;&#8212;&#8212;&#8212;&#8212;&#8212;&#8212;&#8212;&#8212;&#8212;&#8212;&#8212;&#8212;&#8212;&#8212;&#8212;&#8212;&#8212;&#8212;&#8212;&#8212;&#8212;&#8212;&#8212;&#8212;&#8212;&#8212;&#8212;&#8212;&#8212;&#8212;&#8212;&#8212;&#8212;&#8212;&#8212;&#8212;&#8212;&#8212;&#8212;&#8212;&#8212;&#8212;&#8212;&#8212;&#8212;&#8212;&#8212;&#8212;&#8212;&#8211;<br><strong>2023. 02. negyed\u00e9vben:<\/strong><br>AM&#8221; kateg\u00f3ri\u00e1ban: elm\u00e9leti tand\u00edj: 25.000 Ft, gyakorlati 66.000 Ft + Vizsgad\u00edjak.<br>A1&#8243; \u00e9s A2&#8243; kateg\u00f3ri\u00e1ban: elm\u00e9let: 40.000 Ft, gyakorlat: 126.937 Ft + Vizsgad\u00edjak.<br>A&#8221; kateg\u00f3ri\u00e1ban: elm\u00e9let: 40.000 Ft, gyakorlat: 201.606 Ft + Vizsgad\u00edjak.<br>&#8212;&#8212;&#8212;&#8212;&#8212;&#8212;&#8212;&#8212;&#8212;&#8212;&#8212;&#8212;&#8212;&#8212;&#8212;&#8212;&#8212;&#8212;&#8212;&#8212;&#8212;&#8212;&#8212;&#8212;&#8212;&#8212;&#8212;&#8212;&#8212;&#8212;&#8212;&#8212;&#8212;&#8212;&#8212;&#8212;&#8212;&#8212;&#8212;&#8212;&#8212;&#8212;&#8212;&#8212;&#8212;&#8212;&#8212;&#8212;&#8212;&#8212;&#8211;<br><strong>2023. 03. negyed\u00e9vben:<\/strong><br>AM&#8221; kateg\u00f3ri\u00e1ban: elm\u00e9leti tand\u00edj: 25.000 Ft, gyakorlati 66.000 Ft + Vizsgad\u00edjak.<br>A1&#8243; \u00e9s A2&#8243; kateg\u00f3ri\u00e1ban: elm\u00e9let: 40.000 Ft, gyakorlat: 119.000 Ft + Vizsgad\u00edjak.<br>A&#8221; kateg\u00f3ri\u00e1ban: elm\u00e9let: 40.000 Ft, gyakorlat: 189.000 Ft + Vizsgad\u00edjak.<br>&#8212;&#8212;&#8212;&#8212;&#8212;&#8212;&#8212;&#8212;&#8212;&#8212;&#8212;&#8212;&#8212;&#8212;&#8212;&#8212;&#8212;&#8212;&#8212;&#8212;&#8212;&#8212;&#8212;&#8212;&#8212;&#8212;&#8212;&#8212;&#8212;&#8212;&#8212;&#8212;&#8212;&#8212;&#8212;&#8212;&#8212;&#8212;&#8212;&#8212;&#8212;&#8212;&#8212;&#8212;&#8212;&#8212;&#8212;&#8212;&#8212;&#8212;&#8211;<br><strong>2023. 04. negyed\u00e9vben:<\/strong><br>AM&#8221; kateg\u00f3ri\u00e1ban: elm\u00e9leti tand\u00edj: 25.000 Ft, gyakorlati 66.000 Ft + Vizsgad\u00edjak.<br>A1&#8243; \u00e9s A2&#8243; kateg\u00f3ri\u00e1ban: elm\u00e9let: 40.000 Ft, gyakorlat: 128.912 Ft + Vizsgad\u00edjak.<br>A&#8221; kateg\u00f3ri\u00e1ban: elm\u00e9let: 40.000 Ft, gyakorlat: 204.743 Ft + Vizsgad\u00edjak.<br>&#8212;&#8212;&#8212;&#8212;&#8212;&#8212;&#8212;&#8212;&#8212;&#8212;&#8212;&#8212;&#8212;&#8212;&#8212;&#8212;&#8212;&#8212;&#8212;&#8212;&#8212;&#8212;&#8212;&#8212;&#8212;&#8212;&#8212;&#8212;&#8212;&#8212;&#8212;&#8212;&#8212;&#8212;&#8212;&#8212;&#8212;&#8212;&#8212;&#8212;&#8212;&#8212;&#8212;&#8212;&#8212;&#8212;&#8212;&#8212;&#8212;&#8212;&#8211;<br><strong>2024. 01. negyed\u00e9vben:<\/strong><br>AM&#8221; kateg\u00f3ri\u00e1ban: elm\u00e9leti tand\u00edj: 30.000 Ft, gyakorlati 71.500 Ft + Vizsgad\u00edjak.<br>A1&#8243; \u00e9s A2&#8243; kateg\u00f3ri\u00e1ban: elm\u00e9let: 45.000 Ft, gyakorlat: 136.000 Ft + Vizsgad\u00edjak.<br>A&#8221; kateg\u00f3ri\u00e1ban: elm\u00e9let: 45.000 Ft, gyakorlat: 216.000 Ft + Vizsgad\u00edjak.<br>&#8212;&#8212;&#8212;&#8212;&#8212;&#8212;&#8212;&#8212;&#8212;&#8212;&#8212;&#8212;&#8212;&#8212;&#8212;&#8212;&#8212;&#8212;&#8212;&#8212;&#8212;&#8212;&#8212;&#8212;&#8212;&#8212;&#8212;&#8212;&#8212;&#8212;&#8212;&#8212;&#8212;&#8212;&#8212;&#8212;&#8212;&#8212;&#8212;&#8212;&#8212;&#8212;&#8212;&#8212;&#8212;&#8212;&#8212;&#8212;&#8212;&#8212;&#8211;<br><strong>2024. 02. negyed\u00e9vben:<\/strong><br>AM&#8221; kateg\u00f3ri\u00e1ban: elm\u00e9leti tand\u00edj: 30.000 Ft, gyakorlati 71.500 Ft + Vizsgad\u00edjak.<br>A1&#8243; \u00e9s A2&#8243; kateg\u00f3ri\u00e1ban: elm\u00e9let: 45.000 Ft, gyakorlat: 136.000 Ft + Vizsgad\u00edjak.<br>A&#8221; kateg\u00f3ri\u00e1ban: elm\u00e9let: 45.000 Ft, gyakorlat: 216.000 Ft + Vizsgad\u00edjak.<br>&#8212;&#8212;&#8212;&#8212;&#8212;&#8212;&#8212;&#8212;&#8212;&#8212;&#8212;&#8212;&#8212;&#8212;&#8212;&#8212;&#8212;&#8212;&#8212;&#8212;&#8212;&#8212;&#8212;&#8212;&#8212;&#8212;&#8212;&#8212;&#8212;&#8212;&#8212;&#8212;&#8212;&#8212;&#8212;&#8212;&#8212;&#8212;&#8212;&#8212;&#8212;&#8212;&#8212;&#8212;&#8212;&#8212;&#8212;&#8212;&#8212;&#8212;&#8211;<br><strong>2024. 03. negyed\u00e9vben:<\/strong><br>AM&#8221; kateg\u00f3ri\u00e1ban: elm\u00e9leti tand\u00edj: 30.000 Ft, gyakorlati 71.500 Ft + Vizsgad\u00edjak.<br>A1&#8243; \u00e9s A2&#8243; kateg\u00f3ri\u00e1ban: elm\u00e9let: 45.000 Ft, gyakorlat: 137.904 Ft + Vizsgad\u00edjak.<br>A&#8221; kateg\u00f3ri\u00e1ban: elm\u00e9let: 45.000 Ft, gyakorlat: 219.024 Ft + Vizsgad\u00edjak.<br>&#8212;&#8212;&#8212;&#8212;&#8212;&#8212;&#8212;&#8212;&#8212;&#8212;&#8212;&#8212;&#8212;&#8212;&#8212;&#8212;&#8212;&#8212;&#8212;&#8212;&#8212;&#8212;&#8212;&#8212;&#8212;&#8212;&#8212;&#8212;&#8212;&#8212;&#8212;&#8212;&#8212;&#8212;&#8212;&#8212;&#8212;&#8212;&#8212;&#8212;&#8212;&#8212;&#8212;&#8212;&#8212;&#8212;&#8212;&#8212;&#8212;&#8212;&#8211;<br><strong>2024. 04. negyed\u00e9vben:<\/strong><br>AM&#8221; kateg\u00f3ri\u00e1ban: elm\u00e9leti tand\u00edj: 30.000 Ft, gyakorlati 71.500 Ft + Vizsgad\u00edjak.<br>A1&#8243; \u00e9s A2&#8243; kateg\u00f3ri\u00e1ban: elm\u00e9let: 45.000 Ft, gyakorlat: 136.000 Ft + Vizsgad\u00edjak.<br>A&#8221; kateg\u00f3ri\u00e1ban: elm\u00e9let: 45.000 Ft, gyakorlat: 216.000 Ft + Vizsgad\u00edjak.<br>&#8212;&#8212;&#8212;&#8212;&#8212;&#8212;&#8212;&#8212;&#8212;&#8212;&#8212;&#8212;&#8212;&#8212;&#8212;&#8212;&#8212;&#8212;&#8212;&#8212;&#8212;&#8212;&#8212;&#8212;&#8212;&#8212;&#8212;&#8212;&#8212;&#8212;&#8212;&#8212;&#8212;&#8212;&#8212;&#8212;&#8212;&#8212;&#8212;&#8212;&#8212;&#8212;&#8212;&#8212;&#8212;&#8212;&#8212;&#8212;&#8212;-<br><strong>2025. 01. negyed\u00e9vben:<\/strong><br>AM&#8221; kateg\u00f3ri\u00e1ban: elm\u00e9leti tand\u00edj: 35.000 Ft, gyakorlati 88.000 Ft + Vizsgad\u00edjak.<br>A1&#8243; \u00e9s A2&#8243; kateg\u00f3ri\u00e1ban: elm\u00e9let: 50.000 Ft, gyakorlat: 153.000 Ft + Vizsgad\u00edjak.<br>A&#8221; kateg\u00f3ri\u00e1ban: elm\u00e9let: 50.000 Ft, gyakorlat: 243.000 Ft + Vizsgad\u00edjak.<br>&#8212;&#8212;&#8212;&#8212;&#8212;&#8212;&#8212;&#8212;&#8212;&#8212;&#8212;&#8212;&#8212;&#8212;&#8212;&#8212;&#8212;&#8212;&#8212;&#8212;&#8212;&#8212;&#8212;&#8212;&#8212;&#8212;&#8212;&#8212;&#8212;&#8212;&#8212;&#8212;&#8212;&#8212;&#8212;&#8212;&#8212;&#8212;&#8212;&#8212;&#8212;&#8212;&#8212;&#8212;&#8212;&#8212;&#8212;&#8212;&#8212;<br><strong>2025. 02. negyed\u00e9vben:<\/strong><br>AM&#8221; kateg\u00f3ri\u00e1ban: elm\u00e9leti tand\u00edj: 35.000 Ft, gyakorlati 88.000 Ft + Vizsgad\u00edjak.<br>A1&#8243; \u00e9s A2&#8243; kateg\u00f3ri\u00e1ban: elm\u00e9let: 50.000 Ft, gyakorlat: 153.000 Ft + Vizsgad\u00edjak.<br>A&#8221; kateg\u00f3ri\u00e1ban: elm\u00e9let: 50.000 Ft, gyakorlat: 243.000 Ft + Vizsgad\u00edjak.<br>&#8212;&#8212;&#8212;&#8212;&#8212;&#8212;&#8212;&#8212;&#8212;&#8212;&#8212;&#8212;&#8212;&#8212;&#8212;&#8212;&#8212;&#8212;&#8212;&#8212;&#8212;&#8212;&#8212;&#8212;&#8212;&#8212;&#8212;&#8212;&#8212;&#8212;&#8212;&#8212;&#8212;&#8212;&#8212;&#8212;&#8212;&#8212;&#8212;&#8212;&#8212;&#8212;&#8212;&#8212;&#8212;&#8212;&#8212;&#8212;<br><strong>2025. 03. negyed\u00e9vben:<\/strong><br>AM&#8221; kateg\u00f3ri\u00e1ban: elm\u00e9leti tand\u00edj: 35.000 Ft, gyakorlati 88.000 Ft + Vizsgad\u00edjak.<br>A1&#8243; \u00e9s A2&#8243; kateg\u00f3ri\u00e1ban: elm\u00e9let: 50.000 Ft, gyakorlat: 153.000 Ft + Vizsgad\u00edjak.<br>A&#8221; kateg\u00f3ri\u00e1ban: elm\u00e9let: 50.000 Ft, gyakorlat: 243.000 Ft + Vizsgad\u00edjak.<br>&#8212;&#8212;&#8212;&#8212;&#8212;&#8212;&#8212;&#8212;&#8212;&#8212;&#8212;&#8212;&#8212;&#8212;&#8212;&#8212;&#8212;&#8212;&#8212;&#8212;&#8212;&#8212;&#8212;&#8212;&#8212;&#8212;&#8212;&#8212;&#8212;&#8212;&#8212;&#8212;&#8212;&#8212;&#8212;&#8212;&#8212;&#8212;&#8212;&#8212;&#8212;&#8212;&#8212;&#8212;&#8212;&#8212;&#8212;&#8212;&#8212;<br><strong>2025. 04. negyed\u00e9vben:<\/strong><br>AM&#8221; kateg\u00f3ri\u00e1ban: elm\u00e9leti tand\u00edj: 35.000 Ft, gyakorlati 88.000 Ft + Vizsgad\u00edjak.<br>A1&#8243; \u00e9s A2&#8243; kateg\u00f3ri\u00e1ban: elm\u00e9let: 50.000 Ft, gyakorlat: 153.000 Ft + Vizsgad\u00edjak.<br>A&#8221; kateg\u00f3ri\u00e1ban: elm\u00e9let: 50.000 Ft, gyakorlat: 243.000 Ft + Vizsgad\u00edjak.<\/td><\/tr><tr><td><strong>Vizsgad\u00edjak:( A1,A2, A kateg\u00f3ria eset\u00e9ben) elm\u00e9let: 11.400 Ft, j\u00e1rm\u0171kezel\u00e9s: 9.800 Ft forgalom: 26.200 Ft<br>Vizsgad\u00edjak:(AM seg\u00e9dmotor eset\u00e9ben) elm\u00e9let: 11.400 Ft, j\u00e1rm\u0171kezel\u00e9s: 7.800 Ft, forgalom: 7.800 Ft<\/strong><\/td><\/tr><\/tbody><\/table><\/figure>\n\n\n\n<p><br><strong>&#8212;&#8212;&#8212;&#8212;&#8212;&#8212;&#8212;&#8212;&#8212;&#8212;&#8212;&#8212;&#8212;&#8212;&#8212;&#8212;&#8212;&#8212;&#8212;&#8212;&#8212;&#8212;&#8212;&#8212;&#8212;&#8212;&#8212;&#8212;&#8212;&#8212;&#8212;&#8212;<\/strong><\/p>\n\n\n\n<p><strong>&#8212;&#8212;&#8212;&#8212;&#8212;&#8212;&#8212;&#8212;&#8212;&#8212;&#8212;&#8212;&#8212;&#8212;&#8212;&#8212;&#8212;&#8212;&#8212;&#8212;&#8212;&#8212;&#8212;&#8212;&#8212;&#8212;&#8212;&#8212;&#8212;&#8212;&#8212;&#8212;<\/strong><br><strong>Szem\u00e9lyg\u00e9pkocsi (B) kateg\u00f3ria eset\u00e9ben, egy jogos\u00edtv\u00e1ny beker\u00fcl\u00e9si k\u00f6lts\u00e9ge, figyelemmel az \u00e1tlagos k\u00e9pz\u00e9si \u00f3rasz\u00e1mra:<\/strong><\/p>\n\n\n\n<p>2018.02. negyed\u00e9v: elm\u00e9let: 30.000 Ft, Gyakorlat: 154.785 Ft + Vizsgad\u00edjak<br>2018.03. negyed\u00e9v: elm\u00e9let: 30.000 Ft, Gyakorlat: 156.750 Ft + Vizsgad\u00edjak<br>2018.04. negyed\u00e9v: elm\u00e9let: 30.000 Ft Gyakorlat: 158.190 Ft + Vizsgad\u00edjak<\/p>\n\n\n\n<p>2019.01. negyed\u00e9v: elm\u00e9let: 30.000 Ft Gyakorlat: 163.980 Ft + Vizsgad\u00edjak<br>2019.02. negyed\u00e9v: elm\u00e9let: 30.000 Ft Gyakorlat: 169.050 Ft + Vizsgad\u00edjak<br>2019.03. negyed\u00e9v: elm\u00e9let: 30.000 Ft Gyakorlat: 179.420 Ft + Vizsgad\u00edjak<br>2019.04. negyed\u00e9v: elm\u00e9let: 30.000 Ft Gyakorlat: 181.250 Ft + Vizsgad\u00edjak<\/p>\n\n\n\n<p>2020.01. negyed\u00e9v: elm\u00e9let: 35.000 Ft Gyakorlat: 152.307 Ft + Vizsgad\u00edjak<br>2020.02. negyed\u00e9v: elm\u00e9let: 35.000 Ft Gyakorlat: 200.880 Ft + Vizsgad\u00edjak<br>2020.03. negyed\u00e9v: elm\u00e9let: 35.000 Ft Gyakorlat: 209.412 Ft + Vizsgad\u00edjak<br>2020.04. negyed\u00e9v: elm\u00e9let: 35.000 Ft Gyakorlat: 197.892 Ft + Vizsgad\u00edjak<\/p>\n\n\n\n<p>2021.01. negyed\u00e9v: elm\u00e9let: 35.000 Ft Gyakorlat: 199.875 Ft + Vizsgad\u00edjak<br>2021.02. negyed\u00e9v: elm\u00e9let: 35.000 Ft Gyakorlat: 207.285 Ft + Vizsgad\u00edjak<br>2021.03. negyed\u00e9v: elm\u00e9let: 35.000 Ft Gyakorlat: 217.098 Ft + Vizsgad\u00edjak<br>2021.04. negyed\u00e9v: elm\u00e9let: 35.000 Ft Gyakorlat: 233.961 Ft + Vizsgad\u00edjak<\/p>\n\n\n\n<figure class=\"wp-block-table is-style-stripes\"><table><tbody><tr><td><strong>2022- ben a szem\u00e9lyg\u00e9pkocsi B kateg\u00f3ri\u00e1s jogos\u00edtv\u00e1ny k\u00f6lts\u00e9ge:<\/strong><\/td><\/tr><tr><td><strong>2022.01. negyed\u00e9v:<\/strong> elm\u00e9let: 35.000 Ft Gyakorlat: 221.634 Ft + Vizsgad\u00edjak<\/td><\/tr><tr><td><strong>2022.02. negyed\u00e9v:<\/strong> elm\u00e9let: 35.000 Ft Gyakorlat: 248.952 Ft + Vizsgad\u00edjak<\/td><\/tr><tr><td><strong>2022.03. negyed\u00e9v: <\/strong>elm\u00e9let: 35.000 Ft Gyakorlat: 256.920 Ft + Vizsgad\u00edjak<\/td><\/tr><tr><td><strong>2022.04. negyed\u00e9v: <\/strong>elm\u00e9let: 35.000 Ft Gyakorlat: 245.040 Ft + Vizsgad\u00edjak<br>&#8212;&#8212;&#8212;&#8212;&#8212;&#8212;&#8212;&#8212;&#8212;&#8212;&#8212;&#8212;&#8212;&#8212;&#8212;&#8212;&#8212;&#8212;&#8212;&#8212;&#8212;&#8212;&#8212;&#8212;&#8212;&#8212;&#8212;&#8212;&#8212;&#8212;&#8212;&#8212;&#8212;&#8212;&#8212;&#8212;&#8212;&#8212;&#8212;&#8212;&#8212;&#8212;&#8212;&#8212;&#8212;&#8212;&#8212;&#8212;&#8212;&#8212;&#8211;<br><strong>2023.01. negyed\u00e9v:<\/strong> elm\u00e9let: 40.000 Ft Gyakorlat: 289.305 Ft + Vizsgad\u00edjak.<br><strong>2023.02. negyed\u00e9v:<\/strong> elm\u00e9let: 40.000 Ft Gyakorlat: 275.589 Ft + Vizsgad\u00edjak.<br><strong>2023.03. negyed\u00e9v:<\/strong> elm\u00e9let: 40.000 Ft Gyakorlat: 307.344 Ft + Vizsgad\u00edjak.<br><strong>2023.04. negyed\u00e9v:<\/strong> elm\u00e9let: 40.000 Ft Gyakorlat: 316.320 Ft + Vizsgad\u00edjak.<br>&#8212;&#8212;&#8212;&#8212;&#8212;&#8212;&#8212;&#8212;&#8212;&#8212;&#8212;&#8212;&#8212;&#8212;&#8212;&#8212;&#8212;&#8212;&#8212;&#8212;&#8212;&#8212;&#8212;&#8212;&#8212;&#8212;&#8212;&#8212;&#8212;&#8212;&#8212;&#8212;&#8212;&#8212;&#8212;&#8212;&#8212;&#8212;&#8212;&#8212;&#8212;&#8212;&#8212;&#8212;&#8212;&#8212;&#8212;&#8212;&#8212;&#8212;&#8211;<br><strong>2024.01. negyed\u00e9v:<\/strong> elm\u00e9let: 45.000 Ft Gyakorlat: 315.300 Ft + Vizsgad\u00edjak.<br><strong>2024.02. negyed\u00e9v:<\/strong> elm\u00e9let: 45.000 Ft Gyakorlat: 321.390 Ft + Vizsgad\u00edjak<br><strong>2024.03. negyed\u00e9v:<\/strong> elm\u00e9let: 45.000 Ft Gyakorlat: 322.770 Ft + Vizsgad\u00edjak<br><strong>2024.04. negyed\u00e9v:<\/strong> elm\u00e9let: 45.000 Ft Gyakorlat: 311.310 Ft + Vizsgad\u00edjak<br>&#8212;&#8212;&#8212;&#8212;&#8212;&#8212;&#8212;&#8212;&#8212;&#8212;&#8212;&#8212;&#8212;&#8212;&#8212;&#8212;&#8212;&#8212;&#8212;&#8212;&#8212;&#8212;&#8212;&#8212;&#8212;&#8212;&#8212;&#8212;&#8212;&#8212;&#8212;&#8212;&#8212;&#8212;&#8212;&#8212;&#8212;&#8212;&#8212;&#8212;&#8212;&#8212;&#8212;&#8212;&#8212;&#8212;&#8212;&#8212;&#8212;&#8212;&#8211;<br><strong>2025.01<\/strong>. <strong>negyed\u00e9v:<\/strong> elm\u00e9let: 50.000 Ft Gyakorlat: 347.160 Ft + Vizsgad\u00edjak.<br><strong>2025.02. negyed\u00e9v:<\/strong> elm\u00e9let: 50.000 Ft Gyakorlat: 340.725 Ft + Vizsgad\u00edjak<br><strong>2025.03. negyed\u00e9v:<\/strong> elm\u00e9let: 50.000 Ft Gyakorlat: 355.476 Ft + Vizsgad\u00edjak<br><strong>2025.04. negyed\u00e9v:<\/strong> elm\u00e9let: 50.000 Ft Gyakorlat: 343.167 Ft + Vizsgad\u00edjak<br>&#8212;&#8212;&#8212;&#8212;&#8212;&#8212;&#8212;&#8212;&#8212;&#8212;&#8212;&#8212;&#8212;&#8212;&#8212;&#8212;&#8212;&#8212;&#8212;&#8212;&#8212;&#8212;&#8212;&#8212;&#8212;&#8212;&#8212;&#8212;&#8212;&#8212;&#8212;&#8212;&#8212;&#8212;&#8212;&#8212;&#8212;&#8212;&#8212;&#8212;&#8212;&#8212;&#8212;&#8212;&#8212;&#8212;&#8212;&#8212;&#8212;&#8212;&#8212;<br><\/td><\/tr><tr><td><strong>Vizsgad\u00edjak:                elm\u00e9leti vizsgad\u00edj: 4.600 Ft,                               forgalmi vizsgad\u00edj: 11.000 Ft<\/strong><\/td><\/tr><\/tbody><\/table><\/figure>\n\n\n\n<p><\/p>\n","protected":false},"excerpt":{"rendered":"<p>Figyelemmel az \u00e1tlagos k\u00e9pz\u00e9si \u00f3rasz\u00e1mra, egy motoros jogos\u00edtv\u00e1ny beker\u00fcl\u00e9si k\u00f6lts\u00e9ge: 2018 02. negyed\u00e9vben:AM&#8221; kateg\u00f3ri\u00e1ban: elm\u00e9leti tand\u00edj: 25.000 Ft, gyakorlati 33.000 Ft + Vizsgad\u00edjakA1 kateg\u00f3ria (megl\u00e9v\u0151 B jogos\u00edtv\u00e1nnyal): elm\u00e9leti tand\u00edj: 10.000 Ft, gyakorlati 32.000 Ft + Vizsgad\u00edjakA1&#8243;, A2&#8243; kateg\u00f3ri\u00e1ban: elm\u00e9let: 30.000 Ft, gyakorlat: 68.000 Ft + Vizsgad\u00edjakA&#8221; kateg\u00f3ri\u00e1ban: elm\u00e9let: 30.000 Ft, gyakorlat: 108.000 Ft + Vizsgad\u00edjak&hellip;&nbsp;<a href=\"https:\/\/janik-autosiskola.hu\/?page_id=457\" rel=\"bookmark\">Read More &raquo;<span class=\"screen-reader-text\">K\u00e9pz\u00e9si k\u00f6lts\u00e9g<\/span><\/a><\/p>\n","protected":false},"author":1,"featured_media":0,"parent":0,"menu_order":0,"comment_status":"closed","ping_status":"closed","template":"","meta":{"neve_meta_sidebar":"","neve_meta_container":"","neve_meta_enable_content_width":"","neve_meta_content_width":0,"neve_meta_title_alignment":"","neve_meta_author_avatar":"","neve_post_elements_order":"","neve_meta_disable_header":"","neve_meta_disable_footer":"","neve_meta_disable_title":"","footnotes":""},"class_list":["post-457","page","type-page","status-publish","hentry"],"_links":{"self":[{"href":"https:\/\/janik-autosiskola.hu\/index.php?rest_route=\/wp\/v2\/pages\/457","targetHints":{"allow":["GET"]}}],"collection":[{"href":"https:\/\/janik-autosiskola.hu\/index.php?rest_route=\/wp\/v2\/pages"}],"about":[{"href":"https:\/\/janik-autosiskola.hu\/index.php?rest_route=\/wp\/v2\/types\/page"}],"author":[{"embeddable":true,"href":"https:\/\/janik-autosiskola.hu\/index.php?rest_route=\/wp\/v2\/users\/1"}],"replies":[{"embeddable":true,"href":"https:\/\/janik-autosiskola.hu\/index.php?rest_route=%2Fwp%2Fv2%2Fcomments&post=457"}],"version-history":[{"count":13,"href":"https:\/\/janik-autosiskola.hu\/index.php?rest_route=\/wp\/v2\/pages\/457\/revisions"}],"predecessor-version":[{"id":975,"href":"https:\/\/janik-autosiskola.hu\/index.php?rest_route=\/wp\/v2\/pages\/457\/revisions\/975"}],"wp:attachment":[{"href":"https:\/\/janik-autosiskola.hu\/index.php?rest_route=%2Fwp%2Fv2%2Fmedia&parent=457"}],"curies":[{"name":"wp","href":"https:\/\/api.w.org\/{rel}","templated":true}]}}