{"id":459,"date":"2022-04-14T10:40:39","date_gmt":"2022-04-14T10:40:39","guid":{"rendered":"https:\/\/janik-autosiskola.hu\/?page_id=459"},"modified":"2026-02-19T10:21:47","modified_gmt":"2026-02-19T10:21:47","slug":"vizsgaeredmenyessegi-mutato","status":"publish","type":"page","link":"https:\/\/janik-autosiskola.hu\/?page_id=459","title":{"rendered":"Vizsga sikeress\u00e9gi mutat\u00f3 (V.S.M)"},"content":{"rendered":"\n<p class=\"has-text-align-center\"><strong>A vizsga sikeress\u00e9gi mutat\u00f3 c\u00e9lja, hogy l\u00e1ssuk 100 vizsg\u00e1b\u00f3l mennyi lett sikeres.<\/strong><\/p>\n\n\n\n<p class=\"has-text-align-center\"><strong>Elm\u00e9leti vizsg\u00e1k:<\/strong><\/p>\n\n\n\n<p>2018.02. negyed\u00e9v: <strong>&#8222;AM, A1, A2, A&#8221; <\/strong>kateg\u00f3ri\u00e1ban 100%, <strong>&#8222;B&#8221;<\/strong> kateg\u00f3ri\u00e1ban:60.66 % a sikeres vizsga<br>2018.03. negyed\u00e9v: <strong>&#8222;AM, A1, A2, A&#8221;<\/strong> kateg\u00f3ri\u00e1ban 100%, <strong>&#8222;B&#8221; <\/strong>kateg\u00f3ri\u00e1ban:67.09 % a sikeres vizsga<br>2018.04. negyed\u00e9v: <strong>&#8222;AM, A1, A2, A&#8221;<\/strong> kateg\u00f3ri\u00e1ban 100%, <strong>&#8222;B&#8221;<\/strong> kateg\u00f3ri\u00e1ban:72,73 % a sikeres vizsga<\/p>\n\n\n\n<p>&#8212;&#8212;&#8212;&#8212;&#8212;&#8212;&#8212;&#8212;&#8212;&#8212;&#8212;&#8212;&#8212;&#8212;&#8212;&#8212;&#8212;&#8212;&#8212;&#8212;&#8212;&#8212;&#8212;&#8212;&#8212;&#8212;&#8212;&#8212;&#8212;&#8212;&#8212;&#8212;&#8212;&#8212;&#8212;&#8212;&#8212;&#8212;&#8212;&#8212;&#8212;&#8212;&#8212;&#8212;&#8212;<\/p>\n\n\n\n<p>2019.01 negyed\u00e9v:  <strong>&#8222;AM, A1, A2, A&#8221; <\/strong>kateg\u00f3ri\u00e1ban 100% ,<strong>&#8222;B&#8221;<\/strong> kateg\u00f3ri\u00e1ban: 52,83 % a sikeres vizsga<br>2019.02. negyed\u00e9v: <strong>&#8222;AM, A1, A2, A&#8221;<\/strong> kateg\u00f3ri\u00e1ban 100% ,<strong>&#8222;B&#8221;<\/strong> kateg\u00f3ri\u00e1ban: 59,72 % a sikeres vizsga<br>2019.03. negyed\u00e9v: <strong>&#8222;AM, A1, A2, A&#8221; <\/strong>kateg\u00f3ri\u00e1ban 100% ,<strong>&#8222;B&#8221;<\/strong> kateg\u00f3ri\u00e1ban: 59,46 % a sikeres vizsga<br>2019.04. negyed\u00e9v: <strong>&#8222;AM, A1, A2, A&#8221;<\/strong> kateg\u00f3ri\u00e1ban 100% ,<strong>&#8222;B&#8221;<\/strong> kateg\u00f3ri\u00e1ban: 55,68 % a sikeres vizsga<\/p>\n\n\n\n<p>&#8212;&#8212;&#8212;&#8212;&#8212;&#8212;&#8212;&#8212;&#8212;&#8212;&#8212;&#8212;&#8212;&#8212;&#8212;&#8212;&#8212;&#8212;&#8212;&#8212;&#8212;&#8212;&#8212;&#8212;&#8212;&#8212;&#8212;&#8212;&#8212;&#8212;&#8212;&#8212;&#8212;&#8212;&#8212;&#8212;&#8212;&#8212;&#8212;&#8212;&#8212;&#8212;&#8212;&#8212;&#8212;<\/p>\n\n\n\n<p>2020.01 negyed\u00e9v: <strong>&#8222;AM, A1, A2, A&#8221;<\/strong> kateg\u00f3ri\u00e1ban 100% ,<strong>&#8222;B&#8221;<\/strong> kateg\u00f3ri\u00e1ban: 42,86 % a sikeres vizsga<br>2020.02 negyed\u00e9v: <strong>&#8222;AM, A1, A2, A&#8221;<\/strong> kateg\u00f3ri\u00e1ban 100% ,<strong>&#8222;B&#8221;<\/strong> kateg\u00f3ri\u00e1ban: 58,06 % a sikeres vizsga<br>2020.03 negyed\u00e9v: <strong>&#8222;AM, A1, A2, A&#8221;<\/strong> kateg\u00f3ri\u00e1ban 100% ,<strong>&#8222;B&#8221; <\/strong>kateg\u00f3ri\u00e1ban: 71,57 % a sikeres vizsga<br>2020.04 negyed\u00e9v: <strong>&#8222;AM, A1, A2, A&#8221;<\/strong> kateg\u00f3ri\u00e1ban 100% ,<strong>&#8222;B&#8221; <\/strong>kateg\u00f3ri\u00e1ban: 52,38 % a sikeres vizsga<\/p>\n\n\n\n<p>&#8212;&#8212;&#8212;&#8212;&#8212;&#8212;&#8212;&#8212;&#8212;&#8212;&#8212;&#8212;&#8212;&#8212;&#8212;&#8212;&#8212;&#8212;&#8212;&#8212;&#8212;&#8212;&#8212;&#8212;&#8212;&#8212;&#8212;&#8212;&#8212;&#8212;&#8212;&#8212;&#8212;&#8212;&#8212;&#8212;&#8212;&#8212;&#8212;&#8212;&#8212;&#8212;&#8212;&#8212;&#8212;-<\/p>\n\n\n\n<p>2021.01 negyed\u00e9v: <strong>&#8222;AM, A1, A2, A&#8221; <\/strong>kateg\u00f3ri\u00e1ban 100% , <strong>&#8222;B&#8221; <\/strong>kateg\u00f3ri\u00e1ban: 71,43 % a sikeres vizsga<br>2021.02 negyed\u00e9v: <strong>&#8222;AM, A1, A2, A&#8221;<\/strong> kateg\u00f3ri\u00e1ban 100% , <strong>&#8222;B&#8221;<\/strong> kateg\u00f3ri\u00e1ban: 68,66 % a sikeres vizsga<br>2021.03 negyed\u00e9v: <strong>&#8222;AM, A1, A2, A&#8221;<\/strong> kateg\u00f3ri\u00e1ban 85,71% ,<strong>&#8222;B&#8221;<\/strong> kateg\u00f3ri\u00e1ban: 71,88 % a sikeres vizsga<br>2021.04 negyed\u00e9v: <strong>&#8222;AM, A1, A2, A&#8221;<\/strong> kateg\u00f3ri\u00e1ban 100% , <strong>&#8222;B&#8221;<\/strong> kateg\u00f3ri\u00e1ban: 62,5 % a sikeres vizsga<\/p>\n\n\n\n<p>&#8212;&#8212;&#8212;&#8212;&#8212;&#8212;&#8212;&#8212;&#8212;&#8212;&#8212;&#8212;&#8212;&#8212;&#8212;&#8212;&#8212;&#8212;&#8212;&#8212;&#8212;&#8212;&#8212;&#8212;&#8212;&#8212;&#8212;&#8212;&#8212;&#8212;&#8212;&#8212;&#8212;&#8212;&#8212;&#8212;&#8212;&#8212;&#8212;&#8212;&#8212;&#8212;&#8212;&#8212;&#8212;&#8212;&#8212;&#8211;<\/p>\n\n\n\n<p class=\"has-text-align-left\"><\/p>\n\n\n\n<figure class=\"wp-block-table is-style-stripes\"><table><tbody><tr><td>&#8212;&#8212;&#8212;&#8212;&#8212;&#8212;&#8212;&#8212;&#8212;&#8212;&#8212;&#8212;&#8212;&#8212;&#8212;&#8212;&#8212;&#8212;&#8212;&#8212;&#8212;&#8212;&#8212;&#8212;&#8212;&#8212;&#8212;&#8212;&#8212;&#8212;&#8212;&#8212;&#8212;&#8212;&#8212;&#8212;&#8212;&#8212;&#8212;&#8212;&#8212;&#8212;&#8212;&#8212;&#8212;&#8212;&#8212;&#8212;&#8212;&#8212;&#8211;<\/td><\/tr><tr><td>-2022.01 negyed\u00e9v: <strong>&#8222;AM, A1, A2, A&#8221;<\/strong> kateg\u00f3ri\u00e1ban nincs adat <strong>&#8222;B&#8221;<\/strong> kateg\u00f3ri\u00e1ban: 55,71% a sikeres vizsga<\/td><\/tr><tr><td>-2022.02 negyed\u00e9v: <strong>&#8222;AM, A1, A2, A&#8221;<\/strong> kateg\u00f3ri\u00e1ban 90,91% <strong>&#8222;B&#8221;<\/strong> kateg\u00f3ri\u00e1ban: 53,61% a sikeres vizsga<\/td><\/tr><tr><td>-2022.03 negyed\u00e9v: &#8222;<strong>AM&#8221;<\/strong> kat 30%  <strong>&#8221; A1,A2,A &#8222;<\/strong> kat 100 %  <strong>&#8222;B&#8221;<\/strong> kateg\u00f3ri\u00e1ban: 50,52%<\/td><\/tr><tr><td>-2022.04 negyed\u00e9v: &#8222;<strong>AM&#8221; <\/strong>kat 50% <strong>&#8222;A1,A2,A&#8221;<\/strong> kat 100 % <strong>&#8222;B&#8221; <\/strong>kateg\u00f3ri\u00e1ban: 51,72%<br>&#8212;&#8212;&#8212;&#8212;&#8212;&#8212;&#8212;&#8212;&#8212;&#8212;&#8212;&#8212;&#8212;&#8212;&#8212;&#8212;&#8212;&#8212;&#8212;&#8212;&#8212;&#8212;&#8212;&#8212;&#8212;&#8212;&#8212;&#8212;&#8212;&#8212;&#8212;&#8212;&#8212;&#8212;&#8212;&#8212;&#8212;&#8212;&#8212;&#8212;&#8212;&#8212;&#8212;&#8212;&#8212;&#8212;&#8212;&#8212;&#8212;&#8212;&#8211;<br>-2023.01 negyed\u00e9v: &#8222;<strong>AM&#8221; <\/strong>kat 69,49% <strong>&#8222;A1,A2,A&#8221;<\/strong> kat 76,47 % <strong>&#8222;B&#8221; <\/strong>kateg\u00f3ri\u00e1ban: 62,86%<br>-2023.02 negyed\u00e9v: &#8222;<strong>AM&#8221; <\/strong>kat &#8212;&#8212;- % <strong>&#8222;A1,A2,A&#8221;<\/strong> kat 100 % <strong>&#8222;B&#8221; <\/strong>kateg\u00f3ri\u00e1ban: 54,35 %<br>-2023.03 negyed\u00e9v: &#8222;<strong>AM&#8221; <\/strong>kat 45,45% <strong>&#8222;A1,A2,A&#8221;<\/strong> kat 100 % <strong>&#8222;B&#8221; <\/strong>kateg\u00f3ri\u00e1ban: 75 %<br>-2023.04 negyed\u00e9v: &#8222;<strong>AM&#8221; <\/strong>kat &#8212;&#8212;-% <strong>&#8222;A1,A2,A&#8221;<\/strong> kat &#8212;&#8212;-% <strong>&#8222;B&#8221; <\/strong>kateg\u00f3ri\u00e1ban: 56,25 %<br>&#8212;&#8212;&#8212;&#8212;&#8212;&#8212;&#8212;&#8212;&#8212;&#8212;&#8212;&#8212;&#8212;&#8212;&#8212;&#8212;&#8212;&#8212;&#8212;&#8212;&#8212;&#8212;&#8212;&#8212;&#8212;&#8212;&#8212;&#8212;&#8212;&#8212;&#8212;&#8212;&#8212;&#8212;&#8212;&#8212;&#8212;&#8212;&#8212;&#8212;&#8212;&#8212;&#8212;&#8212;&#8212;&#8212;&#8212;&#8212;&#8212;&#8212;&#8211;<br>-2024. 01 negyed\u00e9v: &#8222;<strong>AM&#8221; <\/strong>kat &#8212;&#8212;-% <strong>&#8222;A1,A2,A&#8221;<\/strong> kat 70 % <strong>&#8222;B&#8221; <\/strong>kateg\u00f3ri\u00e1ban: 50 %<br>-2024. 02 negyed\u00e9v: &#8222;<strong>AM&#8221; <\/strong>kat &#8212;&#8212;-% <strong>&#8222;A1,A2,A&#8221;<\/strong> kat 76,47 % <strong>&#8222;B&#8221; <\/strong>kateg\u00f3ri\u00e1ban: 53,70 %<br>-2024. 03 negyed\u00e9v: &#8222;<strong>AM&#8221; <\/strong>kat&#8212;&#8212;&#8211;% <strong>&#8222;A1,A2,A&#8221;<\/strong> kat 82,35 % <strong>&#8222;B&#8221; <\/strong>kateg\u00f3ri\u00e1ban: 48,48 %<br>-2024. 04 negyed\u00e9v: &#8222;<strong>AM&#8221; <\/strong>kat&#8212;&#8212;&#8211;% <strong>&#8222;A1,A2,A&#8221;<\/strong> kat 70,00 % <strong>&#8222;B&#8221; <\/strong>kateg\u00f3ri\u00e1ban: 47,37 %<br>&#8212;&#8212;&#8212;&#8212;&#8212;&#8212;&#8212;&#8212;&#8212;&#8212;&#8212;&#8212;&#8212;&#8212;&#8212;&#8212;&#8212;&#8212;&#8212;&#8212;&#8212;&#8212;&#8212;&#8212;&#8212;&#8212;&#8212;&#8212;&#8212;&#8212;&#8212;&#8212;&#8212;&#8212;&#8212;&#8212;&#8212;&#8212;&#8212;&#8212;<br>-2025. 01 negyed\u00e9v: &#8222;<strong>AM&#8221; <\/strong>kat &#8212;&#8212;-% <strong>&#8222;A1,A2,A&#8221;<\/strong> kat &#8212;&#8212; % <strong>&#8222;B&#8221; <\/strong>kateg\u00f3ri\u00e1ban: 47,37 %<br>-2025. 02 negyed\u00e9v: &#8222;<strong>AM&#8221; <\/strong>kat &#8212;&#8212;-% <strong>&#8222;A1,A2,A&#8221;<\/strong> kat 81,82 % <strong>&#8222;B&#8221; <\/strong>kateg\u00f3ri\u00e1ban: 46,15 %<br>-2025. 03 negyed\u00e9v: &#8222;<strong>AM&#8221; <\/strong>kat &#8212;&#8212;-% <strong>&#8222;A1,A2,A&#8221;<\/strong> kat 70 % <strong>&#8222;B&#8221; <\/strong>kateg\u00f3ri\u00e1ban: 68,85 %<br>-2025. 04 negyed\u00e9v: &#8222;<strong>AM&#8221; <\/strong>kat &#8212;&#8212;-% <strong>&#8222;A1,A2,A&#8221;<\/strong> kat 64,29 % <strong>&#8222;B&#8221; <\/strong>kateg\u00f3ri\u00e1ban: 54,90 %<\/td><\/tr><\/tbody><\/table><\/figure>\n\n\n\n<p class=\"has-text-align-center\"><br><strong>Vizsga Sikeress\u00e9gi Mutat\u00f3, Gyakorlati vizsg\u00e1k:<\/strong><\/p>\n\n\n\n<p><strong>Szem\u00e9ly g\u00e9pkocsi (B kat) Forgalom:<\/strong><\/p>\n\n\n\n<p>2018.02. negyed\u00e9v: 70,73 %<br>2018.03. negyed\u00e9v: 54,39 %<br>2018.04. negyed\u00e9v: 63,64 %<\/p>\n\n\n\n<hr class=\"wp-block-separator has-alpha-channel-opacity\"\/>\n\n\n\n<p>2019.01. negyed\u00e9v: 65,45 %<br>2019.02. negyed\u00e9v: 49,3 %<br>2019.03. negyed\u00e9v: 59,74 %<br>2019.04. negyed\u00e9v: 52,73 %<\/p>\n\n\n\n<hr class=\"wp-block-separator has-alpha-channel-opacity\"\/>\n\n\n\n<p>2020.01. negyed\u00e9v: 35,71 %<br>2020.02. negyed\u00e9v: 42,63 %<br>2020.03. negyed\u00e9v: 66,67 %<br>2020.04. negyed\u00e9v: 76,24 %<\/p>\n\n\n\n<hr class=\"wp-block-separator has-alpha-channel-opacity\"\/>\n\n\n\n<p>2021.01. negyed\u00e9v: 72,73 %<br>2021.02. negyed\u00e9v: 72,34 %<br>2021.03. negyed\u00e9v: 67,86 %<br>2021.04. negyed\u00e9v: 69,01 %<\/p>\n\n\n\n<hr class=\"wp-block-separator has-alpha-channel-opacity\"\/>\n\n\n\n<div class=\"wp-block-group\"><div class=\"wp-block-group__inner-container is-layout-flow wp-block-group-is-layout-flow\">\n<p class=\"has-text-align-left\">2022.01. negyed\u00e9v: 64,91 %<\/p>\n\n\n\n<p class=\"has-text-align-left\">2022.02. negyed\u00e9v: 63,16 % <\/p>\n\n\n\n<p>2022.03. negyed\u00e9v: 62,5%<\/p>\n\n\n\n<p>2022.04. negyed\u00e9v: 68,29%<\/p>\n\n\n\n<hr class=\"wp-block-separator has-alpha-channel-opacity\"\/>\n\n\n\n<p>2023.01. negyed\u00e9v: 57,81 %<\/p>\n\n\n\n<p>2023.02. negyed\u00e9v: 69,84 % <\/p>\n\n\n\n<p>2023.03. negyed\u00e9v: 70,45 %<\/p>\n\n\n\n<p>2023.04. negyed\u00e9v: 61,84 %<\/p>\n\n\n\n<hr class=\"wp-block-separator has-alpha-channel-opacity\"\/>\n\n\n\n<p>2024.01. negyed\u00e9v: 56.60 %<\/p>\n\n\n\n<p>2024.02. negyed\u00e9v: 61,43 %<\/p>\n\n\n\n<p>2024.03. negyed\u00e9v: 64,94 %<\/p>\n\n\n\n<p>2024.04. negyed\u00e9v: 70,00 %<\/p>\n\n\n\n<hr class=\"wp-block-separator has-alpha-channel-opacity\"\/>\n\n\n\n<p><strong>-2025.01. negyed\u00e9v: 59,09 % <\/strong><\/p>\n\n\n\n<p><strong>-2025.02. negyed\u00e9v: 70 %<\/strong><\/p>\n\n\n\n<p><strong>-2025.03. negyed\u00e9v: 65,57 %  <\/strong><\/p>\n\n\n\n<p><strong>-2025.04. negyed\u00e9v: 68,18 %<\/strong><\/p>\n\n\n\n<p><\/p>\n\n\n\n<p><\/p>\n\n\n\n<hr class=\"wp-block-separator has-alpha-channel-opacity\"\/>\n<\/div><\/div>\n\n\n\n<p><strong>Motorker\u00e9kp\u00e1r ( AM, A1, A2, A kat) Forgalom (VSM):<\/strong><\/p>\n\n\n\n<p>2018.02. negyed\u00e9v: 100 %<br>2018.03. negyed\u00e9v: 100 %<br>2018.04. negyed\u00e9v: 100 %<\/p>\n\n\n\n<hr class=\"wp-block-separator has-alpha-channel-opacity\"\/>\n\n\n\n<p>2019.01. negyed\u00e9v: 100 %<br>2019.02. negyed\u00e9v: 95,45 %<br>2019.03. negyed\u00e9v: 100 %<br>2019.04. negyed\u00e9v: 100 %<\/p>\n\n\n\n<hr class=\"wp-block-separator has-alpha-channel-opacity\"\/>\n\n\n\n<p>2020.01. negyed\u00e9v: A korona v\u00edrus miatt nem volt motoros vizsg\u00e1ztat\u00e1s.<br>2020.02. negyed\u00e9v: 100 %<br>2020.03. negyed\u00e9v: 100 %<br>2020.04. negyed\u00e9v: 100 %<\/p>\n\n\n\n<hr class=\"wp-block-separator has-alpha-channel-opacity\"\/>\n\n\n\n<p>2021.01. negyed\u00e9v: 100 %<br>2021.02. negyed\u00e9v: 100 %<br>2021.03. negyed\u00e9v: 94,29 %<br>2021.04. negyed\u00e9v: 100 %<\/p>\n\n\n\n<hr class=\"wp-block-separator has-alpha-channel-opacity\"\/>\n\n\n\n<p>2022.01. negyed\u00e9v: nincs adat.<\/p>\n\n\n\n<p>2022.02. negyed\u00e9v: 100 %<\/p>\n\n\n\n<p>2022.03. negyed\u00e9v: 94,44%<\/p>\n\n\n\n<p>2022.04. negyed\u00e9v: 100%<\/p>\n\n\n\n<hr class=\"wp-block-separator has-alpha-channel-opacity\"\/>\n\n\n\n<div class=\"wp-block-group\"><div class=\"wp-block-group__inner-container is-layout-flow wp-block-group-is-layout-flow\">\n<div class=\"wp-block-group\"><div class=\"wp-block-group__inner-container is-layout-flow wp-block-group-is-layout-flow\">\n<div class=\"wp-block-group\"><div class=\"wp-block-group__inner-container is-layout-flow wp-block-group-is-layout-flow\">\n<p> 2023.01. negyed\u00e9v: nincs adat. <\/p>\n\n\n\n<p>2023.02. negyed\u00e9v: 100 %  <\/p>\n\n\n\n<p>2023.03. negyed\u00e9v: 100 % <\/p>\n\n\n\n<p>2023.04. negyed\u00e9v: 100 %<\/p>\n\n\n\n<hr class=\"wp-block-separator has-alpha-channel-opacity\"\/>\n\n\n\n<p>2024.01. negyed\u00e9v: nincs adat.<\/p>\n\n\n\n<p>2024.02. negyed\u00e9v: 100%<\/p>\n\n\n\n<p>2024.03. negyed\u00e9v: 86,21%<\/p>\n\n\n\n<p>2024.04. negyed\u00e9v: 100%<\/p>\n\n\n\n<hr class=\"wp-block-separator has-alpha-channel-opacity\"\/>\n\n\n\n<p><strong>2025. 01. negyed\u00e9v: nincs adat.<\/strong><\/p>\n\n\n\n<p><strong>2025. 02. negyed\u00e9v: 100%<\/strong><\/p>\n\n\n\n<p><strong>2025. 03. negyed\u00e9v: 100%<\/strong><\/p>\n\n\n\n<p><strong>2025. 04. negyed\u00e9v: 100%<\/strong><\/p>\n\n\n\n<hr class=\"wp-block-separator has-alpha-channel-opacity\"\/>\n\n\n\n<hr class=\"wp-block-separator has-alpha-channel-opacity\"\/>\n\n\n\n<figure class=\"wp-block-table is-style-stripes\"><table><tbody><tr><td><\/td><\/tr><tr><td><\/td><\/tr><tr><td><\/td><\/tr><tr><td><\/td><\/tr><tr><td><\/td><\/tr><\/tbody><\/table><figcaption class=\"wp-element-caption\">ttt<\/figcaption><\/figure>\n<\/div><\/div>\n<\/div><\/div>\n<\/div><\/div>\n\n\n\n<p><\/p>\n\n\n\n<p><\/p>\n\n\n\n<p><\/p>\n\n\n\n<p><\/p>\n\n\n\n<p><\/p>\n\n\n\n<p><\/p>\n\n\n\n<p><\/p>\n","protected":false},"excerpt":{"rendered":"<p>A vizsga sikeress\u00e9gi mutat\u00f3 c\u00e9lja, hogy l\u00e1ssuk 100 vizsg\u00e1b\u00f3l mennyi lett sikeres. Elm\u00e9leti vizsg\u00e1k: 2018.02. negyed\u00e9v: &#8222;AM, A1, A2, A&#8221; kateg\u00f3ri\u00e1ban 100%, &#8222;B&#8221; kateg\u00f3ri\u00e1ban:60.66 % a sikeres vizsga2018.03. negyed\u00e9v: &#8222;AM, A1, A2, A&#8221; kateg\u00f3ri\u00e1ban 100%, &#8222;B&#8221; kateg\u00f3ri\u00e1ban:67.09 % a sikeres vizsga2018.04. negyed\u00e9v: &#8222;AM, A1, A2, A&#8221; kateg\u00f3ri\u00e1ban 100%, &#8222;B&#8221; kateg\u00f3ri\u00e1ban:72,73 % a sikeres vizsga &#8212;&#8212;&#8212;&#8212;&#8212;&#8212;&#8212;&#8212;&#8212;&#8212;&#8212;&#8212;&#8212;&#8212;&#8212;&#8212;&#8212;&#8212;&#8212;&#8212;&#8212;&#8212;&#8212;&#8212;&#8212;&#8212;&#8212;&#8212;&#8212;&#8212;&#8212;&#8212;&#8212;&#8212;&#8212;&#8212;&#8212;&#8212;&#8212;&#8212;&#8212;&#8212;&#8212;&#8212;&#8212;&hellip;&nbsp;<a href=\"https:\/\/janik-autosiskola.hu\/?page_id=459\" rel=\"bookmark\">Read More &raquo;<span class=\"screen-reader-text\">Vizsga sikeress\u00e9gi mutat\u00f3 (V.S.M)<\/span><\/a><\/p>\n","protected":false},"author":1,"featured_media":0,"parent":0,"menu_order":0,"comment_status":"closed","ping_status":"closed","template":"","meta":{"neve_meta_sidebar":"","neve_meta_container":"","neve_meta_enable_content_width":"","neve_meta_content_width":0,"neve_meta_title_alignment":"","neve_meta_author_avatar":"","neve_post_elements_order":"","neve_meta_disable_header":"","neve_meta_disable_footer":"","neve_meta_disable_title":"","footnotes":""},"class_list":["post-459","page","type-page","status-publish","hentry"],"_links":{"self":[{"href":"https:\/\/janik-autosiskola.hu\/index.php?rest_route=\/wp\/v2\/pages\/459","targetHints":{"allow":["GET"]}}],"collection":[{"href":"https:\/\/janik-autosiskola.hu\/index.php?rest_route=\/wp\/v2\/pages"}],"about":[{"href":"https:\/\/janik-autosiskola.hu\/index.php?rest_route=\/wp\/v2\/types\/page"}],"author":[{"embeddable":true,"href":"https:\/\/janik-autosiskola.hu\/index.php?rest_route=\/wp\/v2\/users\/1"}],"replies":[{"embeddable":true,"href":"https:\/\/janik-autosiskola.hu\/index.php?rest_route=%2Fwp%2Fv2%2Fcomments&post=459"}],"version-history":[{"count":41,"href":"https:\/\/janik-autosiskola.hu\/index.php?rest_route=\/wp\/v2\/pages\/459\/revisions"}],"predecessor-version":[{"id":971,"href":"https:\/\/janik-autosiskola.hu\/index.php?rest_route=\/wp\/v2\/pages\/459\/revisions\/971"}],"wp:attachment":[{"href":"https:\/\/janik-autosiskola.hu\/index.php?rest_route=%2Fwp%2Fv2%2Fmedia&parent=459"}],"curies":[{"name":"wp","href":"https:\/\/api.w.org\/{rel}","templated":true}]}}