{"id":75,"date":"2020-01-27T08:29:32","date_gmt":"2020-01-27T08:29:32","guid":{"rendered":"https:\/\/demosites.io\/web-agency-gb\/?page_id=75"},"modified":"2023-10-20T06:37:52","modified_gmt":"2023-10-20T06:37:52","slug":"15c42-web-agency-gb-contact-us","status":"publish","type":"page","link":"https:\/\/janik-autosiskola.hu\/?page_id=75","title":{"rendered":"Kapcsolat"},"content":{"rendered":"\n<div class=\"wp-block-cover alignfull\" style=\"min-height:420px;aspect-ratio:unset;\"><span aria-hidden=\"true\" class=\"wp-block-cover__background has-nv-light-bg-background-color has-background-dim-100 has-background-dim\"><\/span><div class=\"wp-block-cover__inner-container is-layout-flow wp-block-cover-is-layout-flow\"><div class=\"wp-block-image\">\n<figure class=\"aligncenter size-full\"><img loading=\"lazy\" decoding=\"async\" width=\"1000\" height=\"667\" src=\"https:\/\/janik-autosiskola.hu\/wp-content\/uploads\/2022\/04\/Andras2.jpg\" alt=\"\" class=\"wp-image-355\" srcset=\"https:\/\/janik-autosiskola.hu\/wp-content\/uploads\/2022\/04\/Andras2.jpg 1000w, https:\/\/janik-autosiskola.hu\/wp-content\/uploads\/2022\/04\/Andras2-300x200.jpg 300w, https:\/\/janik-autosiskola.hu\/wp-content\/uploads\/2022\/04\/Andras2-768x512.jpg 768w, https:\/\/janik-autosiskola.hu\/wp-content\/uploads\/2022\/04\/Andras2-930x620.jpg 930w\" sizes=\"auto, (max-width: 1000px) 100vw, 1000px\" \/><\/figure>\n<\/div>\n\n\n<div class=\"wp-block-columns is-layout-flex wp-container-core-columns-is-layout-9d6595d7 wp-block-columns-is-layout-flex\">\n<div class=\"wp-block-column ticss-4ce656f1 is-layout-flow wp-block-column-is-layout-flow\">\n<div style=\"height:24px\" aria-hidden=\"true\" class=\"wp-block-spacer\"><\/div>\n\n\n<div class=\"wp-block-image icon-style is-style-default\">\n<figure class=\"aligncenter size-large\"><img loading=\"lazy\" decoding=\"async\" width=\"63\" height=\"63\" src=\"https:\/\/janik-autosiskola.hu\/wp-content\/uploads\/2021\/06\/phone-sm.png\" alt=\"\" class=\"wp-image-304\"\/><\/figure>\n<\/div>\n\n\n<h3 class=\"wp-block-heading has-text-align-center has-neve-text-color-color has-text-color\">Janik Andr\u00e1s <\/h3>\n\n\n\n<p class=\"has-text-align-center has-neve-text-color-color has-text-color\" style=\"font-size:25px\"><a href=\"tel:+36304927514\" data-type=\"tel\">+36 30 492-7514<\/a><\/p>\n\n\n\n<div style=\"height:24px\" aria-hidden=\"true\" class=\"wp-block-spacer\"><\/div>\n<\/div>\n\n\n\n<div class=\"wp-block-column ticss-f6fc7494 is-layout-flow wp-block-column-is-layout-flow\">\n<div style=\"height:24px\" aria-hidden=\"true\" class=\"wp-block-spacer\"><\/div>\n\n\n<div class=\"wp-block-image icon-style is-style-default\">\n<figure class=\"aligncenter size-large\"><img decoding=\"async\" src=\"https:\/\/janik-autosiskola.hu\/wp-content\/uploads\/2021\/06\/email-sm.png\" alt=\"\" class=\"wp-image-306\"\/><\/figure>\n<\/div>\n\n\n<h3 class=\"wp-block-heading has-text-align-center has-neve-text-color-color has-text-color\">E-mail<\/h3>\n\n\n\n<p class=\"has-text-align-center has-neve-text-color-color has-text-color has-medium-font-size\"><a href=\"mailto: abonyi.autosiskola@t-online.hu\" data-type=\"mailto\">\u00dczenet k\u00fcld\u00e9se<\/a><\/p>\n\n\n\n<div style=\"height:24px\" aria-hidden=\"true\" class=\"wp-block-spacer\"><\/div>\n<\/div>\n\n\n\n<div class=\"wp-block-column ticss-f6fc7494 is-layout-flow wp-block-column-is-layout-flow\">\n<div style=\"height:24px\" aria-hidden=\"true\" class=\"wp-block-spacer\"><\/div>\n\n\n<div class=\"wp-block-image\">\n<figure class=\"aligncenter size-large is-resized\"><img loading=\"lazy\" decoding=\"async\" width=\"1024\" height=\"1024\" src=\"https:\/\/janik-autosiskola.hu\/wp-content\/uploads\/2022\/04\/Facebook_icon_2013.svg_-1024x1024.png\" alt=\"\" class=\"wp-image-479\" style=\"width:65px;height:65px\" srcset=\"https:\/\/janik-autosiskola.hu\/wp-content\/uploads\/2022\/04\/Facebook_icon_2013.svg_.png 1024w, https:\/\/janik-autosiskola.hu\/wp-content\/uploads\/2022\/04\/Facebook_icon_2013.svg_-300x300.png 300w, https:\/\/janik-autosiskola.hu\/wp-content\/uploads\/2022\/04\/Facebook_icon_2013.svg_-150x150.png 150w, https:\/\/janik-autosiskola.hu\/wp-content\/uploads\/2022\/04\/Facebook_icon_2013.svg_-768x768.png 768w\" sizes=\"auto, (max-width: 1024px) 100vw, 1024px\" \/><\/figure>\n<\/div>\n\n\n<h3 class=\"wp-block-heading has-text-align-center has-neve-text-color-color has-text-color\">Facebook<\/h3>\n\n\n\n<p class=\"has-text-align-center has-neve-text-color-color has-text-color has-medium-font-size\"><a href=\"https:\/\/www.facebook.com\/Abonyi-Aut%C3%B3siskola-JANIK-101294378686320\" target=\"_blank\" rel=\"noreferrer noopener\">Janik Aut\u00f3siskola<\/a><\/p>\n\n\n\n<div style=\"height:24px\" aria-hidden=\"true\" class=\"wp-block-spacer\"><\/div>\n<\/div>\n<\/div>\n<\/div><\/div>\n\n\n\n<div style=\"height:41px\" aria-hidden=\"true\" class=\"wp-block-spacer\"><\/div>\n\n\n\n<h2 class=\"wp-block-heading has-text-align-center\">Tantermi c\u00edm<\/h2>\n\n\n\n<p class=\"has-text-align-center\">2740 Abony, Nagyk\u0151r\u00f6si \u00fat 10\/a. <\/p>\n\n\n\n<p class=\"has-text-align-center\">Nyitva: 30-492-7514<\/p>\n\n\n\n<p class=\"has-text-align-center\">                                                                          <\/p>\n\n\n\n<div class=\"maps\"><iframe src=\"https:\/\/www.google.com\/maps\/embed?pb=!1m18!1m12!1m3!1d2711.5542296876797!2d19.99845991577962!3d47.18616372491939!2m3!1f0!2f0!3f0!3m2!1i1024!2i768!4f13.1!3m3!1m2!1s0x47416956f0d3b209%3A0xb878a3cbd527be2c!2zQWJvbnksIEphbmlrIEFuZHLDoXMgRS5WLiBBdXTDs3Npc2tvbMOhamEsIE5hZ3lrxZFyw7ZzaSDDunQgMTAvYSwgMjc0MA!5e0!3m2!1shu!2shu!4v1649940183657!5m2!1shu!2shu\" style=\"border:0;\" allowfullscreen=\"\" loading=\"lazy\" referrerpolicy=\"no-referrer-when-downgrade\" width=\"600\" height=\"450\"><\/iframe><\/div>\n\n\n\n<div style=\"height:100px\" aria-hidden=\"true\" class=\"wp-block-spacer\"><\/div>\n\n\n\n<h2 class=\"wp-block-heading has-text-align-center\">Iroda<\/h2>\n\n\n\n<p class=\"has-text-align-center\">2740 Abony, Kossuth Ferenc utca 2. (Bej\u00e1rat a Nagyk\u0151r\u00f6si \u00fat fel\u0151l)<\/p>\n\n\n\n<p class=\"has-text-align-center\"><strong>Nyitvatart\u00e1si Id\u0151: <\/strong><\/p>\n\n\n\n<p class=\"has-text-align-center\">D\u00e9lel\u0151tt:<\/p>\n\n\n\n<p class=\"has-text-align-center\"> <strong>H\u00e9tf\u0151 &#8211; szerda &#8211; p\u00e9ntek: 08,00 \u00f3r\u00e1t\u00f3l 12,00 \u00f3r\u00e1ig<\/strong>,<\/p>\n\n\n\n<p class=\"has-text-align-center\">D\u00e9lut\u00e1n:<\/p>\n\n\n\n<p class=\"has-text-align-center\"> <strong>Kedd &#8211; Cs\u00fct\u00f6rt\u00f6k &#8211; p\u00e9ntek 14,00 \u00f3r\u00e1t\u00f3l 18,00 \u00f3r\u00e1ig,<\/strong><\/p>\n\n\n\n<p class=\"has-text-align-center\"><strong> <\/strong><\/p>\n\n\n\n<div class=\"maps\"><iframe src=\"https:\/\/www.google.com\/maps\/embed?pb=!1m18!1m12!1m3!1d1355.7577756432256!2d20.002212309290304!3d47.18692090000001!2m3!1f0!2f0!3f0!3m2!1i1024!2i768!4f13.1!3m3!1m2!1s0x47416957b0e60213%3A0x5b402c210f416990!2sAbony%2C%20Kossuth%20Ferenc%20u.%202%2C%202740!5e0!3m2!1shu!2shu!4v1649940271379!5m2!1shu!2shu\" style=\"border:0;\" allowfullscreen=\"\" loading=\"lazy\" referrerpolicy=\"no-referrer-when-downgrade\" width=\"600\" height=\"450\"><\/iframe><\/div>\n\n\n\n<div class=\"wp-block-cover alignfull\" style=\"min-height:600px;aspect-ratio:unset;\"><span aria-hidden=\"true\" class=\"wp-block-cover__background has-nv-dark-bg-background-color has-background-dim-100 has-background-dim\"><\/span><div class=\"wp-block-cover__inner-container is-layout-flow wp-block-cover-is-layout-flow\">\n<div class=\"wp-block-group\"><div class=\"wp-block-group__inner-container is-layout-flow wp-block-group-is-layout-flow\">\n<div style=\"height:80px\" aria-hidden=\"true\" class=\"wp-block-spacer\"><\/div>\n\n\n\n<div class=\"wp-block-columns is-layout-flex wp-container-core-columns-is-layout-9d6595d7 wp-block-columns-is-layout-flex\">\n<div class=\"wp-block-column is-layout-flow wp-block-column-is-layout-flow\" style=\"flex-basis:50%\">\n<h2 class=\"wp-block-heading has-nv-text-dark-bg-color has-text-color\">Nem tal\u00e1lt v\u00e1laszt a k\u00e9rd\u00e9s\u00e9re?<\/h2>\n\n\n\n<p>Vegye fel vel\u00fcnk a kapcsolatot \u00e9s v\u00e1laszolunk minden k\u00e9rd\u00e9s\u00e9re.<\/p>\n<\/div>\n\n\n\n<div class=\"wp-block-column is-vertically-aligned-center is-layout-flow wp-block-column-is-layout-flow\" style=\"flex-basis:50%\">\n<div class=\"wp-block-contact-form-7-contact-form-selector\">\n<div class=\"wpcf7 no-js\" id=\"wpcf7-f502-o1\" lang=\"hu-HU\" dir=\"ltr\" data-wpcf7-id=\"502\">\n<div class=\"screen-reader-response\"><p role=\"status\" aria-live=\"polite\" aria-atomic=\"true\"><\/p> <ul><\/ul><\/div>\n<form action=\"\/index.php?rest_route=%2Fwp%2Fv2%2Fpages%2F75#wpcf7-f502-o1\" method=\"post\" class=\"wpcf7-form init\" aria-label=\"Kapcsolatfelv\u00e9teli \u0171rlap\" novalidate=\"novalidate\" data-status=\"init\">\n<fieldset class=\"hidden-fields-container\"><input type=\"hidden\" name=\"_wpcf7\" value=\"502\" \/><input type=\"hidden\" name=\"_wpcf7_version\" value=\"6.1.5\" \/><input type=\"hidden\" name=\"_wpcf7_locale\" value=\"hu_HU\" \/><input type=\"hidden\" name=\"_wpcf7_unit_tag\" value=\"wpcf7-f502-o1\" \/><input type=\"hidden\" name=\"_wpcf7_container_post\" value=\"0\" \/><input type=\"hidden\" name=\"_wpcf7_posted_data_hash\" value=\"\" \/>\n<\/fieldset>\n<p><label> N\u00e9v<br \/>\n<span class=\"wpcf7-form-control-wrap\" data-name=\"your-name\"><input size=\"40\" maxlength=\"400\" class=\"wpcf7-form-control wpcf7-text wpcf7-validates-as-required\" aria-required=\"true\" aria-invalid=\"false\" value=\"\" type=\"text\" name=\"your-name\" \/><\/span> <\/label>\n<\/p>\n<p><label> E-mail c\u00edm<br \/>\n<span class=\"wpcf7-form-control-wrap\" data-name=\"your-email\"><input size=\"40\" maxlength=\"400\" class=\"wpcf7-form-control wpcf7-email wpcf7-validates-as-required wpcf7-text wpcf7-validates-as-email\" aria-required=\"true\" aria-invalid=\"false\" value=\"\" type=\"email\" name=\"your-email\" \/><\/span> <\/label>\n<\/p>\n<p><label> Telefonsz\u00e1m<br \/>\n<span class=\"wpcf7-form-control-wrap\" data-name=\"tel-71\"><input size=\"40\" maxlength=\"400\" class=\"wpcf7-form-control wpcf7-tel wpcf7-validates-as-required wpcf7-text wpcf7-validates-as-tel\" aria-required=\"true\" aria-invalid=\"false\" value=\"\" type=\"tel\" name=\"tel-71\" \/><\/span><\/label>\n<\/p>\n<p><label> T\u00e1rgy<br \/>\n<span class=\"wpcf7-form-control-wrap\" data-name=\"menu-840\"><select class=\"wpcf7-form-control wpcf7-select\" aria-invalid=\"false\" name=\"menu-840\"><option value=\"&quot;A&quot; kateg\u00f3ria jelentkez\u00e9s\">&quot;A&quot; kateg\u00f3ria jelentkez\u00e9s<\/option><option value=\"&quot;A1&quot; kateg\u00f3ria jelentkez\u00e9s\">&quot;A1&quot; kateg\u00f3ria jelentkez\u00e9s<\/option><option value=\"&quot;A2&quot; kateg\u00f3ria jelentkez\u00e9s\">&quot;A2&quot; kateg\u00f3ria jelentkez\u00e9s<\/option><option value=\"&quot;AM&quot; kateg\u00f3ria jelentkez\u00e9s\">&quot;AM&quot; kateg\u00f3ria jelentkez\u00e9s<\/option><option value=\"&quot;B&quot; kateg\u00f3ria jelentkez\u00e9s\">&quot;B&quot; kateg\u00f3ria jelentkez\u00e9s<\/option><option value=\"Egy\u00e9b k\u00e9rd\u00e9s\">Egy\u00e9b k\u00e9rd\u00e9s<\/option><\/select><\/span> <\/label>\n<\/p>\n<p><label> \u00dczenet (nem k\u00f6telez\u0151)<br \/>\n<span class=\"wpcf7-form-control-wrap\" data-name=\"your-message\"><textarea cols=\"40\" rows=\"10\" maxlength=\"2000\" class=\"wpcf7-form-control wpcf7-textarea\" aria-invalid=\"false\" name=\"your-message\"><\/textarea><\/span> <\/label>\n<\/p>\n<p><input class=\"wpcf7-form-control wpcf7-submit has-spinner\" type=\"submit\" value=\"K\u00fcld\u00e9s\" \/>\n<\/p><div class=\"wpcf7-response-output\" aria-hidden=\"true\"><\/div>\n<\/form>\n<\/div>\n<\/div>\n<\/div>\n<\/div>\n<\/div><\/div>\n<\/div><\/div>\n\n\n\n<p><\/p>\n","protected":false},"excerpt":{"rendered":"<p>Tantermi c\u00edm 2740 Abony, Nagyk\u0151r\u00f6si \u00fat 10\/a. Nyitva: 30-492-7514 Iroda 2740 Abony, Kossuth Ferenc utca 2. (Bej\u00e1rat a Nagyk\u0151r\u00f6si \u00fat fel\u0151l) Nyitvatart\u00e1si Id\u0151: D\u00e9lel\u0151tt: H\u00e9tf\u0151 &#8211; szerda &#8211; p\u00e9ntek: 08,00 \u00f3r\u00e1t\u00f3l 12,00 \u00f3r\u00e1ig, D\u00e9lut\u00e1n: Kedd &#8211; Cs\u00fct\u00f6rt\u00f6k &#8211; p\u00e9ntek 14,00 \u00f3r\u00e1t\u00f3l 18,00 \u00f3r\u00e1ig,<\/p>\n","protected":false},"author":1,"featured_media":0,"parent":0,"menu_order":0,"comment_status":"closed","ping_status":"closed","template":"","meta":{"neve_meta_sidebar":"default","neve_meta_container":"","neve_meta_enable_content_width":"on","neve_meta_content_width":100,"neve_meta_title_alignment":"","neve_meta_author_avatar":"","neve_post_elements_order":"","neve_meta_disable_header":"","neve_meta_disable_footer":"","neve_meta_disable_title":"on","footnotes":""},"class_list":["post-75","page","type-page","status-publish","hentry"],"_links":{"self":[{"href":"https:\/\/janik-autosiskola.hu\/index.php?rest_route=\/wp\/v2\/pages\/75","targetHints":{"allow":["GET"]}}],"collection":[{"href":"https:\/\/janik-autosiskola.hu\/index.php?rest_route=\/wp\/v2\/pages"}],"about":[{"href":"https:\/\/janik-autosiskola.hu\/index.php?rest_route=\/wp\/v2\/types\/page"}],"author":[{"embeddable":true,"href":"https:\/\/janik-autosiskola.hu\/index.php?rest_route=\/wp\/v2\/users\/1"}],"replies":[{"embeddable":true,"href":"https:\/\/janik-autosiskola.hu\/index.php?rest_route=%2Fwp%2Fv2%2Fcomments&post=75"}],"version-history":[{"count":31,"href":"https:\/\/janik-autosiskola.hu\/index.php?rest_route=\/wp\/v2\/pages\/75\/revisions"}],"predecessor-version":[{"id":755,"href":"https:\/\/janik-autosiskola.hu\/index.php?rest_route=\/wp\/v2\/pages\/75\/revisions\/755"}],"wp:attachment":[{"href":"https:\/\/janik-autosiskola.hu\/index.php?rest_route=%2Fwp%2Fv2%2Fmedia&parent=75"}],"curies":[{"name":"wp","href":"https:\/\/api.w.org\/{rel}","templated":true}]}}